{"id":477,"date":"2015-12-30T10:47:00","date_gmt":"2015-12-30T12:47:00","guid":{"rendered":"https:\/\/jundiai.sp.gov.br\/servicos-publicos\/?page_id=477"},"modified":"2021-10-08T14:45:05","modified_gmt":"2021-10-08T17:45:05","slug":"parque-ecologico-morada-das-vinhas-jose-roberto-mota-barroca","status":"publish","type":"page","link":"https:\/\/jundiai.sp.gov.br\/infraestrutura-e-servicos-publicos\/parques-municipais\/parque-ecologico-morada-das-vinhas-jose-roberto-mota-barroca\/","title":{"rendered":"Parque Ecol\u00f3gico Morada das Vinhas Jos\u00e9 Roberto Mota \u2018Barroca\u2019"},"content":{"rendered":"<div id=\"attachment_484\" style=\"width: 410px\" class=\"wp-caption alignright\"><a href=\"https:\/\/jundiai.sp.gov.br\/infraestrutura-e-servicos-publicos\/wp-content\/uploads\/sites\/18\/2015\/12\/Pq_Morada_Vinhas_P_2.jpg\"><img loading=\"lazy\" decoding=\"async\" aria-describedby=\"caption-attachment-484\" class=\"size-large wp-image-484\" src=\"https:\/\/jundiai.sp.gov.br\/infraestrutura-e-servicos-publicos\/wp-content\/uploads\/sites\/18\/2015\/12\/Pq_Morada_Vinhas_P_2-720x513.jpg\" alt=\"Local conta tamb\u00e9m com academia ao ar livre\" width=\"400\" height=\"350\" \/><\/a><p id=\"caption-attachment-484\" class=\"wp-caption-text\">Local conta tamb\u00e9m com academia ao ar livre<\/p><\/div>\n<p>O <strong>Parque Ecol\u00f3gico Morada das Vinhas Jos\u00e9 Roberto Mota \u2018Barroca\u2019<\/strong>, um\u00a0local onde antes havia um ponto ilegal de descarte de entulho, possui uma <strong>pista de caminhada, de 800 metros<\/strong> feita com <strong>material reciclado<\/strong> no <strong>Centro de Gerenciamento de Res\u00edduos S\u00f3lidos (Geresol). A cal\u00e7ada da \u00e1rea externa tamb\u00e9m<\/strong>.<\/p>\n<p>Tamb\u00e9m \u00e9 poss\u00edvel <strong>levar animais de estima\u00e7\u00e3o para passear dentro do local<\/strong>, pelo programa <strong>Vamos Juntos ao Parque<\/strong>.<\/p>\n<p>O local conta tamb\u00e9m com <strong>academia ao ar livre; equipamento adaptado para pessoas com defici\u00eancia; playground com brinquedo adaptado para crian\u00e7a com defici\u00eancia; casa de escoteiro para um grupo que se instalar\u00e1 no local; horta com plantas medicinais; campo de malha; espa\u00e7o para leitura; deck panor\u00e2mico; ponte de madeira suspensa; exposi\u00e7\u00e3o permanente de grafite<\/strong>.<\/p>\n<div id=\"attachment_490\" style=\"width: 730px\" class=\"wp-caption aligncenter\"><a href=\"https:\/\/jundiai.sp.gov.br\/infraestrutura-e-servicos-publicos\/wp-content\/uploads\/sites\/18\/2015\/12\/Pq_Morada_Vinhas_P_0.jpg\"><img loading=\"lazy\" decoding=\"async\" aria-describedby=\"caption-attachment-490\" class=\"size-large wp-image-490\" src=\"https:\/\/jundiai.sp.gov.br\/infraestrutura-e-servicos-publicos\/wp-content\/uploads\/sites\/18\/2015\/12\/Pq_Morada_Vinhas_P_0-720x483.jpg\" alt=\"Parque conta ainda com ponte de madeira suspensa\" width=\"720\" height=\"483\" srcset=\"https:\/\/jundiai.sp.gov.br\/infraestrutura-e-servicos-publicos\/wp-content\/uploads\/sites\/18\/2015\/12\/Pq_Morada_Vinhas_P_0-720x483.jpg 720w, https:\/\/jundiai.sp.gov.br\/infraestrutura-e-servicos-publicos\/wp-content\/uploads\/sites\/18\/2015\/12\/Pq_Morada_Vinhas_P_0-300x201.jpg 300w, https:\/\/jundiai.sp.gov.br\/infraestrutura-e-servicos-publicos\/wp-content\/uploads\/sites\/18\/2015\/12\/Pq_Morada_Vinhas_P_0.jpg 1240w\" sizes=\"auto, (max-width: 720px) 100vw, 720px\" \/><\/a><p id=\"caption-attachment-490\" class=\"wp-caption-text\">Parque conta ainda com ponte de madeira suspensa<\/p><\/div>\n<p>Parque Ecol\u00f3gico Morada das Vinhas Jos\u00e9 Roberto Mota \u2018Barroca\u2019 fica na <strong>Avenida Uva Niagara, sem n\u00ba.\u00a0<\/strong><\/p>\n<p><strong>Aberto diariamente das 6h \u00e0s 17h.\u00a0<\/strong><\/p>\n","protected":false},"excerpt":{"rendered":"<p>O Parque Ecol\u00f3gico Morada das Vinhas Jos\u00e9 Roberto Mota \u2018Barroca\u2019, um\u00a0local onde antes havia um ponto ilegal de descarte de entulho, possui uma pista de caminhada, de 800 metros feita com material reciclado no Centro de Gerenciamento de Res\u00edduos S\u00f3lidos (Geresol). A cal\u00e7ada da \u00e1rea externa tamb\u00e9m. Tamb\u00e9m \u00e9 poss\u00edvel levar animais de estima\u00e7\u00e3o para [&hellip;]<\/p>\n","protected":false},"author":14,"featured_media":0,"parent":399,"menu_order":8,"comment_status":"closed","ping_status":"closed","template":"","meta":{"footnotes":""},"class_list":["post-477","page","type-page","status-publish","hentry"],"_links":{"self":[{"href":"https:\/\/jundiai.sp.gov.br\/infraestrutura-e-servicos-publicos\/wp-json\/wp\/v2\/pages\/477","targetHints":{"allow":["GET"]}}],"collection":[{"href":"https:\/\/jundiai.sp.gov.br\/infraestrutura-e-servicos-publicos\/wp-json\/wp\/v2\/pages"}],"about":[{"href":"https:\/\/jundiai.sp.gov.br\/infraestrutura-e-servicos-publicos\/wp-json\/wp\/v2\/types\/page"}],"author":[{"embeddable":true,"href":"https:\/\/jundiai.sp.gov.br\/infraestrutura-e-servicos-publicos\/wp-json\/wp\/v2\/users\/14"}],"replies":[{"embeddable":true,"href":"https:\/\/jundiai.sp.gov.br\/infraestrutura-e-servicos-publicos\/wp-json\/wp\/v2\/comments?post=477"}],"version-history":[{"count":17,"href":"https:\/\/jundiai.sp.gov.br\/infraestrutura-e-servicos-publicos\/wp-json\/wp\/v2\/pages\/477\/revisions"}],"predecessor-version":[{"id":2780,"href":"https:\/\/jundiai.sp.gov.br\/infraestrutura-e-servicos-publicos\/wp-json\/wp\/v2\/pages\/477\/revisions\/2780"}],"up":[{"embeddable":true,"href":"https:\/\/jundiai.sp.gov.br\/infraestrutura-e-servicos-publicos\/wp-json\/wp\/v2\/pages\/399"}],"wp:attachment":[{"href":"https:\/\/jundiai.sp.gov.br\/infraestrutura-e-servicos-publicos\/wp-json\/wp\/v2\/media?parent=477"}],"curies":[{"name":"wp","href":"https:\/\/api.w.org\/{rel}","templated":true}]}}