{"id":4958,"date":"2026-04-14T15:52:16","date_gmt":"2026-04-14T18:52:16","guid":{"rendered":"https:\/\/jundiai.sp.gov.br\/infraestrutura-e-servicos-publicos\/?page_id=4958"},"modified":"2026-04-14T16:27:44","modified_gmt":"2026-04-14T19:27:44","slug":"revisao-do-plano-municipal-de-saneamento-basico-pmsb","status":"publish","type":"page","link":"https:\/\/jundiai.sp.gov.br\/infraestrutura-e-servicos-publicos\/revisao-do-plano-municipal-de-saneamento-basico-pmsb\/","title":{"rendered":"Revis\u00e3o do Plano Municipal de Saneamento B\u00e1sico &#8211; PMSB"},"content":{"rendered":"\n<p><strong>Revis\u00e3o do Plano Municipal de Saneamento B\u00e1sico (PMSB)<\/strong><\/p>\n\n\n\n<p>A Prefeitura de Jundia\u00ed iniciou em abril de 2026 o processo de revis\u00e3o do Plano Municipal de Saneamento B\u00e1sico (PMSB), instrumento estrat\u00e9gico que orienta o planejamento, a organiza\u00e7\u00e3o e a presta\u00e7\u00e3o dos servi\u00e7os de saneamento no munic\u00edpio. O PMSB abrange quatro eixos fundamentais: abastecimento de \u00e1gua, esgotamento sanit\u00e1rio, manejo de res\u00edduos s\u00f3lidos e drenagem urbana, sendo essencial para garantir a qualidade de vida da popula\u00e7\u00e3o, a prote\u00e7\u00e3o ambiental e o desenvolvimento sustent\u00e1vel da cidade.<\/p>\n\n\n\n<p>A revis\u00e3o do plano contempla a realiza\u00e7\u00e3o de diagn\u00f3sticos atualizados, a defini\u00e7\u00e3o de metas, programas e a\u00e7\u00f5es, al\u00e9m da constru\u00e7\u00e3o de um planejamento de longo prazo, alinhado \u00e0s necessidades atuais e futuras do munic\u00edpio. O processo \u00e9 conduzido com base em metodologia t\u00e9cnica especializada, incluindo etapas estruturadas, cronograma definido e mecanismos de participa\u00e7\u00e3o social, assegurando transpar\u00eancia e escuta ativa da popula\u00e7\u00e3o.<\/p>\n\n\n\n<p>O PMSB \u00e9 um instrumento obrigat\u00f3rio conforme o marco legal do saneamento (Lei n\u00ba 14.026\/2020) e sua atualiza\u00e7\u00e3o \u00e9 condi\u00e7\u00e3o indispens\u00e1vel para o acesso a recursos, celebra\u00e7\u00e3o de conv\u00eanios e adequada presta\u00e7\u00e3o dos servi\u00e7os p\u00fablicos. Al\u00e9m disso, orienta investimentos, amplia a efici\u00eancia da gest\u00e3o e contribui para a universaliza\u00e7\u00e3o do saneamento b\u00e1sico.<\/p>\n\n\n\n<p>A revis\u00e3o do PMSB tamb\u00e9m se alinha \u00e0s diretrizes dos Comit\u00eas PCJ e ao Plano de Bacias 2020\u20132035, garantindo que o planejamento municipal esteja integrado \u00e0s pol\u00edticas regionais de recursos h\u00eddricos e \u00e0s exig\u00eancias legais e institucionais vigentes.<\/p>\n\n\n\n<p><strong>Not\u00edcias<\/strong><\/p>\n\n\n\n<p><a href=\"https:\/\/jundiai.sp.gov.br\/noticias\/2026\/04\/07\/jundiai-planeja-o-futuro-prefeitura-e-dae-iniciam-novo-plano-para-garantir-agua-as-futuras-geracoes\/\">Jundia\u00ed planeja o futuro: Prefeitura e DAE iniciam novo plano para garantir \u00e1gua \u00e0s futuras gera\u00e7\u00f5es<br><\/a><\/p>\n","protected":false},"excerpt":{"rendered":"<p>Revis\u00e3o do Plano Municipal de Saneamento B\u00e1sico (PMSB) A Prefeitura de Jundia\u00ed iniciou em abril de 2026 o processo de revis\u00e3o do Plano Municipal de Saneamento B\u00e1sico (PMSB), instrumento estrat\u00e9gico que orienta o planejamento, a organiza\u00e7\u00e3o e a presta\u00e7\u00e3o dos servi\u00e7os de saneamento no munic\u00edpio. O PMSB abrange quatro eixos fundamentais: abastecimento de \u00e1gua, esgotamento [&hellip;]<\/p>\n","protected":false},"author":52,"featured_media":0,"parent":0,"menu_order":0,"comment_status":"closed","ping_status":"closed","template":"","meta":{"footnotes":""},"class_list":["post-4958","page","type-page","status-publish","hentry"],"_links":{"self":[{"href":"https:\/\/jundiai.sp.gov.br\/infraestrutura-e-servicos-publicos\/wp-json\/wp\/v2\/pages\/4958","targetHints":{"allow":["GET"]}}],"collection":[{"href":"https:\/\/jundiai.sp.gov.br\/infraestrutura-e-servicos-publicos\/wp-json\/wp\/v2\/pages"}],"about":[{"href":"https:\/\/jundiai.sp.gov.br\/infraestrutura-e-servicos-publicos\/wp-json\/wp\/v2\/types\/page"}],"author":[{"embeddable":true,"href":"https:\/\/jundiai.sp.gov.br\/infraestrutura-e-servicos-publicos\/wp-json\/wp\/v2\/users\/52"}],"replies":[{"embeddable":true,"href":"https:\/\/jundiai.sp.gov.br\/infraestrutura-e-servicos-publicos\/wp-json\/wp\/v2\/comments?post=4958"}],"version-history":[{"count":4,"href":"https:\/\/jundiai.sp.gov.br\/infraestrutura-e-servicos-publicos\/wp-json\/wp\/v2\/pages\/4958\/revisions"}],"predecessor-version":[{"id":4964,"href":"https:\/\/jundiai.sp.gov.br\/infraestrutura-e-servicos-publicos\/wp-json\/wp\/v2\/pages\/4958\/revisions\/4964"}],"wp:attachment":[{"href":"https:\/\/jundiai.sp.gov.br\/infraestrutura-e-servicos-publicos\/wp-json\/wp\/v2\/media?parent=4958"}],"curies":[{"name":"wp","href":"https:\/\/api.w.org\/{rel}","templated":true}]}}