{"id":498,"date":"2016-01-12T11:47:21","date_gmt":"2016-01-12T13:47:21","guid":{"rendered":"https:\/\/jundiai.sp.gov.br\/servicos-publicos\/?page_id=498"},"modified":"2021-11-17T18:11:22","modified_gmt":"2021-11-17T21:11:22","slug":"unidade-de-desenvolvimento-municipal-unidam","status":"publish","type":"page","link":"https:\/\/jundiai.sp.gov.br\/infraestrutura-e-servicos-publicos\/parques-municipais\/unidade-de-desenvolvimento-municipal-unidam\/","title":{"rendered":"Unidade de Desenvolvimento Ambiental (Unidam)"},"content":{"rendered":"<p><a href=\"https:\/\/jundiai.sp.gov.br\/infraestrutura-e-servicos-publicos\/wp-content\/uploads\/sites\/18\/2016\/01\/UNIDAM_HDR_6G.jpg\"><img loading=\"lazy\" decoding=\"async\" class=\"size-large wp-image-510\" src=\"https:\/\/jundiai.sp.gov.br\/infraestrutura-e-servicos-publicos\/wp-content\/uploads\/sites\/18\/2016\/01\/UNIDAM_HDR_6G-720x511.jpg\" alt=\"aberta \u00e0 popula\u00e7\u00e3o diariamente, das 7h30 \u00e0s 17h\" width=\"400\" height=\"350\" \/><\/a><\/p>\n<p>A <strong>Unidade de Desenvolvimento Ambiental (Unidam)<\/strong> \u00e9 o local onde \u00e9 desenvolvido o <strong>cultivo de plantas ornamentais e arb\u00f3reas<\/strong>, cujos <strong>mais de 170 tipos de mudas<\/strong> s\u00e3o usados em <strong>pra\u00e7as, jardins, cal\u00e7adas e pr\u00f3prios p\u00fablicos<\/strong> para o <strong>paisagismo<\/strong> e o <strong>reflorestamento<\/strong> da cidade.<\/p>\n<p>Al\u00e9m disso, a Unidam possui uma <strong>horta<\/strong> e conta com uma <strong>academia ao ar livre<\/strong> e uma <strong>pista de caminhada.<\/strong><\/p>\n<p>O local conta ainda com uma <strong>usina de compostagem<\/strong>, que transforma <strong>galhos de poda em substrato para as plantas<\/strong>.<\/p>\n<p>Na Unidam \u00e9 tamb\u00e9m desenvolvido o programa <a href=\"https:\/\/jundiai.sp.gov.br\/infraestrutura-e-servicos-publicos\/limpeza-publica\/residuos-solidos\/reciclagem\/delicia-de-reciclagem\/\">Del\u00edcia de Reciclagem<\/a>\u00a0pelo qual a <strong>popula\u00e7\u00e3o troca material recicl\u00e1vel por verduras<\/strong> ali plantadas. O programa visita bairros do munic\u00edpio como S\u00e3o Camilo e Vila Ana ao longo da semana.<\/p>\n<div id=\"attachment_501\" style=\"width: 730px\" class=\"wp-caption aligncenter\"><a href=\"https:\/\/jundiai.sp.gov.br\/infraestrutura-e-servicos-publicos\/wp-content\/uploads\/sites\/18\/2016\/01\/Verduras-da-horta-s\u00e3o-usadas-no-programa-Del\u00edcia-de-Reciclagem.jpg\"><img loading=\"lazy\" decoding=\"async\" aria-describedby=\"caption-attachment-501\" class=\"size-large wp-image-501\" src=\"https:\/\/jundiai.sp.gov.br\/infraestrutura-e-servicos-publicos\/wp-content\/uploads\/sites\/18\/2016\/01\/Verduras-da-horta-s\u00e3o-usadas-no-programa-Del\u00edcia-de-Reciclagem-720x480.jpg\" alt=\"Verduras da horta s\u00e3o usadas no programa Del\u00edcia de Reciclagem\" width=\"720\" height=\"480\" srcset=\"https:\/\/jundiai.sp.gov.br\/infraestrutura-e-servicos-publicos\/wp-content\/uploads\/sites\/18\/2016\/01\/Verduras-da-horta-s\u00e3o-usadas-no-programa-Del\u00edcia-de-Reciclagem-720x480.jpg 720w, https:\/\/jundiai.sp.gov.br\/infraestrutura-e-servicos-publicos\/wp-content\/uploads\/sites\/18\/2016\/01\/Verduras-da-horta-s\u00e3o-usadas-no-programa-Del\u00edcia-de-Reciclagem-300x200.jpg 300w, https:\/\/jundiai.sp.gov.br\/infraestrutura-e-servicos-publicos\/wp-content\/uploads\/sites\/18\/2016\/01\/Verduras-da-horta-s\u00e3o-usadas-no-programa-Del\u00edcia-de-Reciclagem.jpg 1240w\" sizes=\"auto, (max-width: 720px) 100vw, 720px\" \/><\/a><p id=\"caption-attachment-501\" class=\"wp-caption-text\">Verduras da horta s\u00e3o usadas no programa Del\u00edcia de Reciclagem<\/p><\/div>\n<p><strong>Endere\u00e7o: <\/strong>Rua Ernesto Gon\u00e7alves Rosa Junior, 150,\u00a0Jardim Florestal<br \/>\n<strong>Telefone:<\/strong> (11)\u00a04521-1713<\/p>\n<p><strong>O local est\u00e1 fechado temporariamente para visita\u00e7\u00e3o.<\/strong><\/p>\n","protected":false},"excerpt":{"rendered":"<p>A Unidade de Desenvolvimento Ambiental (Unidam) \u00e9 o local onde \u00e9 desenvolvido o cultivo de plantas ornamentais e arb\u00f3reas, cujos mais de 170 tipos de mudas s\u00e3o usados em pra\u00e7as, jardins, cal\u00e7adas e pr\u00f3prios p\u00fablicos para o paisagismo e o reflorestamento da cidade. Al\u00e9m disso, a Unidam possui uma horta e conta com uma academia [&hellip;]<\/p>\n","protected":false},"author":14,"featured_media":0,"parent":399,"menu_order":3,"comment_status":"closed","ping_status":"closed","template":"","meta":{"footnotes":""},"class_list":["post-498","page","type-page","status-publish","hentry"],"_links":{"self":[{"href":"https:\/\/jundiai.sp.gov.br\/infraestrutura-e-servicos-publicos\/wp-json\/wp\/v2\/pages\/498","targetHints":{"allow":["GET"]}}],"collection":[{"href":"https:\/\/jundiai.sp.gov.br\/infraestrutura-e-servicos-publicos\/wp-json\/wp\/v2\/pages"}],"about":[{"href":"https:\/\/jundiai.sp.gov.br\/infraestrutura-e-servicos-publicos\/wp-json\/wp\/v2\/types\/page"}],"author":[{"embeddable":true,"href":"https:\/\/jundiai.sp.gov.br\/infraestrutura-e-servicos-publicos\/wp-json\/wp\/v2\/users\/14"}],"replies":[{"embeddable":true,"href":"https:\/\/jundiai.sp.gov.br\/infraestrutura-e-servicos-publicos\/wp-json\/wp\/v2\/comments?post=498"}],"version-history":[{"count":21,"href":"https:\/\/jundiai.sp.gov.br\/infraestrutura-e-servicos-publicos\/wp-json\/wp\/v2\/pages\/498\/revisions"}],"predecessor-version":[{"id":2849,"href":"https:\/\/jundiai.sp.gov.br\/infraestrutura-e-servicos-publicos\/wp-json\/wp\/v2\/pages\/498\/revisions\/2849"}],"up":[{"embeddable":true,"href":"https:\/\/jundiai.sp.gov.br\/infraestrutura-e-servicos-publicos\/wp-json\/wp\/v2\/pages\/399"}],"wp:attachment":[{"href":"https:\/\/jundiai.sp.gov.br\/infraestrutura-e-servicos-publicos\/wp-json\/wp\/v2\/media?parent=498"}],"curies":[{"name":"wp","href":"https:\/\/api.w.org\/{rel}","templated":true}]}}