{"id":51,"date":"2014-08-21T19:26:36","date_gmt":"2014-08-21T22:26:36","guid":{"rendered":"https:\/\/jundiai.sp.gov.br\/servicos-publicos\/?page_id=51"},"modified":"2025-10-14T16:31:18","modified_gmt":"2025-10-14T19:31:18","slug":"entulho","status":"publish","type":"page","link":"https:\/\/jundiai.sp.gov.br\/infraestrutura-e-servicos-publicos\/limpeza-publica\/residuos-industriais\/entulho\/","title":{"rendered":"Entulho"},"content":{"rendered":"\n<p><strong>O que \u00e9 entulho?<\/strong><\/p>\n\n\n\n<p>Entulho ou RCC s\u00e3o pedregulhos, restos de argamassa, tijolos, blocos de concreto, cimento, areia, pedra, madeira, treli\u00e7as, azulejos, restos de reforma e manuten\u00e7\u00e3o que s\u00e3o depositados IRREGULARMENTE, em cal\u00e7adas, \u00e1reas p\u00fablicas, regi\u00f5es de mata, etc.<\/p>\n\n\n\n<p><strong>Onde devo levar o entulho?<\/strong><\/p>\n\n\n\n<p>O GERESOL, Projeto direcionado ao Gerenciamento de Res\u00edduos S\u00f3lidos, oferece a moagem e o reaproveitamento de entulhos (RCC), separando o material argiloso do material \u00e0 base de cimento. Tais materiais s\u00e3o utilizados como sub-base de pavimenta\u00e7\u00e3o e em estradas vicinais, sendo utilizados tamb\u00e9m em outras obras da Prefeitura de Jundia\u00ed.Entulhos e res\u00edduos de constru\u00e7\u00e3o civil&nbsp;<strong>N\u00c3O<\/strong>&nbsp;s\u00e3o recolhidos pelo cata-treco ou coleta seletiva.<\/p>\n\n\n\n<p><strong>Como devo proceder?<\/strong><\/p>\n\n\n\n<p>Este tipo de material dever\u00e1 ser removido pelo pr\u00f3prio gerador dos res\u00edduos (morador, construtora, condom\u00ednio, estabelecimento comercial, ind\u00fastria) sendo encaminhado para o endere\u00e7o do GERESOL: Avenida Yamashita Yukio, n\u00ba 1268 \u2013 Distrito Industrial \u2013 Jundia\u00ed.<\/p>\n\n\n\n<p>Caso a quantidade de res\u00edduos de constru\u00e7\u00e3o civil, entulhos, seja muito grande, solicitamos ao\u00a0<strong>GERADOR\u00a0<\/strong>(morador, construtora, condom\u00ednio, estabelecimento comercial, ind\u00fastria), contatar o setor interno do\u00a0<strong>GERESOL, atrav\u00e9s do telefone <strong>(11) 4589-9532<\/strong>,\u00a0<\/strong>para informa\u00e7\u00f5es sobre o cadastro junto ao site\u00a0<strong>COLETAS ON LINE<\/strong>\u00a0e quais procedimentos corretos devem ser adotados para evitar a\u00a0<strong>MULTA<\/strong>\u00a0por\u00a0<strong>DESCARTE IRREGULAR (Leis 2140\/1975 e 7186\/2015).<\/strong><\/p>\n\n\n\n<p><strong>Constru\u00e7\u00f5es, que possuem arquitetos ou engenheiros, devem tamb\u00e9m buscar informa\u00e7\u00f5es, caso n\u00e3o tenham conhecimento, no mesmo setor interno, atrav\u00e9s do telefone <strong>(11) 4589-9532<\/strong><\/strong>.<\/p>\n\n\n\n<p>Leia o quadro ao final da p\u00e1gina como eles podem ser descartados e os locais corretos.<\/p>\n\n\n\n<p>Caso observe a desova de lixo ou entulhos em \u00e1reas p\u00fablicas ou particulares, anote a placa e o modelo do ve\u00edculo, fotografe ou grave v\u00eddeo com visibilidade de informa\u00e7\u00f5es do ve\u00edculo infrator e registre no telefone 156.<\/p>\n\n\n\n<h3 class=\"wp-block-heading\"><strong>Entulhos ou Res\u00edduos de Constru\u00e7\u00e3o Civil<\/strong><\/h3>\n\n\n\n<figure class=\"wp-block-image size-full is-resized\"><img loading=\"lazy\" decoding=\"async\" width=\"811\" height=\"255\" src=\"https:\/\/jundiai.sp.gov.br\/infraestrutura-e-servicos-publicos\/wp-content\/uploads\/sites\/18\/2022\/10\/lixo.png\" alt=\"\" class=\"wp-image-3464\" style=\"width:990px;height:311px\" srcset=\"https:\/\/jundiai.sp.gov.br\/infraestrutura-e-servicos-publicos\/wp-content\/uploads\/sites\/18\/2022\/10\/lixo.png 811w, https:\/\/jundiai.sp.gov.br\/infraestrutura-e-servicos-publicos\/wp-content\/uploads\/sites\/18\/2022\/10\/lixo-300x94.png 300w, https:\/\/jundiai.sp.gov.br\/infraestrutura-e-servicos-publicos\/wp-content\/uploads\/sites\/18\/2022\/10\/lixo-768x241.png 768w\" sizes=\"auto, (max-width: 811px) 100vw, 811px\" \/><\/figure>\n","protected":false},"excerpt":{"rendered":"<p>O que \u00e9 entulho? Entulho ou RCC s\u00e3o pedregulhos, restos de argamassa, tijolos, blocos de concreto, cimento, areia, pedra, madeira, treli\u00e7as, azulejos, restos de reforma e manuten\u00e7\u00e3o que s\u00e3o depositados IRREGULARMENTE, em cal\u00e7adas, \u00e1reas p\u00fablicas, regi\u00f5es de mata, etc. Onde devo levar o entulho? O GERESOL, Projeto direcionado ao Gerenciamento de Res\u00edduos S\u00f3lidos, oferece a [&hellip;]<\/p>\n","protected":false},"author":5,"featured_media":0,"parent":49,"menu_order":0,"comment_status":"closed","ping_status":"closed","template":"","meta":{"footnotes":""},"class_list":["post-51","page","type-page","status-publish","hentry"],"_links":{"self":[{"href":"https:\/\/jundiai.sp.gov.br\/infraestrutura-e-servicos-publicos\/wp-json\/wp\/v2\/pages\/51","targetHints":{"allow":["GET"]}}],"collection":[{"href":"https:\/\/jundiai.sp.gov.br\/infraestrutura-e-servicos-publicos\/wp-json\/wp\/v2\/pages"}],"about":[{"href":"https:\/\/jundiai.sp.gov.br\/infraestrutura-e-servicos-publicos\/wp-json\/wp\/v2\/types\/page"}],"author":[{"embeddable":true,"href":"https:\/\/jundiai.sp.gov.br\/infraestrutura-e-servicos-publicos\/wp-json\/wp\/v2\/users\/5"}],"replies":[{"embeddable":true,"href":"https:\/\/jundiai.sp.gov.br\/infraestrutura-e-servicos-publicos\/wp-json\/wp\/v2\/comments?post=51"}],"version-history":[{"count":6,"href":"https:\/\/jundiai.sp.gov.br\/infraestrutura-e-servicos-publicos\/wp-json\/wp\/v2\/pages\/51\/revisions"}],"predecessor-version":[{"id":4846,"href":"https:\/\/jundiai.sp.gov.br\/infraestrutura-e-servicos-publicos\/wp-json\/wp\/v2\/pages\/51\/revisions\/4846"}],"up":[{"embeddable":true,"href":"https:\/\/jundiai.sp.gov.br\/infraestrutura-e-servicos-publicos\/wp-json\/wp\/v2\/pages\/49"}],"wp:attachment":[{"href":"https:\/\/jundiai.sp.gov.br\/infraestrutura-e-servicos-publicos\/wp-json\/wp\/v2\/media?parent=51"}],"curies":[{"name":"wp","href":"https:\/\/api.w.org\/{rel}","templated":true}]}}