{"id":53,"date":"2014-08-21T19:27:05","date_gmt":"2014-08-21T22:27:05","guid":{"rendered":"https:\/\/jundiai.sp.gov.br\/servicos-publicos\/?page_id=53"},"modified":"2022-10-20T09:36:51","modified_gmt":"2022-10-20T12:36:51","slug":"lajes-protendidas","status":"publish","type":"page","link":"https:\/\/jundiai.sp.gov.br\/infraestrutura-e-servicos-publicos\/limpeza-publica\/residuos-industriais\/lajes-protendidas\/","title":{"rendered":"Lajes Protendidas"},"content":{"rendered":"\n<p><strong>O que s\u00e3o lajes protendidas?<\/strong><\/p>\n\n\n\n<p><strong>Lajes protendidas<\/strong>, tamb\u00e9m conhecidas como&nbsp;<strong>lajes com armaduras ativas<\/strong>,s\u00e3o aquelas cujo a\u00e7o passa pelo processo de&nbsp;<strong>protens\u00e3o<\/strong>. Comparadas \u00e0s lajes convencionais, s\u00e3o mais esbeltas e suportam&nbsp;v\u00e3os maiores&nbsp;entre os apoios.<\/p>\n\n\n\n<p>Isso porque a t\u00e9cnica de protens\u00e3o, que alonga os cabos e cordoalhas da armadura por meio de uma a\u00e7\u00e3o externa com macacos hidr\u00e1ulicos, garante esfor\u00e7os de tra\u00e7\u00e3o permanentes ao a\u00e7o e maior compress\u00e3o do concreto.<\/p>\n\n\n\n<p>\u201cAs lajes protendidas s\u00e3o amplamente utilizadas em obras com grandes v\u00e3os livres entre apoios, como centros de distribui\u00e7\u00e3o, shopping centers etc. Todavia, nada impede seu emprego em qualquer tipo de obra\u201d, indica Ercio Thomaz, pesquisador do Laborat\u00f3rio de Componentes e Sistemas Construtivos do Instituto de Pesquisas Tecnol\u00f3gicas (IPT).<\/p>\n\n\n\n<p><strong>Fonte:\u00a0<\/strong><a rel=\"noreferrer noopener\" href=\"https:\/\/www.aecweb.com.br\/revista\/materias\/lajes-protendidas-vencem-grandes-vaos-e-reduzem-o-peso-da-estrutura\/16200\" target=\"_blank\"><strong>https:\/\/www.aecweb.com.br\/revista\/materias\/lajes-protendidas-vencem-grandes-vaos-e-reduzem-o-peso-da-estrutura\/16200<\/strong><\/a><\/p>\n\n\n\n<figure class=\"wp-block-image size-full\"><img loading=\"lazy\" decoding=\"async\" width=\"919\" height=\"379\" src=\"https:\/\/jundiai.sp.gov.br\/infraestrutura-e-servicos-publicos\/wp-content\/uploads\/sites\/18\/2022\/10\/image.png\" alt=\"\" class=\"wp-image-3460\" srcset=\"https:\/\/jundiai.sp.gov.br\/infraestrutura-e-servicos-publicos\/wp-content\/uploads\/sites\/18\/2022\/10\/image.png 919w, https:\/\/jundiai.sp.gov.br\/infraestrutura-e-servicos-publicos\/wp-content\/uploads\/sites\/18\/2022\/10\/image-300x124.png 300w, https:\/\/jundiai.sp.gov.br\/infraestrutura-e-servicos-publicos\/wp-content\/uploads\/sites\/18\/2022\/10\/image-768x317.png 768w\" sizes=\"auto, (max-width: 919px) 100vw, 919px\" \/><figcaption>As lajes protendidas s\u00e3o recebidas pelo GERESOL, e a empresa\/construtora \u00e9 respons\u00e1vel pelo transporte e descarte das mesmas. Sob pena de multa para o\u00a0<strong>DESCARTE IRREGULAR DE RCC<\/strong>, em atendimento \u00e0s\u00a0<strong>Leis 2140\/1975 e 7186\/2015.<\/strong><br><br>\u00a0<\/figcaption><\/figure>\n","protected":false},"excerpt":{"rendered":"<p>O que s\u00e3o lajes protendidas? Lajes protendidas, tamb\u00e9m conhecidas como&nbsp;lajes com armaduras ativas,s\u00e3o aquelas cujo a\u00e7o passa pelo processo de&nbsp;protens\u00e3o. Comparadas \u00e0s lajes convencionais, s\u00e3o mais esbeltas e suportam&nbsp;v\u00e3os maiores&nbsp;entre os apoios. Isso porque a t\u00e9cnica de protens\u00e3o, que alonga os cabos e cordoalhas da armadura por meio de uma a\u00e7\u00e3o externa com macacos hidr\u00e1ulicos, [&hellip;]<\/p>\n","protected":false},"author":11,"featured_media":0,"parent":49,"menu_order":0,"comment_status":"closed","ping_status":"closed","template":"","meta":{"footnotes":""},"class_list":["post-53","page","type-page","status-publish","hentry"],"_links":{"self":[{"href":"https:\/\/jundiai.sp.gov.br\/infraestrutura-e-servicos-publicos\/wp-json\/wp\/v2\/pages\/53","targetHints":{"allow":["GET"]}}],"collection":[{"href":"https:\/\/jundiai.sp.gov.br\/infraestrutura-e-servicos-publicos\/wp-json\/wp\/v2\/pages"}],"about":[{"href":"https:\/\/jundiai.sp.gov.br\/infraestrutura-e-servicos-publicos\/wp-json\/wp\/v2\/types\/page"}],"author":[{"embeddable":true,"href":"https:\/\/jundiai.sp.gov.br\/infraestrutura-e-servicos-publicos\/wp-json\/wp\/v2\/users\/11"}],"replies":[{"embeddable":true,"href":"https:\/\/jundiai.sp.gov.br\/infraestrutura-e-servicos-publicos\/wp-json\/wp\/v2\/comments?post=53"}],"version-history":[{"count":3,"href":"https:\/\/jundiai.sp.gov.br\/infraestrutura-e-servicos-publicos\/wp-json\/wp\/v2\/pages\/53\/revisions"}],"predecessor-version":[{"id":3461,"href":"https:\/\/jundiai.sp.gov.br\/infraestrutura-e-servicos-publicos\/wp-json\/wp\/v2\/pages\/53\/revisions\/3461"}],"up":[{"embeddable":true,"href":"https:\/\/jundiai.sp.gov.br\/infraestrutura-e-servicos-publicos\/wp-json\/wp\/v2\/pages\/49"}],"wp:attachment":[{"href":"https:\/\/jundiai.sp.gov.br\/infraestrutura-e-servicos-publicos\/wp-json\/wp\/v2\/media?parent=53"}],"curies":[{"name":"wp","href":"https:\/\/api.w.org\/{rel}","templated":true}]}}