{"id":572,"date":"2016-01-13T16:33:59","date_gmt":"2016-01-13T18:33:59","guid":{"rendered":"https:\/\/jundiai.sp.gov.br\/servicos-publicos\/?page_id=572"},"modified":"2016-01-13T16:39:08","modified_gmt":"2016-01-13T18:39:08","slug":"coleta-diurna-tercas-e-sabados-reciclavel-quintas-feiras-cata-treco","status":"publish","type":"page","link":"https:\/\/jundiai.sp.gov.br\/infraestrutura-e-servicos-publicos\/limpeza-publica\/residuos-solidos\/reciclagem\/coleta-seletiva\/coleta-diurna-tercas-e-sabados-reciclavel-quintas-feiras-cata-treco\/","title":{"rendered":"Coleta Diurna \u2013 Ter\u00e7as e S\u00e1bados (Recicl\u00e1vel) \/ Quintas-Feiras (Cata-treco)"},"content":{"rendered":"<h2>SETOR 1<\/h2>\n<p><strong>BAR\u00c3O DE JUNDIA\u00cd \/ SENTIDO NOVE DE JULHO &#8211; VILA N\u00d3BREGA &#8211; VILA LEME &#8211; VILA MARIA IN\u00caS &#8211; VILA BOAVENTURA &#8211; VILA ADOLFO &#8211; VILA BELA VISTA &#8211; VILA MOUTRAN &#8211; VIANELO;<\/strong><\/p>\n<h2>SETOR 2<\/h2>\n<p><strong>CH\u00c1CARAS MALOTA &#8211; CHACARAS DE RECREIO &#8211; FAZENDA MALOTA &#8211; PARQUE RESIDENCIAL MALOTA &#8211; RESIDENCIAL QUINTA MALOTA &#8211; JARDIM SAMAMBAIA &#8211; MOIS\u00c9S &#8211; JARDIM SANTA TEREZA &#8211; JARDIM NOVO MUNDO &#8211; JARDIM EUROPA &#8211; QUINTA DA BOA VISTA &#8211; VILAGE DAS FLORES &#8211; QUINTA DO LAGO &#8211; QUINTA DAS VIDEIRAS &#8211; JARDIM GRAMAD\u00c3O &#8211; JARDIM AM\u00c9RICA;<\/strong><\/p>\n<h2>SETOR 3<\/h2>\n<p><strong>JARDIM DO TREVO &#8211; VILA ALVORADA &#8211; JARDIM PLANALTO &#8211; PARQUE BRAS\u00cdLIA &#8211; VILA ESP\u00c9RIA &#8211; JARDIM SANTA MARINA &#8211; JARDIM GUANABARA &#8211; CASA BRANCA &#8211; UIRAPURU &#8211; CH\u00c1CARAS AEROPORTO &#8211; CH\u00c1CARAS TEOTHO (CER\u00c2MICA ERMIDA);<\/strong><\/p>\n<h2>SETOR 4<\/h2>\n<p><strong>D.E.A &#8211; PARQUE RESIDENCIAL ELOY CHAVES &#8211; JARDIM ERMIDA I E II &#8211; JARDIM TANUS;<\/strong><\/p>\n<h2>SETOR 5<\/h2>\n<p><strong>VILAGE SAN\u00a0FRANCESCO &#8211; JARDIM CAROLINA &#8211; JARDIM SARAPIRANGA &#8211; CH\u00c1CARAS SAUD\u00c1VEIS E ENCANTADORAS &#8211; CH\u00c1CARA SEGRE &#8211; NOVA MEDEIROS &#8211; CH\u00c1CARA ARRAIAL DOS SOUZAS &#8211; PLANALTO DO MEDEIROS &#8211; JARDIM S\u00c3O PAULO &#8211; CH\u00c1CARA NOSSA SENHORA DE F\u00c1TIMA &#8211; CH\u00c1CARA TR\u00caS CORA\u00c7\u00d5ES &#8211; VILA PIRES &#8211; JARDIM TEREZA CRISTINA &#8211; BAIRRO DO MEDEIROS &#8211; JARDIM ALICE &#8211; JARDIM SANTA ROSA &#8211; CONDOM\u00cdNIO RESERVA DA SERRA &#8211; VALE DOS SEMPLANTES;<\/strong><\/p>\n<h2>SETOR 6<\/h2>\n<p><strong>FAZENDA GRANDE &#8211; JARDIM NOVO HORIZONTE III E II (VARJ\u00c3O) &#8211; CONJUNTO HABITACIONAL JO\u00c3O MEZZALIRA JUNIOR &#8211; JARDIM NOVO HORIZONTE I &#8211; PARQUE RESIDENCIAL ALMERINDA CHAVES &#8211; PARQUE RESIDENCIAL JUNDIAI I E II;<\/strong><\/p>\n<h2>SETOR 7<\/h2>\n<p><strong>BOM JARDIM &#8211; BARRO DO POSTE &#8211; JARDIM AD\u00c9LIA &#8211; TRAVI\u00da &#8211;\u00a0\u00c1GUA DOCE &#8211; JARDIM DAS TULIPAS &#8211; MIRANTE DE JUNDIA\u00cd &#8211; VILA SANTA ANT\u00d4NIO &#8211; BOSQUE DOS JATOB\u00c1S &#8211; JARDIM ESCALA;<\/strong><\/p>\n<h2>SETOR 8<\/h2>\n<p><strong>PORTAL DO SOL &#8211; JARDIM TARUM\u00c3 &#8211; PARQUE DA COLINA &#8211; JARDIM CALIF\u00d3RNIA &#8211; JARDIM DAS BANDEIRAS &#8211; PARQUE S\u00c3O LUIZ &#8211; MATO DENTRO &#8211; PARQUE KNEUBIL;<\/strong><\/p>\n<h2>SETOR 9<\/h2>\n<p><strong>VALE AZUL &#8211; JARDIM MOLINARI &#8211; PARQUE SANTO ANT\u00d4NIO &#8211; JARDIM DONA DONATA &#8211; JARDIM CAXAMBU &#8211; JARDIM ROSAURA &#8211; VILA MORAES &#8211; JARDIM VERA CRUZ &#8211; TOCA &#8211; BAIRRO DA ROSEIRA.<\/strong><\/p>\n","protected":false},"excerpt":{"rendered":"<p>SETOR 1 BAR\u00c3O DE JUNDIA\u00cd \/ SENTIDO NOVE DE JULHO &#8211; VILA N\u00d3BREGA &#8211; VILA LEME &#8211; VILA MARIA IN\u00caS &#8211; VILA BOAVENTURA &#8211; VILA ADOLFO &#8211; VILA BELA VISTA &#8211; VILA MOUTRAN &#8211; VIANELO; SETOR 2 CH\u00c1CARAS MALOTA &#8211; CHACARAS DE RECREIO &#8211; FAZENDA MALOTA &#8211; PARQUE RESIDENCIAL MALOTA &#8211; RESIDENCIAL QUINTA MALOTA &#8211; [&hellip;]<\/p>\n","protected":false},"author":14,"featured_media":0,"parent":94,"menu_order":2,"comment_status":"closed","ping_status":"closed","template":"","meta":{"footnotes":""},"class_list":["post-572","page","type-page","status-publish","hentry"],"_links":{"self":[{"href":"https:\/\/jundiai.sp.gov.br\/infraestrutura-e-servicos-publicos\/wp-json\/wp\/v2\/pages\/572","targetHints":{"allow":["GET"]}}],"collection":[{"href":"https:\/\/jundiai.sp.gov.br\/infraestrutura-e-servicos-publicos\/wp-json\/wp\/v2\/pages"}],"about":[{"href":"https:\/\/jundiai.sp.gov.br\/infraestrutura-e-servicos-publicos\/wp-json\/wp\/v2\/types\/page"}],"author":[{"embeddable":true,"href":"https:\/\/jundiai.sp.gov.br\/infraestrutura-e-servicos-publicos\/wp-json\/wp\/v2\/users\/14"}],"replies":[{"embeddable":true,"href":"https:\/\/jundiai.sp.gov.br\/infraestrutura-e-servicos-publicos\/wp-json\/wp\/v2\/comments?post=572"}],"version-history":[{"count":3,"href":"https:\/\/jundiai.sp.gov.br\/infraestrutura-e-servicos-publicos\/wp-json\/wp\/v2\/pages\/572\/revisions"}],"predecessor-version":[{"id":577,"href":"https:\/\/jundiai.sp.gov.br\/infraestrutura-e-servicos-publicos\/wp-json\/wp\/v2\/pages\/572\/revisions\/577"}],"up":[{"embeddable":true,"href":"https:\/\/jundiai.sp.gov.br\/infraestrutura-e-servicos-publicos\/wp-json\/wp\/v2\/pages\/94"}],"wp:attachment":[{"href":"https:\/\/jundiai.sp.gov.br\/infraestrutura-e-servicos-publicos\/wp-json\/wp\/v2\/media?parent=572"}],"curies":[{"name":"wp","href":"https:\/\/api.w.org\/{rel}","templated":true}]}}