{"id":6,"date":"2014-08-13T19:38:44","date_gmt":"2014-08-13T22:38:44","guid":{"rendered":"https:\/\/jundiai.sp.gov.br\/servicos-publicos\/?page_id=6"},"modified":"2026-03-31T13:52:57","modified_gmt":"2026-03-31T16:52:57","slug":"infraestrutura-e-servicos-publicos","status":"publish","type":"page","link":"https:\/\/jundiai.sp.gov.br\/infraestrutura-e-servicos-publicos\/","title":{"rendered":"Infraestrutura e Servi\u00e7os P\u00fablicos"},"content":{"rendered":"\n<p><strong>A Secretaria Municipal de Infraestrutura e Servi\u00e7os P\u00fablicos tem por finalidade coordenar as a\u00e7\u00f5es e pol\u00edticas de servi\u00e7os e obras de infraestrutura e manuten\u00e7\u00e3o, conserva\u00e7\u00e3o e zeladoria do Munic\u00edpio, suportada pela seguinte estrutura org\u00e2nica b\u00e1sica:<\/strong><\/p>\n\n\n\n<ul class=\"wp-block-list\">\n<li>Coordenadoria Executiva de Obras de Infraestrutura;<\/li>\n\n\n\n<li>Coordenadoria Executiva de manuten\u00e7\u00e3o e Servi\u00e7os P\u00fablicos;<\/li>\n\n\n\n<li>N\u00facleo de Planejamento, Gest\u00e3o e Finan\u00e7as;<\/li>\n\n\n\n<li>N\u00facleo Central de Suprimentos e Servi\u00e7os;<\/li>\n\n\n\n<li>Departamento de Obras P\u00fablicas;<\/li>\n\n\n\n<li>Departamento de Infraestrutura Urbana;<\/li>\n\n\n\n<li>Departamento de Ilumina\u00e7\u00e3o P\u00fablica;<\/li>\n\n\n\n<li>Departamento de Limpeza P\u00fablica;<\/li>\n\n\n\n<li>Departamento de Zeladoria e Conserva\u00e7\u00e3o;<\/li>\n\n\n\n<li>Departamento de Parques, Jardins e Pra\u00e7as;<\/li>\n\n\n\n<li>Unidade de Entregas Setorial.<\/li>\n<\/ul>\n\n\n\n<h2 class=\"wp-block-heading\">Contatos<\/h2>\n\n\n\n<p><strong>Gabinete do Secret\u00e1rio de Infraestrutura e Servi\u00e7os P\u00fablicos<\/strong><br> Pa\u00e7o Municipal &#8211; 6\u00ba andar &#8211; Ala Sul<br> Telefone: (11) 4589-8523\/8524<\/p>\n\n\n\n<p><strong>Se\u00e7\u00e3o de Atendimento:<\/strong><br>\nPa\u00e7o Municipal &#8211; 6\u00ba andar &#8211; Ala Sul<br>\nTelefone: (11) 4589-8525<\/p>\n\n\n\n<p><strong>Coordenadoria Executiva de Obras de Infraestrutura<\/strong><br>\nPa\u00e7o Municipal &#8211; 4\u00ba andar &#8211; Ala Sul<br>\nTelefone: (11) 4589-8467<\/p>\n\n\n\n<p><strong>Coordenadoria Executiva de Manuten\u00e7\u00e3o e Servi\u00e7os P\u00fablicos<\/strong><br>\nPa\u00e7o Municipal &#8211; 6\u00ba andar &#8211; Ala Sul<br>\nTelefone: (11) 4589-8522 \/ 8525<\/p>\n\n\n\n<p><strong>N\u00facleo de Planejamento, Gest\u00e3o e Finan\u00e7as<\/strong><br>\nPa\u00e7o Municipal &#8211; 6\u00ba andar &#8211; Ala Sul<br>\nTelefone: (11) 4589-8530<\/p>\n\n\n\n<p><strong>N\u00facleo Central de Suprimentos e Servi\u00e7os<\/strong><br> Rua Frei Itaparica, 170, Vila Joana<br> Telefone: (11) 4589-9365<\/p>\n\n\n\n<p><strong>Departamento de Obras P\u00fablicas<\/strong><br>\nPa\u00e7o Municipal &#8211; 4\u00ba andar &#8211; Ala Sul<br>\nTelefone: (11) 4589-8467<\/p>\n\n\n\n<p><strong>Departamento de Ilumina\u00e7\u00e3o P\u00fablica<\/strong><br>\nRua Novo Horizonte, 49, Vila Ponte de Campinas<br>\nTelefone: (11) 4589-9488<\/p>\n\n\n\n<p><strong>Departamento de Limpeza P\u00fablica<br>\n<\/strong><span style=\"font-weight: 400;\">Av Yamashita Yukio, n\u00ba 1.268, Distrito Industrial<\/span><span style=\"font-weight: 400;\"><br>\n<\/span><span style=\"font-weight: 400;\">Telefone: (11) 4589-9532<\/span><\/p>\n\n\n\n<p><strong>Departamento de Infraestrutura Urbana<br> <\/strong><span style=\"font-weight: 400;\">Av Yamashita Yukio, n\u00ba 1.268, Distrito Industrial<br> Telefone: (11) 4589-9550<\/span><\/p>\n\n\n\n<p><strong>Departamento de Zeladoria e Conserva\u00e7\u00e3o<\/strong><br> Unidade de Servi\u00e7o 1 \u2013\u00a0\u00a0Rua Frei Itaparica, 170, Vila Joana<br> Telefone: (11) 4589-9430<\/p>\n\n\n\n<p><strong>Departamento de Parques, Jardins e Pra\u00e7as<\/strong><br>\nUnidade de Desenvolvimento Ambiental (Unidam) &#8211; Rua Ernesto Gon\u00e7alves Rosa J\u00fanior, 150, Jardim Florestal<br>\nTelefone:(11) 4589-9560 \/ 9493<\/p>\n\n\n\n<p><a href=\"http:\/\/jardimbotanico.jundiai.sp.gov.br\/\" target=\"_blank\" rel=\"noopener noreferrer\">Jardim Bot\u00e2nico<\/a><br>\nAcessos pela Avenida Navarro de Andrade, 120, e pela Avenida Antonio Frederico Ozanan, 6400<br>\nTelefones: (11) 4523-1012 e 4582-2468<br>\nHor\u00e1rio de funcionamento: todos os dias, das 8h \u00e0s 18h<\/p>\n\n\n\n<p><strong>Centro de Gerenciamento de Res\u00edduos S\u00f3lidos (Geresol)<br>\n<\/strong><span style=\"font-weight: 400;\">Av Yamashita Yukio<\/span><span style=\"font-weight: 400;\">, n\u00ba 1.268, Distrito Industrial<\/span><span style=\"font-weight: 400;\"><br>\n<\/span><span style=\"font-weight: 400;\">Telefone: (11) 4589-9532<\/span><\/p>\n\n\n\n<p><strong>Unidade de Servi\u00e7os 1 &#8211; Centro <\/strong><br> Rua Frei Itaparica, 170, Vila Joana<br> Telefone: (11) 4589-9430<\/p>\n\n\n\n<p><strong>Unidade de Servi\u00e7os 2 \u2013 Leste<br>\n<\/strong>Rua Frei Itaparica, 170, Vila Joana<br>\nTelefone: (11)&nbsp;4817-2199<\/p>\n\n\n\n<p><strong>Unidade de Servi\u00e7os 3 \u2013 Sul<\/strong><br>\nRua Eduardo Carlos Pereira, 90, Jardim do Lago<br>\nTelefone: (11) 4526-3412<\/p>\n\n\n\n<p><strong>Unidade de Servi\u00e7os 4 \u2013 Norte<br>\n<\/strong><span style=\"font-weight: 400;\">Avenida Prof Clarismundo Fornari, 195 Engordadouro &nbsp; &nbsp; &nbsp; &nbsp; &nbsp; &nbsp; &nbsp; <\/span><span style=\"font-weight: 400;\"><br>\n<\/span><span style=\"font-weight: 400;\">Telefone: (11) 4815-0590<\/span><\/p>\n\n\n\n<p><strong>Unidade de Servi\u00e7os 5 \u2013 Oeste<\/strong><br>\nAvenida Arquimedes, 1395, Jardim Guanabara<br>\nTelefone: (11) 4582-5376<\/p>\n","protected":false},"excerpt":{"rendered":"<p>A Secretaria Municipal de Infraestrutura e Servi\u00e7os P\u00fablicos tem por finalidade coordenar as a\u00e7\u00f5es e pol\u00edticas de servi\u00e7os e obras de infraestrutura e manuten\u00e7\u00e3o, conserva\u00e7\u00e3o e zeladoria do Munic\u00edpio, suportada pela seguinte estrutura org\u00e2nica b\u00e1sica: Contatos Gabinete do Secret\u00e1rio de Infraestrutura e Servi\u00e7os P\u00fablicos Pa\u00e7o Municipal &#8211; 6\u00ba andar &#8211; Ala Sul Telefone: (11) 4589-8523\/8524 [&hellip;]<\/p>\n","protected":false},"author":8,"featured_media":0,"parent":0,"menu_order":0,"comment_status":"open","ping_status":"closed","template":"","meta":{"footnotes":""},"class_list":["post-6","page","type-page","status-publish","hentry"],"_links":{"self":[{"href":"https:\/\/jundiai.sp.gov.br\/infraestrutura-e-servicos-publicos\/wp-json\/wp\/v2\/pages\/6","targetHints":{"allow":["GET"]}}],"collection":[{"href":"https:\/\/jundiai.sp.gov.br\/infraestrutura-e-servicos-publicos\/wp-json\/wp\/v2\/pages"}],"about":[{"href":"https:\/\/jundiai.sp.gov.br\/infraestrutura-e-servicos-publicos\/wp-json\/wp\/v2\/types\/page"}],"author":[{"embeddable":true,"href":"https:\/\/jundiai.sp.gov.br\/infraestrutura-e-servicos-publicos\/wp-json\/wp\/v2\/users\/8"}],"replies":[{"embeddable":true,"href":"https:\/\/jundiai.sp.gov.br\/infraestrutura-e-servicos-publicos\/wp-json\/wp\/v2\/comments?post=6"}],"version-history":[{"count":65,"href":"https:\/\/jundiai.sp.gov.br\/infraestrutura-e-servicos-publicos\/wp-json\/wp\/v2\/pages\/6\/revisions"}],"predecessor-version":[{"id":4957,"href":"https:\/\/jundiai.sp.gov.br\/infraestrutura-e-servicos-publicos\/wp-json\/wp\/v2\/pages\/6\/revisions\/4957"}],"wp:attachment":[{"href":"https:\/\/jundiai.sp.gov.br\/infraestrutura-e-servicos-publicos\/wp-json\/wp\/v2\/media?parent=6"}],"curies":[{"name":"wp","href":"https:\/\/api.w.org\/{rel}","templated":true}]}}