{"id":61,"date":"2014-08-21T19:29:40","date_gmt":"2014-08-21T22:29:40","guid":{"rendered":"https:\/\/jundiai.sp.gov.br\/servicos-publicos\/?page_id=61"},"modified":"2019-06-19T17:18:45","modified_gmt":"2019-06-19T20:18:45","slug":"lixo-domestico","status":"publish","type":"page","link":"https:\/\/jundiai.sp.gov.br\/infraestrutura-e-servicos-publicos\/limpeza-publica\/lixo-domestico\/","title":{"rendered":"Lixo Dom\u00e9stico"},"content":{"rendered":"<p>A coleta de lixo dom\u00e9stico atende 100% do munic\u00edpio.<\/p>\n<p>O chamado lixo \u00famido \u00e9 constitu\u00eddo de restos de alimentos, folhas de \u00e1rvores, lixo de banheiro, papel sujo, pontas de cigarro, fralda descart\u00e1vel entre outros, e deve ser acondicionado em sacos pl\u00e1sticos e entregue \u00e0 coleta convencional.<\/p>\n<p>Caminh\u00f5es especiais equipados com Coletores de Res\u00edduos, tipo prensa de at\u00e9 8 (oito) toneladas, recolhem o lixo dom\u00e9stico na porta dos im\u00f3veis em dias espec\u00edficos.<\/p>\n<p>O material coletado \u00e9 levado diretamente para o Aterro Sanit\u00e1rio contratado pela PMJ.<\/p>\n<p>Qualquer irregularidade identificada, registre pelo telefone 156.<\/p>\n","protected":false},"excerpt":{"rendered":"<p>A coleta de lixo dom\u00e9stico atende 100% do munic\u00edpio. O chamado lixo \u00famido \u00e9 constitu\u00eddo de restos de alimentos, folhas de \u00e1rvores, lixo de banheiro, papel sujo, pontas de cigarro, fralda descart\u00e1vel entre outros, e deve ser acondicionado em sacos pl\u00e1sticos e entregue \u00e0 coleta convencional. Caminh\u00f5es especiais equipados com Coletores de Res\u00edduos, tipo prensa [&hellip;]<\/p>\n","protected":false},"author":5,"featured_media":0,"parent":45,"menu_order":0,"comment_status":"closed","ping_status":"closed","template":"page-subpaginas.php","meta":{"footnotes":""},"class_list":["post-61","page","type-page","status-publish","hentry"],"_links":{"self":[{"href":"https:\/\/jundiai.sp.gov.br\/infraestrutura-e-servicos-publicos\/wp-json\/wp\/v2\/pages\/61","targetHints":{"allow":["GET"]}}],"collection":[{"href":"https:\/\/jundiai.sp.gov.br\/infraestrutura-e-servicos-publicos\/wp-json\/wp\/v2\/pages"}],"about":[{"href":"https:\/\/jundiai.sp.gov.br\/infraestrutura-e-servicos-publicos\/wp-json\/wp\/v2\/types\/page"}],"author":[{"embeddable":true,"href":"https:\/\/jundiai.sp.gov.br\/infraestrutura-e-servicos-publicos\/wp-json\/wp\/v2\/users\/5"}],"replies":[{"embeddable":true,"href":"https:\/\/jundiai.sp.gov.br\/infraestrutura-e-servicos-publicos\/wp-json\/wp\/v2\/comments?post=61"}],"version-history":[{"count":17,"href":"https:\/\/jundiai.sp.gov.br\/infraestrutura-e-servicos-publicos\/wp-json\/wp\/v2\/pages\/61\/revisions"}],"predecessor-version":[{"id":1907,"href":"https:\/\/jundiai.sp.gov.br\/infraestrutura-e-servicos-publicos\/wp-json\/wp\/v2\/pages\/61\/revisions\/1907"}],"up":[{"embeddable":true,"href":"https:\/\/jundiai.sp.gov.br\/infraestrutura-e-servicos-publicos\/wp-json\/wp\/v2\/pages\/45"}],"wp:attachment":[{"href":"https:\/\/jundiai.sp.gov.br\/infraestrutura-e-servicos-publicos\/wp-json\/wp\/v2\/media?parent=61"}],"curies":[{"name":"wp","href":"https:\/\/api.w.org\/{rel}","templated":true}]}}