{"id":65,"date":"2014-08-21T19:30:48","date_gmt":"2014-08-21T22:30:48","guid":{"rendered":"https:\/\/jundiai.sp.gov.br\/servicos-publicos\/?page_id=65"},"modified":"2022-12-22T11:34:32","modified_gmt":"2022-12-22T14:34:32","slug":"cata-treco","status":"publish","type":"page","link":"https:\/\/jundiai.sp.gov.br\/infraestrutura-e-servicos-publicos\/limpeza-publica\/residuos-residenciais\/reciclavel\/cata-treco\/","title":{"rendered":"Cata Treco"},"content":{"rendered":"<p style=\"font-weight: 400;\">O Cata treco faz parte do\u00a0<strong>Programa Armaz\u00e9m da Natureza<\/strong>, respons\u00e1vel pela coleta de lixo recicl\u00e1vel, que recolhe materiais volumosos.<\/p>\n<p>Volumosos s\u00e3o itens de tamanho grande, de uso dom\u00e9stico, tais como sof\u00e1s, colch\u00f5es, arm\u00e1rios de cozinha, guarda-roupas, mesas, cadeiras (m\u00f3veis em geral)<\/p>\n<p>Atrav\u00e9s no link abaixo, o mun\u00edcipe\u00a0pode consultar a programa\u00e7\u00e3o da coleta de Cata Treco em seu endere\u00e7o.<\/p>\n<p><a href=\"https:\/\/jundiai.sp.gov.br\/infraestrutura-e-servicos-publicos\/limpeza-publica\/coleta-organica-seletiva-e-cata-treco\/\" data-saferedirecturl=\"https:\/\/www.google.com\/url?q=https:\/\/jundiai.sp.gov.br\/infraestrutura-e-servicos-publicos\/limpeza-publica\/coleta-organica-seletiva-e-cata-treco\/&amp;source=gmail&amp;ust=1671805027866000&amp;usg=AOvVaw3MQb8Ngjs5k5sVSpD2l8gg\"><strong>https:\/\/jundiai.sp.gov.br\/infraestrutura-e-servicos-publicos\/limpeza-publica\/coleta-organica-seletiva-e-cata-treco\/<\/strong><\/a><\/p>\n<p>Al\u00e9m da coleta realizada semanalmente, o mun\u00edcipe poder\u00e1 realizar a entrega volunt\u00e1ria desses itens (volumosos), com transporte pr\u00f3prio, em qualquer um de nossos ecopontos. Endere\u00e7os abaixo:<\/p>\n<p><a href=\"https:\/\/jundiai.sp.gov.br\/infraestrutura-e-servicos-publicos\/limpeza-publica\/ecopontos\/\" data-saferedirecturl=\"https:\/\/www.google.com\/url?q=https:\/\/jundiai.sp.gov.br\/infraestrutura-e-servicos-publicos\/limpeza-publica\/ecopontos\/&amp;source=gmail&amp;ust=1671805027866000&amp;usg=AOvVaw1eDCfFCM9EnfoiZ9bNz6vM\">https:\/\/jundiai.sp.gov.br\/infraestrutura-e-servicos-publicos\/limpeza-publica\/ecopontos\/<\/a><\/p>\n<p>Vale lembrar que\u00a0<strong>entulhos \/ res\u00edduos de constru\u00e7\u00e3o e materiais de poda de \u00e1rvores<\/strong>\u00a0<strong>N\u00c3O S\u00c3O<\/strong>\u00a0recolhidos pelo cata-treco ou coleta seletiva, nem pelas Unidades de Servi\u00e7o. Para cada tipo de res\u00edduo s\u00f3lido desse tipo, h\u00e1 uma orienta\u00e7\u00e3o e local ou presta\u00e7\u00e3o de servi\u00e7o de coleta espec\u00edfico, e constam nas orienta\u00e7\u00f5es deste site, no setor de Limpeza P\u00fablica.<\/p>\n<p>Se o mun\u00edcipe detectar algum problema, solicitamos contatar-nos atrav\u00e9s do telefone\u00a0<strong>156<\/strong>.<\/p>\n","protected":false},"excerpt":{"rendered":"<p>O Cata treco faz parte do\u00a0Programa Armaz\u00e9m da Natureza, respons\u00e1vel pela coleta de lixo recicl\u00e1vel, que recolhe materiais volumosos. Volumosos s\u00e3o itens de tamanho grande, de uso dom\u00e9stico, tais como sof\u00e1s, colch\u00f5es, arm\u00e1rios de cozinha, guarda-roupas, mesas, cadeiras (m\u00f3veis em geral) Atrav\u00e9s no link abaixo, o mun\u00edcipe\u00a0pode consultar a programa\u00e7\u00e3o da coleta de Cata Treco [&hellip;]<\/p>\n","protected":false},"author":5,"featured_media":0,"parent":63,"menu_order":0,"comment_status":"closed","ping_status":"closed","template":"","meta":{"footnotes":""},"class_list":["post-65","page","type-page","status-publish","hentry"],"_links":{"self":[{"href":"https:\/\/jundiai.sp.gov.br\/infraestrutura-e-servicos-publicos\/wp-json\/wp\/v2\/pages\/65","targetHints":{"allow":["GET"]}}],"collection":[{"href":"https:\/\/jundiai.sp.gov.br\/infraestrutura-e-servicos-publicos\/wp-json\/wp\/v2\/pages"}],"about":[{"href":"https:\/\/jundiai.sp.gov.br\/infraestrutura-e-servicos-publicos\/wp-json\/wp\/v2\/types\/page"}],"author":[{"embeddable":true,"href":"https:\/\/jundiai.sp.gov.br\/infraestrutura-e-servicos-publicos\/wp-json\/wp\/v2\/users\/5"}],"replies":[{"embeddable":true,"href":"https:\/\/jundiai.sp.gov.br\/infraestrutura-e-servicos-publicos\/wp-json\/wp\/v2\/comments?post=65"}],"version-history":[{"count":5,"href":"https:\/\/jundiai.sp.gov.br\/infraestrutura-e-servicos-publicos\/wp-json\/wp\/v2\/pages\/65\/revisions"}],"predecessor-version":[{"id":3535,"href":"https:\/\/jundiai.sp.gov.br\/infraestrutura-e-servicos-publicos\/wp-json\/wp\/v2\/pages\/65\/revisions\/3535"}],"up":[{"embeddable":true,"href":"https:\/\/jundiai.sp.gov.br\/infraestrutura-e-servicos-publicos\/wp-json\/wp\/v2\/pages\/63"}],"wp:attachment":[{"href":"https:\/\/jundiai.sp.gov.br\/infraestrutura-e-servicos-publicos\/wp-json\/wp\/v2\/media?parent=65"}],"curies":[{"name":"wp","href":"https:\/\/api.w.org\/{rel}","templated":true}]}}