{"id":664,"date":"2016-05-23T11:25:38","date_gmt":"2016-05-23T14:25:38","guid":{"rendered":"https:\/\/jundiai.sp.gov.br\/servicos-publicos\/?page_id=664"},"modified":"2021-10-08T14:39:05","modified_gmt":"2021-10-08T17:39:05","slug":"bosque-do-jardim-copacabana","status":"publish","type":"page","link":"https:\/\/jundiai.sp.gov.br\/infraestrutura-e-servicos-publicos\/parques-municipais\/bosque-do-jardim-copacabana\/","title":{"rendered":"Bosque do Jardim Copacabana"},"content":{"rendered":"<p><strong>O bosque conta com academia ao ar livre, pista de caminhada com 870 metros, playground, dois mirantes de contempla\u00e7\u00e3o, dois banheiros com acessibilidade e portarias 24 horas, al\u00e9m de ser um dos locais contemplados com o <a href=\"https:\/\/jundiai.sp.gov.br\/noticias\/2014\/09\/15\/parques-terao-orientadores-e-monitoramento-24-horas\/\">programa Parque Seguro<\/a>.<\/strong><\/p>\n<p>A \u00e1rea \u00e9 toda cercada, iluminada e conta ainda com paisagismo.<\/p>\n<div id=\"attachment_665\" style=\"width: 730px\" class=\"wp-caption aligncenter\"><a href=\"https:\/\/jundiai.sp.gov.br\/infraestrutura-e-servicos-publicos\/wp-content\/uploads\/sites\/18\/2016\/05\/Bosque_Copacabana_A_116g.jpg\" rel=\"attachment wp-att-665\"><img loading=\"lazy\" decoding=\"async\" aria-describedby=\"caption-attachment-665\" class=\"size-large wp-image-665\" src=\"https:\/\/jundiai.sp.gov.br\/infraestrutura-e-servicos-publicos\/wp-content\/uploads\/sites\/18\/2016\/05\/Bosque_Copacabana_A_116g-720x481.jpg\" alt=\"Pista de caminhada tem 870 metros\" width=\"720\" height=\"481\" srcset=\"https:\/\/jundiai.sp.gov.br\/infraestrutura-e-servicos-publicos\/wp-content\/uploads\/sites\/18\/2016\/05\/Bosque_Copacabana_A_116g-720x481.jpg 720w, https:\/\/jundiai.sp.gov.br\/infraestrutura-e-servicos-publicos\/wp-content\/uploads\/sites\/18\/2016\/05\/Bosque_Copacabana_A_116g-300x200.jpg 300w, https:\/\/jundiai.sp.gov.br\/infraestrutura-e-servicos-publicos\/wp-content\/uploads\/sites\/18\/2016\/05\/Bosque_Copacabana_A_116g-768x513.jpg 768w, https:\/\/jundiai.sp.gov.br\/infraestrutura-e-servicos-publicos\/wp-content\/uploads\/sites\/18\/2016\/05\/Bosque_Copacabana_A_116g.jpg 1240w\" sizes=\"auto, (max-width: 720px) 100vw, 720px\" \/><\/a><p id=\"caption-attachment-665\" class=\"wp-caption-text\">Pista de caminhada tem 870 metros<\/p><\/div>\n<p><strong>Endere\u00e7o:<\/strong> Rua Jos\u00e9 Tonelli, s\/n\u00ba, Jardim Copacabana<\/p>\n<p><strong>Aberto diariamente das 6h \u00e0s 17h.\u00a0<\/strong><\/p>\n","protected":false},"excerpt":{"rendered":"<p>O bosque conta com academia ao ar livre, pista de caminhada com 870 metros, playground, dois mirantes de contempla\u00e7\u00e3o, dois banheiros com acessibilidade e portarias 24 horas, al\u00e9m de ser um dos locais contemplados com o programa Parque Seguro. A \u00e1rea \u00e9 toda cercada, iluminada e conta ainda com paisagismo. Endere\u00e7o: Rua Jos\u00e9 Tonelli, s\/n\u00ba, [&hellip;]<\/p>\n","protected":false},"author":14,"featured_media":0,"parent":399,"menu_order":0,"comment_status":"closed","ping_status":"closed","template":"","meta":{"footnotes":""},"class_list":["post-664","page","type-page","status-publish","hentry"],"_links":{"self":[{"href":"https:\/\/jundiai.sp.gov.br\/infraestrutura-e-servicos-publicos\/wp-json\/wp\/v2\/pages\/664","targetHints":{"allow":["GET"]}}],"collection":[{"href":"https:\/\/jundiai.sp.gov.br\/infraestrutura-e-servicos-publicos\/wp-json\/wp\/v2\/pages"}],"about":[{"href":"https:\/\/jundiai.sp.gov.br\/infraestrutura-e-servicos-publicos\/wp-json\/wp\/v2\/types\/page"}],"author":[{"embeddable":true,"href":"https:\/\/jundiai.sp.gov.br\/infraestrutura-e-servicos-publicos\/wp-json\/wp\/v2\/users\/14"}],"replies":[{"embeddable":true,"href":"https:\/\/jundiai.sp.gov.br\/infraestrutura-e-servicos-publicos\/wp-json\/wp\/v2\/comments?post=664"}],"version-history":[{"count":9,"href":"https:\/\/jundiai.sp.gov.br\/infraestrutura-e-servicos-publicos\/wp-json\/wp\/v2\/pages\/664\/revisions"}],"predecessor-version":[{"id":2771,"href":"https:\/\/jundiai.sp.gov.br\/infraestrutura-e-servicos-publicos\/wp-json\/wp\/v2\/pages\/664\/revisions\/2771"}],"up":[{"embeddable":true,"href":"https:\/\/jundiai.sp.gov.br\/infraestrutura-e-servicos-publicos\/wp-json\/wp\/v2\/pages\/399"}],"wp:attachment":[{"href":"https:\/\/jundiai.sp.gov.br\/infraestrutura-e-servicos-publicos\/wp-json\/wp\/v2\/media?parent=664"}],"curies":[{"name":"wp","href":"https:\/\/api.w.org\/{rel}","templated":true}]}}