{"id":67,"date":"2014-08-21T19:31:22","date_gmt":"2014-08-21T22:31:22","guid":{"rendered":"https:\/\/jundiai.sp.gov.br\/servicos-publicos\/?page_id=67"},"modified":"2023-10-10T14:47:19","modified_gmt":"2023-10-10T17:47:19","slug":"lampadas","status":"publish","type":"page","link":"https:\/\/jundiai.sp.gov.br\/infraestrutura-e-servicos-publicos\/limpeza-publica\/residuos-residenciais\/reciclavel\/lampadas\/","title":{"rendered":"L\u00e2mpadas"},"content":{"rendered":"\n<p>Segundo a Lei N\u00ba 12.305\/10 que institui a Pol\u00edtica Nacional de Res\u00edduos S\u00f3lidos (PNRS), em seu artigo 33, os fabricantes, importadores, distribuidores e comerciantes de l\u00e2mpadas fluorescentes, de vapor de s\u00f3dio e merc\u00fario e de luz mista s\u00e3o obrigados a estruturar e implementar sistemas de log\u00edstica reversa, conforme Acordo Setorial, mediante retorno dos produtos ap\u00f3s o uso pelo consumidor, de forma independente do servi\u00e7o p\u00fablico de limpeza urbana e de manejo dos res\u00edduos s\u00f3lidos.<\/p>\n\n\n\n<p>Para descartar l\u00e2mpadas, na cidade de Jundia\u00ed, o mun\u00edcipe deve se dirigir a um ponto de entrega da cidade. O respons\u00e1vel do estabelecimento \u00e9 encarregado de solicitar a retirada dos res\u00edduos pela empresa gestora de log\u00edstica reversa de l\u00e2mpadas. Vale lembrar que as l\u00e2mpadas n\u00e3o devem ser colocadas no \u201clixo comum\u201d.<\/p>\n\n\n\n<p><strong>Pontos de entrega para descarte de l\u00e2mpadas:<\/strong><\/p>\n\n\n\n<p><strong>Carrefour<\/strong><br> Av. Prof\u00aa M\u00aa do Carmo Guimar\u00e3es Pellegrini, 800, Mois\u00e9s, 13210-816.<br> Telefone: (11) 4583-5000<\/p>\n\n\n\n<p><strong>Casa F\u00e1cil Arcofan<\/strong><br> Av. dos Imigrantes Italianos, 2010, Col\u00f4nia, 13218-090.<br> Telefone: (11) 99898-0496<\/p>\n\n\n\n<p><strong>Continental Materiais de Constru\u00e7\u00e3o<\/strong><br>\nRua V\u00e1rzea Paulista, 345 &#8211; Vila Agr\u00edcola, 13202-700.<br>\nTelefone: (11) 4607-1256<\/p>\n\n\n\n<p><strong>Di Palma Di Napoli<\/strong><br>\nAv. Humberto Cereser, 425, Jundia\u00ed-Mirim, 13216-700.<br>\nTelefone: (11) 4584-0801<\/p>\n\n\n\n<p><strong>El\u00e9trica Ponte<\/strong><br>\nAv. S\u00e3o Jo\u00e3o, 488 &#8211; Vila Joana, 13216-000.<br>\nTelefone: (11) 4816-6685<\/p>\n\n\n\n<p><strong>Fornecedora Tiradentes<\/strong><br> Rua Carlos Gomes, 1700 , Vl. Savieto, 13216-232.<br> Telefone: (11) 4521-4011<\/p>\n\n\n\n<p><strong>Fornecedora Tulipas<\/strong><br>\nRua Adelino Martins, 865, Jd. Das Tulipas, 13212-600.<br>\nTelefone: (11) 4582-4098<\/p>\n\n\n\n<p><strong>Sodimac Dicico<\/strong><br>\nAv. Ant\u00f4nio Frederico Ozanan, 6080, Vila Rio Branco, 13215-276.<br>\nTelefone: (11) 3004-5678<\/p>\n","protected":false},"excerpt":{"rendered":"<p>Segundo a Lei N\u00ba 12.305\/10 que institui a Pol\u00edtica Nacional de Res\u00edduos S\u00f3lidos (PNRS), em seu artigo 33, os fabricantes, importadores, distribuidores e comerciantes de l\u00e2mpadas fluorescentes, de vapor de s\u00f3dio e merc\u00fario e de luz mista s\u00e3o obrigados a estruturar e implementar sistemas de log\u00edstica reversa, conforme Acordo Setorial, mediante retorno dos produtos ap\u00f3s [&hellip;]<\/p>\n","protected":false},"author":11,"featured_media":0,"parent":63,"menu_order":0,"comment_status":"closed","ping_status":"closed","template":"","meta":{"footnotes":""},"class_list":["post-67","page","type-page","status-publish","hentry"],"_links":{"self":[{"href":"https:\/\/jundiai.sp.gov.br\/infraestrutura-e-servicos-publicos\/wp-json\/wp\/v2\/pages\/67","targetHints":{"allow":["GET"]}}],"collection":[{"href":"https:\/\/jundiai.sp.gov.br\/infraestrutura-e-servicos-publicos\/wp-json\/wp\/v2\/pages"}],"about":[{"href":"https:\/\/jundiai.sp.gov.br\/infraestrutura-e-servicos-publicos\/wp-json\/wp\/v2\/types\/page"}],"author":[{"embeddable":true,"href":"https:\/\/jundiai.sp.gov.br\/infraestrutura-e-servicos-publicos\/wp-json\/wp\/v2\/users\/11"}],"replies":[{"embeddable":true,"href":"https:\/\/jundiai.sp.gov.br\/infraestrutura-e-servicos-publicos\/wp-json\/wp\/v2\/comments?post=67"}],"version-history":[{"count":5,"href":"https:\/\/jundiai.sp.gov.br\/infraestrutura-e-servicos-publicos\/wp-json\/wp\/v2\/pages\/67\/revisions"}],"predecessor-version":[{"id":4029,"href":"https:\/\/jundiai.sp.gov.br\/infraestrutura-e-servicos-publicos\/wp-json\/wp\/v2\/pages\/67\/revisions\/4029"}],"up":[{"embeddable":true,"href":"https:\/\/jundiai.sp.gov.br\/infraestrutura-e-servicos-publicos\/wp-json\/wp\/v2\/pages\/63"}],"wp:attachment":[{"href":"https:\/\/jundiai.sp.gov.br\/infraestrutura-e-servicos-publicos\/wp-json\/wp\/v2\/media?parent=67"}],"curies":[{"name":"wp","href":"https:\/\/api.w.org\/{rel}","templated":true}]}}