{"id":678,"date":"2016-06-16T08:34:53","date_gmt":"2016-06-16T11:34:53","guid":{"rendered":"https:\/\/jundiai.sp.gov.br\/servicos-publicos\/?page_id=678"},"modified":"2026-02-25T16:26:54","modified_gmt":"2026-02-25T19:26:54","slug":"ecopontos","status":"publish","type":"page","link":"https:\/\/jundiai.sp.gov.br\/infraestrutura-e-servicos-publicos\/limpeza-publica\/ecopontos\/","title":{"rendered":"Ecopontos"},"content":{"rendered":"\n<p><strong>ECOPONTOS<\/strong><\/p>\n\n\n\n<p>Ecopontos s\u00e3o locais onde os cidad\u00e3os jundiaienses podem realizar o DESCARTE GRATUITO de seus res\u00edduos s\u00f3lidos, gerados por conta de uma reforma (pequenos volumes de entulho), da troca de m\u00f3veis velhos por novos, de restos de madeira ou materiais verdes (resultantes de podas em \u00e1reas particulares \u2013 autorizadas pela UGPUMA e da ro\u00e7ada de mato e grama), de equipamentos eletr\u00f4nicos (computadores, CPU\u2019s e teclados, impressoras e demais hardwares), eletrodom\u00e9sticos, baterias e pilhas.<\/p>\n\n\n\n<p>Os ecopontos contribuem para evitar a distribui\u00e7\u00e3o de res\u00edduos em lugares proibidos e inapropriados, como em terrenos baldios, podendo dar destina\u00e7\u00e3o ambientalmente correta de forma eficiente e sem custos. O descarte irregular \u00e9 crime sujeito \u00e0 multa (Lei Municipal N\u00b02.140\/1975 e Lei Municipal N\u00ba 7.186\/2008).<\/p>\n\n\n\n<ul class=\"wp-block-list\">\n<li><strong>Quanto eu posso descartar gratuitamente nos Ecopontos da cidade?<\/strong><\/li>\n<\/ul>\n\n\n\n<p>Cada resid\u00eancia existente no munic\u00edpio de Jundia\u00ed tem a possibilidade de descartar GRATUITAMENTE, 1 (UMA) vez por semana, o volume de at\u00e9 1m\u00b3 (um metro c\u00fabico) \u2013 o equivalente a uma caixa d\u2019\u00e1gua de 1000 (mil) litros &#8211; de res\u00edduos s\u00f3lidos.<\/p>\n\n\n\n<p>Na entrada do Ecoponto, ser\u00e1 realizado um cadastro com o nome do mun\u00edcipe, endere\u00e7o, placa do carro e tipo de material que est\u00e1 sendo descartado, com data e hora da utiliza\u00e7\u00e3o do benef\u00edcio.<\/p>\n\n\n\n<ul class=\"wp-block-list\">\n<li><strong>Por que n\u00e3o posso descartar os res\u00edduos s\u00f3lidos em qualquer \u00e1rea?<\/strong><\/li>\n<\/ul>\n\n\n\n<p>Os Ecopontos s\u00e3o espa\u00e7os criados pela Administra\u00e7\u00e3o P\u00fablica com a finalidade de destinar os materiais aos locais corretos, e que posteriormente receber\u00e3o tratamento ou ser\u00e3o destinados a empresas para que passem pelo processo de <strong>LOG\u00cdSTICA REVERSA<\/strong>.<\/p>\n\n\n\n<p>Quando ocorre um <strong>DESCARTE IRREGULAR<\/strong> de restos de materiais de constru\u00e7\u00e3o provenientes de pequenas ou grandes reformas, e de qualquer outro res\u00edduo s\u00f3lido (m\u00f3veis velhos, madeira, recicl\u00e1veis, org\u00e2nicos) em \u00e1reas p\u00fablicas ou privadas n\u00e3o muradas (terrenos baldios), esclarecemos que no local al\u00e9m de estar ocorrendo um <strong>CRIME AMBIENTAL<\/strong> <strong>pass\u00edvel de puni\u00e7\u00e3o e MULTA (Leis Municipais n\u00ba 2140\/1975 e n\u00ba 7.186\/2008), <\/strong>neste local existir\u00e1 tamb\u00e9m a contamina\u00e7\u00e3o do solo e do len\u00e7ol fre\u00e1tico, al\u00e9m de danos e preju\u00edzos \u00e0 fauna, flora e a sa\u00fade como um todo, al\u00e9m de promover o aparecimento de animais sinantr\u00f3picos (ratos, mosquitos, escorpi\u00f5es, entre outros).<\/p>\n\n\n\n<ul class=\"wp-block-list\">\n<li><strong>O que eu posso descartar nos Ecopontos?<\/strong><\/li>\n<\/ul>\n\n\n\n<p>Confira abaixo a tabela do que pode ser descartado e como devem ser acondicionados, de forma que possamos evitar acidentes:<\/p>\n\n\n\n<p><strong>TABELA COM RES\u00cdDUOS PERMITIDOS NOS ECOPONTOS E MODO DE ACONDICIONAR O MATERIAL<\/strong><\/p>\n\n\n\n<figure class=\"wp-block-table\"><table><tbody><tr><td><strong>RES\u00cdDUOS S\u00d3LIDO<\/strong><\/td><td><strong>COMO ACONDICIONAR<\/strong><\/td><td><strong>ENTREGA<\/strong><\/td><\/tr><tr><\/tr><tr><\/tr><tr><\/tr><tr><\/tr><tr><\/tr><tr><\/tr><tr><\/tr><tr><\/tr><tr><\/tr><tr><td><strong>Equipamentos eletr\u00f4nicos<\/strong> (computadores, impressoras, teclados, controles de v\u00eddeo game, CPU\u2019s, celulares)<\/td><td>Solicitamos que sejam acondicionados em caixas identificadas. Esses equipamentos possuem compostos qu\u00edmicos em sua fabrica\u00e7\u00e3o e podem gerar contamina\u00e7\u00e3o. <strong>*N\u00c3O<\/strong> <strong>descarte esses materiais na coleta seletiva (org\u00e2nico\/recicl\u00e1vel).*<\/strong><\/td><td>&#8211; Ecoponto mais pr\u00f3ximo de sua resid\u00eancia.<br>Caso o morador possua uma grande quantidade de componentes eletr\u00f4nicos e n\u00e3o possua carro, neste caso, o mun\u00edcipe poder\u00e1 aguardar a coleta seletiva (recicl\u00e1vel e cata-treco) de seu bairro e entregar o material em m\u00e3os do colaborador da empresa prestadora de servi\u00e7os. Caso possua condu\u00e7\u00e3o, poder\u00e1 ser entregue diretamente no GERESOL.<\/td><\/tr><tr><\/tr><tr><\/tr><tr><\/tr><tr><\/tr><tr><\/tr><tr><\/tr><tr><\/tr><tr><\/tr><tr><\/tr><tr><td><strong>Pilhas e baterias<\/strong><\/td><td>Solicitamos que sejam acondicionados em pequenas caixas ou sacolas e sejam identificadas. Pilhas e baterias possuem compostos qu\u00edmicos em sua fabrica\u00e7\u00e3o e podem gerar contamina\u00e7\u00e3o. <strong>*N\u00e3o<\/strong> <strong>descarte esses materiais na coleta org\u00e2nica*<\/strong><\/td><td>&#8211; Ecoponto mais pr\u00f3ximo de sua resid\u00eancia.<br>&#8211; Ponto de coleta &#8211; Complexo Argos.<br>&#8211; Coleta seletiva (Recicl\u00e1vel) de seu bairro. (<a href=\"https:\/\/jundiai.sp.gov.br\/infraestrutura-e-servicos-publicos\/limpeza-publica\/coleta-organica-seletiva-e-cata-treco\/\">Consulte o cronograma aqui<\/a>)<\/td><\/tr><tr><\/tr><tr><\/tr><tr><\/tr><tr><\/tr><tr><\/tr><tr><\/tr><tr><\/tr><tr><\/tr><tr><\/tr><tr><td><strong>Vidros<\/strong> <strong>(EXCETO <\/strong>vidro temperado e espelho<strong>)<\/strong><br><\/td><td><strong>At\u00e9 1m\u00b3 e descarte uma vez na semana<\/strong> <strong>&#8211;<\/strong> O VIDRO deve ser separado, embalado e identificado em caixas de papel\u00e3o ou garrafas PET, evitando que se quebrem e possam gerar acidentes, <strong>*EVITE ACIDENTES: N\u00c3O DESCARTE VIDRO NA COLETA DE LIXO ORG\u00c2NICA, NEM EM SACOS DE LIXO*<\/strong><\/td><td>&#8211; Ecoponto mais pr\u00f3ximo de sua resid\u00eancia.<br>&#8211; Coleta seletiva (Recicl\u00e1vel) de seu bairro. (<a href=\"https:\/\/jundiai.sp.gov.br\/infraestrutura-e-servicos-publicos\/limpeza-publica\/coleta-organica-seletiva-e-cata-treco\/\">Consulte o cronograma aqui<\/a>)<br>&#8211; Para maiores quantidades, procurar o GERESOL.<\/td><\/tr><tr><\/tr><tr><\/tr><tr><\/tr><tr><\/tr><tr><\/tr><tr><\/tr><tr><\/tr><tr><\/tr><tr><\/tr><tr><td><strong>Entulho<\/strong> (restos de material de constru\u00e7\u00e3o, t\u00e1buas, azulejos, pedras, areia, tijolos, blocos e gesso)<br><\/td><td><strong>At\u00e9 1m\u00b3 (um metro c\u00fabico \u2013 equivale a uma caixa d\u2019\u00e1gua de mil litros) e descarte uma vez na semana<\/strong><br><\/td><td>&#8211; Ecoponto mais pr\u00f3ximo de sua resid\u00eancia.<br><strong>OBS<\/strong>. Acima desta quantidade, o mun\u00edcipe ou empresa dever\u00e1 contratar empresa de ca\u00e7amba para o descarte.<\/td><\/tr><tr><\/tr><tr><\/tr><tr><\/tr><tr><\/tr><tr><\/tr><tr><\/tr><tr><\/tr><tr><\/tr><tr><\/tr><tr><td><strong>Pl\u00e1sticos<\/strong><\/td><td><strong>At\u00e9 1m\u00b3<\/strong> <strong>e descarte uma vez na semana<\/strong> &#8211; Acondicionados em sacos\/sacolas ou caixas.<\/td><td>&#8211; Ecoponto mais pr\u00f3ximo de sua resid\u00eancia.<br>&#8211; Coleta seletiva (Recicl\u00e1vel) de seu bairro. (<a href=\"https:\/\/jundiai.sp.gov.br\/infraestrutura-e-servicos-publicos\/limpeza-publica\/coleta-organica-seletiva-e-cata-treco\/\">Consulte o cronograma aqui<\/a>)<\/td><\/tr><tr><\/tr><tr><\/tr><tr><\/tr><tr><\/tr><tr><\/tr><tr><\/tr><tr><\/tr><tr><\/tr><tr><\/tr><tr><td><strong>Isopor<\/strong><\/td><td><strong>At\u00e9 1m\u00b3<\/strong> <strong>e descarte uma vez na semana.<\/strong><br>Aceitamos para a reciclagem apenas isopores de grande porte, como os que acondicionam Eletrodom\u00e9sticos ou os de caixas t\u00e9rmicas. O isopor que \u00e9 utilizado para acondicionamento de alimentos em geral, como carnes e frios, dever\u00e1 ser descartado na coleta org\u00e2nica.<\/td><td>&#8211; Ecoponto mais pr\u00f3ximo de sua resid\u00eancia.<br>&#8211; Coleta seletiva (Recicl\u00e1vel ou Cata- Treco) de seu bairro. (<a href=\"https:\/\/jundiai.sp.gov.br\/infraestrutura-e-servicos-publicos\/limpeza-publica\/coleta-organica-seletiva-e-cata-treco\/\">Consulte o cronograma aqui<\/a>)<br>&#8211; Para maiores quantidades, procurar o GERESOL.<\/td><\/tr><tr><\/tr><tr><\/tr><tr><\/tr><tr><\/tr><tr><\/tr><tr><\/tr><tr><\/tr><tr><\/tr><tr><\/tr><tr><td><strong>Madeiras<\/strong> (de m\u00f3veis, caixas de frutas, e madeiras que n\u00e3o sejam da constru\u00e7\u00e3o civil)<\/td><td><strong>At\u00e9 1m\u00b3 e descarte uma vez na semana<\/strong> &#8211; Amarrados de prefer\u00eancia em pequenos lotes<\/td><td>&#8211; Ecoponto mais pr\u00f3ximo de sua resid\u00eancia.<br>&#8211; Coleta seletiva (Cata-Treco) de seu bairro. (<a href=\"https:\/\/jundiai.sp.gov.br\/infraestrutura-e-servicos-publicos\/limpeza-publica\/coleta-organica-seletiva-e-cata-treco\/\">Consulte o cronograma aqui<\/a>)<br>&#8211; Para maiores quantidades, procurar o GERESOL.<\/td><\/tr><tr><\/tr><tr><\/tr><tr><\/tr><tr><\/tr><tr><\/tr><tr><\/tr><tr><\/tr><tr><\/tr><tr><\/tr><tr><td><strong>Res\u00edduos Verdes<\/strong> (restos de corte de mato ou poda de \u00e1reas particulares autorizadas pela UGPUMA \u2013 Decreto Municipal n\u00ba 21.112\/2008).<\/td><td><strong>At\u00e9 1m\u00b3 (um metro c\u00fabico \u2013 equivale a uma caixa d\u2019\u00e1gua de mil litros) e descarte uma vez na semana<\/strong><br>Destacamos que o mun\u00edcipe que atear fogo a esse tipo de res\u00edduo tamb\u00e9m comete infra\u00e7\u00e3o, com san\u00e7\u00e3o prevista pela Lei.<\/td><td>&#8211; Ecoponto mais pr\u00f3ximo de sua resid\u00eancia.<br>&#8211; Coleta seletiva (Cata-Treco) de seu bairro. (<a href=\"https:\/\/jundiai.sp.gov.br\/infraestrutura-e-servicos-publicos\/limpeza-publica\/coleta-organica-seletiva-e-cata-treco\/\">Consulte o cronograma aqui<\/a>)<br>&#8211; Para maiores quantidades, procurar o GERESOL.<\/td><\/tr><tr><\/tr><tr><\/tr><tr><\/tr><tr><\/tr><tr><\/tr><tr><\/tr><tr><\/tr><tr><\/tr><tr><\/tr><tr><td><strong>M\u00f3veis e eletrodom\u00e9sticos<\/strong><\/td><td>Os m\u00f3veis podem ser separados na cal\u00e7ada da moradia do mun\u00edcipe no dia e per\u00edodo em que passar a coleta de <strong>CATA-TRECO.<\/strong><\/td><td>&#8211; Ecoponto mais pr\u00f3ximo de sua resid\u00eancia.<br>&#8211; Coleta seletiva (Cata-Treco) de seu bairro. (<a href=\"https:\/\/jundiai.sp.gov.br\/infraestrutura-e-servicos-publicos\/limpeza-publica\/coleta-organica-seletiva-e-cata-treco\/\">Consulte o cronograma aqui<\/a>)<br>&#8211; Para maiores quantidades, procurar o GERESOL.<\/td><\/tr><tr><\/tr><tr><\/tr><tr><\/tr><tr><\/tr><tr><\/tr><tr><\/tr><tr><\/tr><tr><\/tr><tr><\/tr><tr><td><strong>Pneus<\/strong><\/td><td>Os pneus de carros (no m\u00e1ximo cinco) podem ser separados na cal\u00e7ada do mun\u00edcipe no dia e per\u00edodo em que passar a coleta de <strong>CATA-TRECO.<\/strong> Os pneus maiores, como de caminh\u00e3o, devem ser levados at\u00e9 o GERESOL.<\/td><td>&#8211; <strong>Somente no Ecoponto GERESOL.<\/strong><br>&#8211; Coleta seletiva (Cata-Treco) de seu bairro. (<a href=\"https:\/\/jundiai.sp.gov.br\/infraestrutura-e-servicos-publicos\/limpeza-publica\/coleta-organica-seletiva-e-cata-treco\/\">Consulte o cronograma aqui<\/a>)<br>&#8211; Para maiores quantidades, procurar o GERESOL.<\/td><\/tr><\/tbody><\/table><\/figure>\n\n\n\n<ul class=\"wp-block-list\">\n<li><strong>O que eu N\u00c3O POSSO DESCARTAR em ecopontos e na coleta em geral?<\/strong><\/li>\n<\/ul>\n\n\n\n<figure class=\"wp-block-table\"><table><tbody><tr><td><strong>MATERIAIS N\u00c3O CAPTADOS<\/strong><\/td><td><strong>COMO ACONDICIONAR<\/strong><\/td><td><strong>ENTREGAR ONDE<\/strong><\/td><\/tr><tr><\/tr><tr><\/tr><tr><\/tr><tr><\/tr><tr><\/tr><tr><\/tr><tr><\/tr><tr><\/tr><tr><\/tr><tr><td><strong>LATAS DE SOBRA DE TINTA, VERNIZES E SOLVENTES<br><\/strong>(Lei N\u00ba 7.506\/10)<br><strong>EMBALAGENS DE VENENO AGR\u00cdCOLA<\/strong><br><strong>EMBALAGENS DE PRODUTOS QU\u00cdMICOS PARA PISCINA<\/strong><br><strong>EMBALAGENS DE PRODUTOS QU\u00cdMICOS EM GERAL (COLA, ARGAMASSA, NEUTROL, MACTRA ETC.)<\/strong><\/td><td>Solicitamos que TODOS esses materiais sejam acondicionados em caixas, com tampas bem vedadas e destinadas \u00e0s lojas onde foram comprados. Desta forma, o com\u00e9rcio dever\u00e1 acionar o fabricante. Os fabricantes dos produtos realizam a log\u00edstica reversa desses produtos. <strong>N\u00c3O DESCARTE RESTOS DE PRODUTOS QU\u00cdMICOS OU EMBALAGENS EM \u00c1REAS P\u00daBLICAS<\/strong> \u2013 h\u00e1 risco de contamina\u00e7\u00e3o dos len\u00e7\u00f3is fre\u00e1ticos e mananciais, sendo um <strong>CRIME AMBIENTAL<\/strong>, sujeito a puni\u00e7\u00e3o.<\/td><td>Entrega nos com\u00e9rcios onde foram comprados, que realizam o contato com o fabricante \/ vendedor para que sejam tomadas as provid\u00eancias.<\/td><\/tr><tr><\/tr><tr><\/tr><tr><\/tr><tr><\/tr><tr><\/tr><tr><\/tr><tr><\/tr><tr><\/tr><tr><\/tr><tr><td><strong>L\u00c2MPADAS FLUORESCENTES, DE VAPOR DE S\u00d3DIO E MERC\u00daRIO E DE LUZ MISTA<\/strong><\/td><td>Embaladas e bem acondicionadas em caixas ou sacos resistentes. N\u00e3o devem ser quebradas, pois existem produtos qu\u00edmicos em seu interior, podendo ocorrer contamina\u00e7\u00e3o. <strong>*N\u00c3O DESCARTE L\u00c2MPADAS EM \u00c1REAS P\u00daBLICAS*<\/strong><\/td><td>&#8211; Entrega nos pontos de coleta de log\u00edstica reversa (<a href=\"https:\/\/jundiai.sp.gov.br\/infraestrutura-e-servicos-publicos\/limpeza-publica\/residuos-industriais\/lampadas\/\">Clique aqui para saber quais os pontos de coleta e seus endere\u00e7os<\/a>).<\/td><\/tr><tr><\/tr><tr><\/tr><tr><\/tr><tr><\/tr><tr><\/tr><tr><\/tr><tr><\/tr><tr><\/tr><tr><\/tr><tr><td><strong>TELHAS DE AMIANTO E CAIXAS D\u2019\u00c1GUA DE AMIANTO<\/strong><\/td><td>N\u00e3o devem ser quebradas. Devem ser reunidas e colocadas em ambiente aberto, sem contato com a terra ou \u00e1gua. Contatar a equipe do GERESOL para as orienta\u00e7\u00f5es atrav\u00e9s do telefone <strong>(11) 4589-9536<\/strong> ou <strong>(11) 4589-9537<\/strong><\/td><td>Contatar a equipe GERESOL para as orienta\u00e7\u00f5es <strong>(11) 4589-9532<\/strong>.<\/td><\/tr><\/tbody><\/table><\/figure>\n\n\n\n<p><strong>Confira os endere\u00e7os, dias e hor\u00e1rios de funcionamento dos Ecopontos do munic\u00edpio de Jundia\u00ed:<\/strong><\/p>\n\n\n\n<p><strong>Ecoponto GERESOL<\/strong><br>Av. Yamashita Yukio, 1268 \u2013 Distrito Industrial, CEP 13213-010.<br>Segunda a sexta-feira: 7h30 \u00e0s 16h40.<br>S\u00e1bado: 07h30 \u00e0s 11h30<\/p>\n\n\n\n<p><strong>Ecoponto Cidade Nova<\/strong><br>R. Doraci Camargo Alegre, s\/n\u00b0 \u2013 Cidade Nova, CEP 13219-410.<br>Segunda a sexta-feira: 8h \u00e0s 12h \u2013 13h \u00e0s 17h.<br>S\u00e1bado: 8h \u00e0s 12h<\/p>\n\n\n\n<p><strong>Ecoponto Jardim do Lago<\/strong><br>R. Geraldo Santos, 195 \u2013 Jardim do Lago, CEP 13203-650.<br>Segunda a sexta-feira: 7h30 \u00e0s 12h \u2013 13h \u00e0s 16h.<br>S\u00e1bado: 7h \u00e0s 12h \u2013 13h \u00e0s 15h<\/p>\n\n\n\n<p><strong>Ecoponto Jardim Tarum\u00e3<\/strong><br>Rua Rio de Janeiro, s\/n \u2013 Jardim Tarum\u00e3, CEP 13216-570.<br>Segunda a sexta-feira das 8h \u00e0s 12h30 \u2013 13h30 \u00e0s 16h30.<br>S\u00e1bado: 8h \u00e0s 12h<\/p>\n\n\n\n<p><strong>Ecoponto Morada das Vinhas<\/strong><\/p>\n\n\n\n<p><strong>(Parque Ecol\u00f3gico Morada das Vinhas \u2013 \u201cJos\u00e9 Roberto Mota Barroca\u201d)<\/strong><br>R. Uva Ni\u00e1gara, 376 \u2013 Parque Cecap, CEP 13214-719<\/p>\n\n\n\n<p>Segunda a sexta-feira das 8h \u00e0s 12h \u2013 13h00 \u00e0s 16h30.<br>S\u00e1bado: 8h \u00e0s 12h<\/p>\n\n\n\n<p><strong>Ecoponto Residencial Jundia\u00ed<\/strong><br>Av. Eunice Cavalcante de Souza Queiroz, s\/n\u00ba \u2013 Parque Residencial Jundia\u00ed, CEP 13212-463.<br>Segunda a sexta-feira: 8h \u00e0s 12h \u2013 13h \u00e0s 17h.<br>S\u00e1bado: 8h \u00e0s 12h<\/p>\n\n\n\n<p><strong>Ecoponto Vila Nambi<\/strong><br>R. Marqu\u00eas de Maric\u00e1, s\/n\u00ba \u2013 Vila Nambi, CEP 13219-020.<br>Segunda a sexta-feira: 8h \u00e0s 12h \u2013 13h \u00e0s 17h.<br>S\u00e1bado: 8h \u00e0s 12h.<\/p>\n\n\n\n<figure class=\"wp-block-embed is-type-video is-provider-youtube wp-block-embed-youtube wp-embed-aspect-16-9 wp-has-aspect-ratio\"><div class=\"wp-block-embed__wrapper\">\n<iframe loading=\"lazy\" title=\"Ecopontos\" width=\"500\" height=\"281\" src=\"https:\/\/www.youtube.com\/embed\/H4BY7ryXilo?feature=oembed\" frameborder=\"0\" allow=\"accelerometer; autoplay; clipboard-write; encrypted-media; gyroscope; picture-in-picture; web-share\" referrerpolicy=\"strict-origin-when-cross-origin\" allowfullscreen><\/iframe>\n<\/div><\/figure>\n","protected":false},"excerpt":{"rendered":"<p>ECOPONTOS Ecopontos s\u00e3o locais onde os cidad\u00e3os jundiaienses podem realizar o DESCARTE GRATUITO de seus res\u00edduos s\u00f3lidos, gerados por conta de uma reforma (pequenos volumes de entulho), da troca de m\u00f3veis velhos por novos, de restos de madeira ou materiais verdes (resultantes de podas em \u00e1reas particulares \u2013 autorizadas pela UGPUMA e da ro\u00e7ada de [&hellip;]<\/p>\n","protected":false},"author":5,"featured_media":0,"parent":45,"menu_order":0,"comment_status":"closed","ping_status":"closed","template":"","meta":{"footnotes":""},"class_list":["post-678","page","type-page","status-publish","hentry"],"_links":{"self":[{"href":"https:\/\/jundiai.sp.gov.br\/infraestrutura-e-servicos-publicos\/wp-json\/wp\/v2\/pages\/678","targetHints":{"allow":["GET"]}}],"collection":[{"href":"https:\/\/jundiai.sp.gov.br\/infraestrutura-e-servicos-publicos\/wp-json\/wp\/v2\/pages"}],"about":[{"href":"https:\/\/jundiai.sp.gov.br\/infraestrutura-e-servicos-publicos\/wp-json\/wp\/v2\/types\/page"}],"author":[{"embeddable":true,"href":"https:\/\/jundiai.sp.gov.br\/infraestrutura-e-servicos-publicos\/wp-json\/wp\/v2\/users\/5"}],"replies":[{"embeddable":true,"href":"https:\/\/jundiai.sp.gov.br\/infraestrutura-e-servicos-publicos\/wp-json\/wp\/v2\/comments?post=678"}],"version-history":[{"count":22,"href":"https:\/\/jundiai.sp.gov.br\/infraestrutura-e-servicos-publicos\/wp-json\/wp\/v2\/pages\/678\/revisions"}],"predecessor-version":[{"id":4952,"href":"https:\/\/jundiai.sp.gov.br\/infraestrutura-e-servicos-publicos\/wp-json\/wp\/v2\/pages\/678\/revisions\/4952"}],"up":[{"embeddable":true,"href":"https:\/\/jundiai.sp.gov.br\/infraestrutura-e-servicos-publicos\/wp-json\/wp\/v2\/pages\/45"}],"wp:attachment":[{"href":"https:\/\/jundiai.sp.gov.br\/infraestrutura-e-servicos-publicos\/wp-json\/wp\/v2\/media?parent=678"}],"curies":[{"name":"wp","href":"https:\/\/api.w.org\/{rel}","templated":true}]}}