{"id":69,"date":"2014-08-21T19:31:46","date_gmt":"2014-08-21T22:31:46","guid":{"rendered":"https:\/\/jundiai.sp.gov.br\/servicos-publicos\/?page_id=69"},"modified":"2014-09-29T12:15:01","modified_gmt":"2014-09-29T15:15:01","slug":"lixo-eletronico","status":"publish","type":"page","link":"https:\/\/jundiai.sp.gov.br\/infraestrutura-e-servicos-publicos\/limpeza-publica\/residuos-residenciais\/reciclavel\/lixo-eletronico\/","title":{"rendered":"Lixo Eletr\u00f4nico"},"content":{"rendered":"<p>Lixo eletr\u00f4nico consiste em pilhas, baterias de telefone, baterias automotivas, entre outros. Sua coleta \u00e9 efetuada pela Coleta Seletiva \/ Armaz\u00e9m da Natureza ou pode ser entregue pelos mun\u00edcipes diretamente no Geresol. Av. Yamashita Yukio, 1268 &#8211; Distrito Industrial &#8211; Jundiai &#8211; SP<\/p>\n","protected":false},"excerpt":{"rendered":"<p>Lixo eletr\u00f4nico consiste em pilhas, baterias de telefone, baterias automotivas, entre outros. Sua coleta \u00e9 efetuada pela Coleta Seletiva \/ Armaz\u00e9m da Natureza ou pode ser entregue pelos mun\u00edcipes diretamente no Geresol. Av. Yamashita Yukio, 1268 &#8211; Distrito Industrial &#8211; Jundiai &#8211; SP<\/p>\n","protected":false},"author":11,"featured_media":0,"parent":63,"menu_order":0,"comment_status":"closed","ping_status":"closed","template":"","meta":{"footnotes":""},"class_list":["post-69","page","type-page","status-publish","hentry"],"_links":{"self":[{"href":"https:\/\/jundiai.sp.gov.br\/infraestrutura-e-servicos-publicos\/wp-json\/wp\/v2\/pages\/69","targetHints":{"allow":["GET"]}}],"collection":[{"href":"https:\/\/jundiai.sp.gov.br\/infraestrutura-e-servicos-publicos\/wp-json\/wp\/v2\/pages"}],"about":[{"href":"https:\/\/jundiai.sp.gov.br\/infraestrutura-e-servicos-publicos\/wp-json\/wp\/v2\/types\/page"}],"author":[{"embeddable":true,"href":"https:\/\/jundiai.sp.gov.br\/infraestrutura-e-servicos-publicos\/wp-json\/wp\/v2\/users\/11"}],"replies":[{"embeddable":true,"href":"https:\/\/jundiai.sp.gov.br\/infraestrutura-e-servicos-publicos\/wp-json\/wp\/v2\/comments?post=69"}],"version-history":[{"count":2,"href":"https:\/\/jundiai.sp.gov.br\/infraestrutura-e-servicos-publicos\/wp-json\/wp\/v2\/pages\/69\/revisions"}],"predecessor-version":[{"id":267,"href":"https:\/\/jundiai.sp.gov.br\/infraestrutura-e-servicos-publicos\/wp-json\/wp\/v2\/pages\/69\/revisions\/267"}],"up":[{"embeddable":true,"href":"https:\/\/jundiai.sp.gov.br\/infraestrutura-e-servicos-publicos\/wp-json\/wp\/v2\/pages\/63"}],"wp:attachment":[{"href":"https:\/\/jundiai.sp.gov.br\/infraestrutura-e-servicos-publicos\/wp-json\/wp\/v2\/media?parent=69"}],"curies":[{"name":"wp","href":"https:\/\/api.w.org\/{rel}","templated":true}]}}