{"id":73,"date":"2014-08-21T19:33:28","date_gmt":"2014-08-21T22:33:28","guid":{"rendered":"https:\/\/jundiai.sp.gov.br\/servicos-publicos\/?page_id=73"},"modified":"2019-06-19T17:18:14","modified_gmt":"2019-06-19T20:18:14","slug":"reciclavel","status":"publish","type":"page","link":"https:\/\/jundiai.sp.gov.br\/infraestrutura-e-servicos-publicos\/limpeza-publica\/residuos-residenciais\/reciclavel\/reciclavel\/","title":{"rendered":"Recicl\u00e1vel"},"content":{"rendered":"<p>A coleta de res\u00edduos recicl\u00e1veis atende 100 % do munic\u00edpio.<\/p>\n<p>A coleta seletiva faz parte do Programa Armaz\u00e9m da Natureza, respons\u00e1vel pela coleta de lixo recicl\u00e1vel, que recolhe materiais como pl\u00e1sticos, vidros, latas, pap\u00e9is, entre outros.<\/p>\n<p>O lixo seco \u00e9 formado por materiais recicl\u00e1veis (papel, papel\u00e3o, vidros, pl\u00e1sticos e metais). Os pap\u00e9is devem ser guardados limpos e secos. Vidros, pl\u00e1sticos e metais devem ser enxaguados de restos de alimentos. O lixo seco deve ser entregue aos caminh\u00f5es de coleta seletiva.<\/p>\n<p>Caminh\u00f5es especiais recolhem o lixo recicl\u00e1vel em cada bairro em dias espec\u00edficos.<\/p>\n<p>Vale lembrar que entulhos \/ res\u00edduos de constru\u00e7\u00e3o e materiais de poda de \u00e1rvores n\u00e3o s\u00e3o recolhidos pelo cata-treco ou coleta seletiva, nem pelas Unidades de Servi\u00e7o.<\/p>\n<p>Qualquer irregularidade identificada, registre pelo telefone 156.<\/p>\n","protected":false},"excerpt":{"rendered":"<p>A coleta de res\u00edduos recicl\u00e1veis atende 100 % do munic\u00edpio. A coleta seletiva faz parte do Programa Armaz\u00e9m da Natureza, respons\u00e1vel pela coleta de lixo recicl\u00e1vel, que recolhe materiais como pl\u00e1sticos, vidros, latas, pap\u00e9is, entre outros. O lixo seco \u00e9 formado por materiais recicl\u00e1veis (papel, papel\u00e3o, vidros, pl\u00e1sticos e metais). Os pap\u00e9is devem ser guardados [&hellip;]<\/p>\n","protected":false},"author":5,"featured_media":0,"parent":63,"menu_order":0,"comment_status":"closed","ping_status":"closed","template":"","meta":{"footnotes":""},"class_list":["post-73","page","type-page","status-publish","hentry"],"_links":{"self":[{"href":"https:\/\/jundiai.sp.gov.br\/infraestrutura-e-servicos-publicos\/wp-json\/wp\/v2\/pages\/73","targetHints":{"allow":["GET"]}}],"collection":[{"href":"https:\/\/jundiai.sp.gov.br\/infraestrutura-e-servicos-publicos\/wp-json\/wp\/v2\/pages"}],"about":[{"href":"https:\/\/jundiai.sp.gov.br\/infraestrutura-e-servicos-publicos\/wp-json\/wp\/v2\/types\/page"}],"author":[{"embeddable":true,"href":"https:\/\/jundiai.sp.gov.br\/infraestrutura-e-servicos-publicos\/wp-json\/wp\/v2\/users\/5"}],"replies":[{"embeddable":true,"href":"https:\/\/jundiai.sp.gov.br\/infraestrutura-e-servicos-publicos\/wp-json\/wp\/v2\/comments?post=73"}],"version-history":[{"count":3,"href":"https:\/\/jundiai.sp.gov.br\/infraestrutura-e-servicos-publicos\/wp-json\/wp\/v2\/pages\/73\/revisions"}],"predecessor-version":[{"id":1905,"href":"https:\/\/jundiai.sp.gov.br\/infraestrutura-e-servicos-publicos\/wp-json\/wp\/v2\/pages\/73\/revisions\/1905"}],"up":[{"embeddable":true,"href":"https:\/\/jundiai.sp.gov.br\/infraestrutura-e-servicos-publicos\/wp-json\/wp\/v2\/pages\/63"}],"wp:attachment":[{"href":"https:\/\/jundiai.sp.gov.br\/infraestrutura-e-servicos-publicos\/wp-json\/wp\/v2\/media?parent=73"}],"curies":[{"name":"wp","href":"https:\/\/api.w.org\/{rel}","templated":true}]}}