{"id":75,"date":"2014-08-21T19:34:31","date_gmt":"2014-08-21T22:34:31","guid":{"rendered":"https:\/\/jundiai.sp.gov.br\/servicos-publicos\/?page_id=75"},"modified":"2019-06-19T17:18:03","modified_gmt":"2019-06-19T20:18:03","slug":"coleta-de-galhos-e-materiais-de-poda","status":"publish","type":"page","link":"https:\/\/jundiai.sp.gov.br\/infraestrutura-e-servicos-publicos\/limpeza-publica\/residuos-residenciais\/coleta-de-galhos-e-materiais-de-poda\/","title":{"rendered":"Coleta de Galhos e Materiais de Poda"},"content":{"rendered":"<p>A Prefeitura coleta o volume m\u00e1ximo de 400 litros (equivalente a quatro sacos 100 litros) de galhos, de acordo com a &#8220;Lei 2140\/75, de 13\/10\/1975&#8221;. Solicitamos embalar os galhos para que a coleta possa ser feita sem problemas sendo efetuada junto com a coleta de lixo dom\u00e9stico.<\/p>\n<p>Quantidades de galhos superiores a esta dever\u00e3o ser removidas pelo respons\u00e1vel dos res\u00edduos com recursos pr\u00f3prios e encaminhadas para o GERESOL, na Avenida Yamashita Yukio 1268 \u2013 Distrito Industrial \u2013 Jundia\u00ed.<\/p>\n<p>Qualquer irregularidade identificada, registre pelo telefone 156.<\/p>\n","protected":false},"excerpt":{"rendered":"<p>A Prefeitura coleta o volume m\u00e1ximo de 400 litros (equivalente a quatro sacos 100 litros) de galhos, de acordo com a &#8220;Lei 2140\/75, de 13\/10\/1975&#8221;. Solicitamos embalar os galhos para que a coleta possa ser feita sem problemas sendo efetuada junto com a coleta de lixo dom\u00e9stico. Quantidades de galhos superiores a esta dever\u00e3o ser [&hellip;]<\/p>\n","protected":false},"author":5,"featured_media":0,"parent":59,"menu_order":0,"comment_status":"closed","ping_status":"closed","template":"","meta":{"footnotes":""},"class_list":["post-75","page","type-page","status-publish","hentry"],"_links":{"self":[{"href":"https:\/\/jundiai.sp.gov.br\/infraestrutura-e-servicos-publicos\/wp-json\/wp\/v2\/pages\/75","targetHints":{"allow":["GET"]}}],"collection":[{"href":"https:\/\/jundiai.sp.gov.br\/infraestrutura-e-servicos-publicos\/wp-json\/wp\/v2\/pages"}],"about":[{"href":"https:\/\/jundiai.sp.gov.br\/infraestrutura-e-servicos-publicos\/wp-json\/wp\/v2\/types\/page"}],"author":[{"embeddable":true,"href":"https:\/\/jundiai.sp.gov.br\/infraestrutura-e-servicos-publicos\/wp-json\/wp\/v2\/users\/5"}],"replies":[{"embeddable":true,"href":"https:\/\/jundiai.sp.gov.br\/infraestrutura-e-servicos-publicos\/wp-json\/wp\/v2\/comments?post=75"}],"version-history":[{"count":4,"href":"https:\/\/jundiai.sp.gov.br\/infraestrutura-e-servicos-publicos\/wp-json\/wp\/v2\/pages\/75\/revisions"}],"predecessor-version":[{"id":1904,"href":"https:\/\/jundiai.sp.gov.br\/infraestrutura-e-servicos-publicos\/wp-json\/wp\/v2\/pages\/75\/revisions\/1904"}],"up":[{"embeddable":true,"href":"https:\/\/jundiai.sp.gov.br\/infraestrutura-e-servicos-publicos\/wp-json\/wp\/v2\/pages\/59"}],"wp:attachment":[{"href":"https:\/\/jundiai.sp.gov.br\/infraestrutura-e-servicos-publicos\/wp-json\/wp\/v2\/media?parent=75"}],"curies":[{"name":"wp","href":"https:\/\/api.w.org\/{rel}","templated":true}]}}