{"id":80,"date":"2014-08-22T16:37:25","date_gmt":"2014-08-22T19:37:25","guid":{"rendered":"https:\/\/jundiai.sp.gov.br\/servicos-publicos\/?page_id=80"},"modified":"2014-09-29T12:15:56","modified_gmt":"2014-09-29T15:15:56","slug":"aterro-sanitario","status":"publish","type":"page","link":"https:\/\/jundiai.sp.gov.br\/infraestrutura-e-servicos-publicos\/limpeza-publica\/residuos-solidos\/aterro-sanitario\/","title":{"rendered":"Aterro Sanit\u00e1rio"},"content":{"rendered":"<p>Aterro Sanit\u00e1rio \u00e9 um processo utilizado para deposi\u00e7\u00e3o de res\u00edduos s\u00f3lidos no solo, particularmente lixo domiciliar que, fundamentado em crit\u00e9rios de engenharia e normas operacionais espec\u00edficas, permite um confinamento seguro em termos de controle de polui\u00e7\u00e3o ambiental e prote\u00e7\u00e3o da sa\u00fade p\u00fablica.<\/p>\n<p>A disposi\u00e7\u00e3o final de res\u00edduos s\u00f3lidos urbanos se d\u00e1 mediante confinamento em camadas cobertas com material inerte, geralmente solo.<\/p>\n<p>\u00c9 um m\u00e9todo mais adequado que o lix\u00e3o e o aterro controlado.<\/p>\n","protected":false},"excerpt":{"rendered":"<p>Aterro Sanit\u00e1rio \u00e9 um processo utilizado para deposi\u00e7\u00e3o de res\u00edduos s\u00f3lidos no solo, particularmente lixo domiciliar que, fundamentado em crit\u00e9rios de engenharia e normas operacionais espec\u00edficas, permite um confinamento seguro em termos de controle de polui\u00e7\u00e3o ambiental e prote\u00e7\u00e3o da sa\u00fade p\u00fablica. A disposi\u00e7\u00e3o final de res\u00edduos s\u00f3lidos urbanos se d\u00e1 mediante confinamento em camadas [&hellip;]<\/p>\n","protected":false},"author":11,"featured_media":0,"parent":78,"menu_order":0,"comment_status":"closed","ping_status":"closed","template":"","meta":{"footnotes":""},"class_list":["post-80","page","type-page","status-publish","hentry"],"_links":{"self":[{"href":"https:\/\/jundiai.sp.gov.br\/infraestrutura-e-servicos-publicos\/wp-json\/wp\/v2\/pages\/80","targetHints":{"allow":["GET"]}}],"collection":[{"href":"https:\/\/jundiai.sp.gov.br\/infraestrutura-e-servicos-publicos\/wp-json\/wp\/v2\/pages"}],"about":[{"href":"https:\/\/jundiai.sp.gov.br\/infraestrutura-e-servicos-publicos\/wp-json\/wp\/v2\/types\/page"}],"author":[{"embeddable":true,"href":"https:\/\/jundiai.sp.gov.br\/infraestrutura-e-servicos-publicos\/wp-json\/wp\/v2\/users\/11"}],"replies":[{"embeddable":true,"href":"https:\/\/jundiai.sp.gov.br\/infraestrutura-e-servicos-publicos\/wp-json\/wp\/v2\/comments?post=80"}],"version-history":[{"count":2,"href":"https:\/\/jundiai.sp.gov.br\/infraestrutura-e-servicos-publicos\/wp-json\/wp\/v2\/pages\/80\/revisions"}],"predecessor-version":[{"id":270,"href":"https:\/\/jundiai.sp.gov.br\/infraestrutura-e-servicos-publicos\/wp-json\/wp\/v2\/pages\/80\/revisions\/270"}],"up":[{"embeddable":true,"href":"https:\/\/jundiai.sp.gov.br\/infraestrutura-e-servicos-publicos\/wp-json\/wp\/v2\/pages\/78"}],"wp:attachment":[{"href":"https:\/\/jundiai.sp.gov.br\/infraestrutura-e-servicos-publicos\/wp-json\/wp\/v2\/media?parent=80"}],"curies":[{"name":"wp","href":"https:\/\/api.w.org\/{rel}","templated":true}]}}