{"id":92,"date":"2014-08-22T16:51:37","date_gmt":"2014-08-22T19:51:37","guid":{"rendered":"https:\/\/jundiai.sp.gov.br\/servicos-publicos\/?page_id=92"},"modified":"2014-09-29T12:17:25","modified_gmt":"2014-09-29T15:17:25","slug":"delicia-de-reciclagem","status":"publish","type":"page","link":"https:\/\/jundiai.sp.gov.br\/infraestrutura-e-servicos-publicos\/limpeza-publica\/residuos-solidos\/reciclagem\/delicia-de-reciclagem\/","title":{"rendered":"Del\u00edcia de Reciclagem"},"content":{"rendered":"<p>A proposta do programa \u00e9 educar e conscientizar os moradores sobre a import\u00e2ncia da reciclagem. Para estimular essa pr\u00e1tica, todo material entregue \u00e9 \u201ctrocado\u201d por g\u00eaneros aliment\u00edcios frescos, produzidos no munic\u00edpio.<\/p>\n<p>A horta, instalada no Unidam \u2013 Unidade de Desenvolvimento Ambiental, tem uma \u00e1rea de 2.300 m\u00b2, com capacidade de at\u00e9 4 mil m\u00b2. A cada semana, s\u00e3o colhidos de 2.000 a 2.100 p\u00e9s de alface, que podem ser distribu\u00eddos \u00e0 popula\u00e7\u00e3o mais carente.<\/p>\n<h2>Operacionaliza\u00e7\u00e3o do Programa:<\/h2>\n<p>Semanalmente, no mesmo dia e hor\u00e1rio, um ve\u00edculo conduz a verdura rec\u00e9m recolhida e embalada at\u00e9 os locais de coleta dos recicl\u00e1veis, onde a popula\u00e7\u00e3o, principalmente as crian\u00e7as, aguardam com os materiais separados, ocorrendo a troca.<\/p>\n<h2>Avalia\u00e7\u00e3o dos Resultados:<\/h2>\n<p>A melhoria ambiental desde a implanta\u00e7\u00e3o desse programa \u00e9 ineg\u00e1vel. Constatou-se a diminui\u00e7\u00e3o de animais e insetos nisantr\u00f3picos, uma vez que suas fontes de abrigo e alimenta\u00e7\u00e3o s\u00e3o eliminados de forma peri\u00f3dica e permanente.<\/p>\n<p>O programa apresenta boa aceita\u00e7\u00e3o pela comunidade.<\/p>\n<p><strong>Locais j\u00e1 atendidos s\u00e3o: Jardim Sorocabana, Santa Gertrudes, Vila Nambi, Vila Ana, Jardim Fepasa, Parque Centen\u00e1rio e Jardim S\u00e3o Camilo.<\/strong><\/p>\n","protected":false},"excerpt":{"rendered":"<p>A proposta do programa \u00e9 educar e conscientizar os moradores sobre a import\u00e2ncia da reciclagem. Para estimular essa pr\u00e1tica, todo material entregue \u00e9 \u201ctrocado\u201d por g\u00eaneros aliment\u00edcios frescos, produzidos no munic\u00edpio. A horta, instalada no Unidam \u2013 Unidade de Desenvolvimento Ambiental, tem uma \u00e1rea de 2.300 m\u00b2, com capacidade de at\u00e9 4 mil m\u00b2. A [&hellip;]<\/p>\n","protected":false},"author":11,"featured_media":0,"parent":88,"menu_order":0,"comment_status":"closed","ping_status":"closed","template":"","meta":{"footnotes":""},"class_list":["post-92","page","type-page","status-publish","hentry"],"_links":{"self":[{"href":"https:\/\/jundiai.sp.gov.br\/infraestrutura-e-servicos-publicos\/wp-json\/wp\/v2\/pages\/92","targetHints":{"allow":["GET"]}}],"collection":[{"href":"https:\/\/jundiai.sp.gov.br\/infraestrutura-e-servicos-publicos\/wp-json\/wp\/v2\/pages"}],"about":[{"href":"https:\/\/jundiai.sp.gov.br\/infraestrutura-e-servicos-publicos\/wp-json\/wp\/v2\/types\/page"}],"author":[{"embeddable":true,"href":"https:\/\/jundiai.sp.gov.br\/infraestrutura-e-servicos-publicos\/wp-json\/wp\/v2\/users\/11"}],"replies":[{"embeddable":true,"href":"https:\/\/jundiai.sp.gov.br\/infraestrutura-e-servicos-publicos\/wp-json\/wp\/v2\/comments?post=92"}],"version-history":[{"count":2,"href":"https:\/\/jundiai.sp.gov.br\/infraestrutura-e-servicos-publicos\/wp-json\/wp\/v2\/pages\/92\/revisions"}],"predecessor-version":[{"id":274,"href":"https:\/\/jundiai.sp.gov.br\/infraestrutura-e-servicos-publicos\/wp-json\/wp\/v2\/pages\/92\/revisions\/274"}],"up":[{"embeddable":true,"href":"https:\/\/jundiai.sp.gov.br\/infraestrutura-e-servicos-publicos\/wp-json\/wp\/v2\/pages\/88"}],"wp:attachment":[{"href":"https:\/\/jundiai.sp.gov.br\/infraestrutura-e-servicos-publicos\/wp-json\/wp\/v2\/media?parent=92"}],"curies":[{"name":"wp","href":"https:\/\/api.w.org\/{rel}","templated":true}]}}