{"id":94,"date":"2014-08-22T16:52:21","date_gmt":"2014-08-22T19:52:21","guid":{"rendered":"https:\/\/jundiai.sp.gov.br\/servicos-publicos\/?page_id=94"},"modified":"2014-09-29T12:16:50","modified_gmt":"2014-09-29T15:16:50","slug":"coleta-seletiva","status":"publish","type":"page","link":"https:\/\/jundiai.sp.gov.br\/infraestrutura-e-servicos-publicos\/limpeza-publica\/residuos-solidos\/reciclagem\/coleta-seletiva\/","title":{"rendered":"Coleta Seletiva"},"content":{"rendered":"<p>A coleta seletiva de lixo \u00e9 a maior aliada da reciclagem. Tudo come\u00e7a com a separa\u00e7\u00e3o dos materiais recicl\u00e1veis na fonte geradora, ou seja, no pr\u00f3prio local onde s\u00e3o produzidos. Ap\u00f3s a separa\u00e7\u00e3o, os materiais s\u00e3o coletados e encaminhados para beneficiamento.<\/p>\n<h2>Os sistemas mais utilizados de coleta seletiva s\u00e3o:<\/h2>\n<p>Coleta casa a casa: onde um caminh\u00e3o especial passa recolhendo o lixo recicl\u00e1vel.<\/p>\n<p>Postos de entrega volunt\u00e1ria (PEV\u00b4s): onde a popula\u00e7\u00e3o deposita o lixo recicl\u00e1vel em locais previamente definidos e preparados para receb\u00ea-lo (normalmente cont\u00eaineres).<\/p>\n","protected":false},"excerpt":{"rendered":"<p>A coleta seletiva de lixo \u00e9 a maior aliada da reciclagem. Tudo come\u00e7a com a separa\u00e7\u00e3o dos materiais recicl\u00e1veis na fonte geradora, ou seja, no pr\u00f3prio local onde s\u00e3o produzidos. Ap\u00f3s a separa\u00e7\u00e3o, os materiais s\u00e3o coletados e encaminhados para beneficiamento. Os sistemas mais utilizados de coleta seletiva s\u00e3o: Coleta casa a casa: onde um [&hellip;]<\/p>\n","protected":false},"author":11,"featured_media":0,"parent":88,"menu_order":0,"comment_status":"closed","ping_status":"closed","template":"","meta":{"footnotes":""},"class_list":["post-94","page","type-page","status-publish","hentry"],"_links":{"self":[{"href":"https:\/\/jundiai.sp.gov.br\/infraestrutura-e-servicos-publicos\/wp-json\/wp\/v2\/pages\/94","targetHints":{"allow":["GET"]}}],"collection":[{"href":"https:\/\/jundiai.sp.gov.br\/infraestrutura-e-servicos-publicos\/wp-json\/wp\/v2\/pages"}],"about":[{"href":"https:\/\/jundiai.sp.gov.br\/infraestrutura-e-servicos-publicos\/wp-json\/wp\/v2\/types\/page"}],"author":[{"embeddable":true,"href":"https:\/\/jundiai.sp.gov.br\/infraestrutura-e-servicos-publicos\/wp-json\/wp\/v2\/users\/11"}],"replies":[{"embeddable":true,"href":"https:\/\/jundiai.sp.gov.br\/infraestrutura-e-servicos-publicos\/wp-json\/wp\/v2\/comments?post=94"}],"version-history":[{"count":2,"href":"https:\/\/jundiai.sp.gov.br\/infraestrutura-e-servicos-publicos\/wp-json\/wp\/v2\/pages\/94\/revisions"}],"predecessor-version":[{"id":273,"href":"https:\/\/jundiai.sp.gov.br\/infraestrutura-e-servicos-publicos\/wp-json\/wp\/v2\/pages\/94\/revisions\/273"}],"up":[{"embeddable":true,"href":"https:\/\/jundiai.sp.gov.br\/infraestrutura-e-servicos-publicos\/wp-json\/wp\/v2\/pages\/88"}],"wp:attachment":[{"href":"https:\/\/jundiai.sp.gov.br\/infraestrutura-e-servicos-publicos\/wp-json\/wp\/v2\/media?parent=94"}],"curies":[{"name":"wp","href":"https:\/\/api.w.org\/{rel}","templated":true}]}}