{"id":947,"date":"2017-04-19T11:06:22","date_gmt":"2017-04-19T14:06:22","guid":{"rendered":"https:\/\/jundiai.sp.gov.br\/infraestrutura-e-servicos-publicos\/?page_id=947"},"modified":"2026-02-20T09:38:21","modified_gmt":"2026-02-20T12:38:21","slug":"organograma","status":"publish","type":"page","link":"https:\/\/jundiai.sp.gov.br\/infraestrutura-e-servicos-publicos\/organograma\/","title":{"rendered":"Organograma"},"content":{"rendered":"\n<h2 class=\"wp-block-heading\">Estrutura da Secretaria<\/h2>\n\n\n\n<p><strong>Secret\u00e1rio:<\/strong> Jeferson Coimbra<\/p>\n\n\n\n<hr class=\"wp-block-separator has-alpha-channel-opacity\"\/>\n\n\n\n<p><strong>Gabinete do Secret\u00e1rio de Obras, Infraestruturas e Servi\u00e7os P\u00fablicos<br><\/strong>Secret\u00e1rio:\u00a0Jeferson Coimbra<br>Telefone: (11) 4589-8523<\/p>\n\n\n\n<p><strong>Secret\u00e1rio Adjunto de Obras P\u00fablicas<br><\/strong>Secret\u00e1rio Adjunto:\u00a0Ricardo Pissulin<br>Telefone: (11) 4589-8466<\/p>\n\n\n\n<p><strong>Secret\u00e1rio Adjunto de Infraestrutura e Servi\u00e7os P\u00fablicas<br><\/strong>Secret\u00e1rio Adjunto:\u00a0Henrique Pardini<br>Telefone: (11) 4589-8526<\/p>\n\n\n\n<p><strong>Departamento\u00a0de Planejamento, Gest\u00e3o e Finan\u00e7as<br><\/strong>Diretor:\u00a0R\u00f4mulo Pinheiro\u00a0\u00a0<br>Telefone: (11) 4589-8573<\/p>\n\n\n\n<p><strong>Departamento\u00a0Central de Suprimentos e Servi\u00e7os<br><\/strong>Diretor:\u00a0Marcos Roberto Mamede<br>Telefone: (11) 4589-9369<\/p>\n\n\n\n<p><strong>Departamento\u00a0de Obras P\u00fablicas\u00a0<br><\/strong>Diretor:\u00a0Marcelo Patr\u00e3o<br>Telefone: (11) 4589-8466<\/p>\n\n\n\n<p><strong>Departamento Infraestrutura Urbana e Terraplenagem\u00a0<br><\/strong>Diretor:\u00a0David Fernando Fontebasso<br>Telefone: (11) 4582-5278<\/p>\n\n\n\n<p><strong>Departamento de Ilumina\u00e7\u00e3o P\u00fablica<br><\/strong>Diretor:\u00a0Carlos Alberto Bocci<br>Telefone: (11) 4589-9488\u00a0<\/p>\n\n\n\n<p><strong>Departamento de Zeladoria e Conserva\u00e7\u00e3o<br><\/strong>Diretor:\u00a0Ali Mamed<br>Telefone: (11) 4586-9611<\/p>\n\n\n\n<p><strong>Departamento de Parques, Jardins e Pra\u00e7as<br><\/strong>Diretor:\u00a0Fabiano Rodrigues de Oliveira<br>Telefone: (11) 4521-1713<\/p>\n\n\n\n<p><strong>Departamento de Apoio T\u00e9cnico Do Gabinete\u00a0<br><\/strong>Assessor Especial:\u00a0Renan Dos Santos Peres<br>Telefone: (11) 4589-8534<\/p>\n\n\n\n<p><strong>Departamento de Parques Municipais<br><\/strong>Assessora Especial:\u00a0Lucineia Mascotti<br>Telefone: (11) 4589-9541<\/p>\n\n\n\n<p><strong>Departamento de Manuten\u00e7\u00e3o Predial P\u00fablica\u00a0<br><\/strong>Diretor:\u00a0Luciano Ferro<br>Telefone: (11) 4589-8523<\/p>\n\n\n\n<p><strong>Departamento de Vel\u00f3rio e Cemit\u00e9rio Municipal<br><\/strong>Diretor:\u00a0Eduardo Toledo<br>Telefone: (11) 4589-8523<\/p>\n\n\n\n<p><strong>Departamento de Rela\u00e7\u00e3o com a Comunidade e C\u00e2mara Municipal<br><\/strong>Assessor Especial:\u00a0Marcelo Gastaldo<br>Telefone: (11) 4589-8520<\/p>\n\n\n\n<p><\/p>\n","protected":false},"excerpt":{"rendered":"<p>Estrutura da Secretaria Secret\u00e1rio: Jeferson Coimbra Gabinete do Secret\u00e1rio de Obras, Infraestruturas e Servi\u00e7os P\u00fablicosSecret\u00e1rio:\u00a0Jeferson CoimbraTelefone: (11) 4589-8523 Secret\u00e1rio Adjunto de Obras P\u00fablicasSecret\u00e1rio Adjunto:\u00a0Ricardo PissulinTelefone: (11) 4589-8466 Secret\u00e1rio Adjunto de Infraestrutura e Servi\u00e7os P\u00fablicasSecret\u00e1rio Adjunto:\u00a0Henrique PardiniTelefone: (11) 4589-8526 Departamento\u00a0de Planejamento, Gest\u00e3o e Finan\u00e7asDiretor:\u00a0R\u00f4mulo Pinheiro\u00a0\u00a0Telefone: (11) 4589-8573 Departamento\u00a0Central de Suprimentos e Servi\u00e7osDiretor:\u00a0Marcos Roberto MamedeTelefone: (11) 4589-9369 [&hellip;]<\/p>\n","protected":false},"author":14,"featured_media":0,"parent":0,"menu_order":0,"comment_status":"closed","ping_status":"closed","template":"","meta":{"footnotes":""},"class_list":["post-947","page","type-page","status-publish","hentry"],"_links":{"self":[{"href":"https:\/\/jundiai.sp.gov.br\/infraestrutura-e-servicos-publicos\/wp-json\/wp\/v2\/pages\/947","targetHints":{"allow":["GET"]}}],"collection":[{"href":"https:\/\/jundiai.sp.gov.br\/infraestrutura-e-servicos-publicos\/wp-json\/wp\/v2\/pages"}],"about":[{"href":"https:\/\/jundiai.sp.gov.br\/infraestrutura-e-servicos-publicos\/wp-json\/wp\/v2\/types\/page"}],"author":[{"embeddable":true,"href":"https:\/\/jundiai.sp.gov.br\/infraestrutura-e-servicos-publicos\/wp-json\/wp\/v2\/users\/14"}],"replies":[{"embeddable":true,"href":"https:\/\/jundiai.sp.gov.br\/infraestrutura-e-servicos-publicos\/wp-json\/wp\/v2\/comments?post=947"}],"version-history":[{"count":27,"href":"https:\/\/jundiai.sp.gov.br\/infraestrutura-e-servicos-publicos\/wp-json\/wp\/v2\/pages\/947\/revisions"}],"predecessor-version":[{"id":4950,"href":"https:\/\/jundiai.sp.gov.br\/infraestrutura-e-servicos-publicos\/wp-json\/wp\/v2\/pages\/947\/revisions\/4950"}],"wp:attachment":[{"href":"https:\/\/jundiai.sp.gov.br\/infraestrutura-e-servicos-publicos\/wp-json\/wp\/v2\/media?parent=947"}],"curies":[{"name":"wp","href":"https:\/\/api.w.org\/{rel}","templated":true}]}}