{"id":96,"date":"2014-08-22T16:55:20","date_gmt":"2014-08-22T19:55:20","guid":{"rendered":"https:\/\/jundiai.sp.gov.br\/servicos-publicos\/?page_id=96"},"modified":"2014-09-16T15:43:45","modified_gmt":"2014-09-16T18:43:45","slug":"como-separar-o-lixo","status":"publish","type":"page","link":"https:\/\/jundiai.sp.gov.br\/infraestrutura-e-servicos-publicos\/limpeza-publica\/residuos-solidos\/reciclagem\/como-separar-o-lixo\/","title":{"rendered":"Como Separar o Lixo"},"content":{"rendered":"<p>Diferentes formas de separa\u00e7\u00e3o podem ser adotadas. No caso de Jundia\u00ed, basta separar o lixo seco do lixo \u00famido.<\/p>\n<p>O lixo \u00famido \u00e9 constitu\u00eddo de restos de alimentos, folhas de \u00e1rvores, lixo de banheiro, papel sujo entre outros. Deve ser acondicionado em sacos pl\u00e1sticos e entregue \u00e0 coleta convencional.<\/p>\n<p>O lixo seco \u00e9 formado por materiais recicl\u00e1veis (papel, papel\u00e3o, vidros, pl\u00e1sticos e metais). Os pap\u00e9is devem ser guardados limpos e secos. Vidros, pl\u00e1sticos e metais devem ser enxaguados de restos de alimentos. O lixo seco deve ser entregue aos caminh\u00f5es de coleta seletiva.<\/p>\n<p><strong>Voc\u00ea deve separar assim:<\/strong><\/p>\n<table>\n<tr>\n<th>Recicl\u00e1vel<\/th>\n<th>N\u00e3o Recicl\u00e1vel<\/th>\n<\/tr>\n<tr>\n<td><em>Coleta do Armaz\u00e9m da Natureza<\/em><\/td>\n<td><em>Coleta de Res\u00edduo Dom\u00e9stico<\/em><\/td>\n<\/tr>\n<tr>\n<td>Embalagem de materiais de limpeza<br \/>Copinhos pl\u00e1sticos de caf\u00e9, \u00e1gua<br \/>Embalagem de margarina<br \/>Canos e tubos<br \/>Sacos pl\u00e1sticos<br \/>Embalagem longa vida<br \/>Isopor<br \/>Caixas em geral<br \/>Pap\u00e9is (jornal, revista, rascunho, apara, etc.)<br \/>Lata de folha de flandres (\u00f3leo, leite em p\u00f3, etc.)<br \/>Lata de alum\u00ednio (refrigerante, cerveja, etc)<br \/>Pote de conservas<br \/>Frasco de perfume<br \/>Garrafas<br \/>Copos<br \/>L\u00e2mpadas<br \/>Pilhas<\/td>\n<td>Etiquetas adesivas<br \/>Papel carbono<br \/>Fita crepe<br \/>Pap\u00e9is sanit\u00e1rios<br \/>Guardanapo<br \/>Toco de cigarro<br \/>Fotografia<br \/>Clips<br \/>Grampos<br \/>Esponja de a\u00e7o<br \/>Cer\u00e2mica e porcelana<br \/>Tubo de tv<br \/>Cabo de panela<br \/>Tomada<br \/>Espelho<\/td>\n<\/tr>\n<\/table>\n<p><strong>Reciclagem<\/strong><\/p>\n<ol>\n<li>Todo material recicl\u00e1vel deve ser lavado antes de ser jogado no recipiente de coleta seletiva, para evitar atrair insetos e ficar com mau cheiro.<\/li>\n<li>N\u00e3o jogar baterias de celular no lixo comum. As empresas produtoras j\u00e1 se responsabilizam pelo recolhimento e reciclagem das mesmas. Procure um local de coleta espec\u00edfica.<\/li>\n<li>Utilize o papel ao m\u00e1ximo (frente e verso). Transforme pap\u00e9is usados em blocos de anota\u00e7\u00e3o. Lembre-se: assim voc\u00ea ajuda a economizar e proteger a natureza.<\/li>\n<\/ol>\n","protected":false},"excerpt":{"rendered":"<p>Diferentes formas de separa\u00e7\u00e3o podem ser adotadas. No caso de Jundia\u00ed, basta separar o lixo seco do lixo \u00famido. O lixo \u00famido \u00e9 constitu\u00eddo de restos de alimentos, folhas de \u00e1rvores, lixo de banheiro, papel sujo entre outros. Deve ser acondicionado em sacos pl\u00e1sticos e entregue \u00e0 coleta convencional. O lixo seco \u00e9 formado por [&hellip;]<\/p>\n","protected":false},"author":11,"featured_media":0,"parent":88,"menu_order":0,"comment_status":"closed","ping_status":"closed","template":"","meta":{"footnotes":""},"class_list":["post-96","page","type-page","status-publish","hentry"],"_links":{"self":[{"href":"https:\/\/jundiai.sp.gov.br\/infraestrutura-e-servicos-publicos\/wp-json\/wp\/v2\/pages\/96","targetHints":{"allow":["GET"]}}],"collection":[{"href":"https:\/\/jundiai.sp.gov.br\/infraestrutura-e-servicos-publicos\/wp-json\/wp\/v2\/pages"}],"about":[{"href":"https:\/\/jundiai.sp.gov.br\/infraestrutura-e-servicos-publicos\/wp-json\/wp\/v2\/types\/page"}],"author":[{"embeddable":true,"href":"https:\/\/jundiai.sp.gov.br\/infraestrutura-e-servicos-publicos\/wp-json\/wp\/v2\/users\/11"}],"replies":[{"embeddable":true,"href":"https:\/\/jundiai.sp.gov.br\/infraestrutura-e-servicos-publicos\/wp-json\/wp\/v2\/comments?post=96"}],"version-history":[{"count":3,"href":"https:\/\/jundiai.sp.gov.br\/infraestrutura-e-servicos-publicos\/wp-json\/wp\/v2\/pages\/96\/revisions"}],"predecessor-version":[{"id":202,"href":"https:\/\/jundiai.sp.gov.br\/infraestrutura-e-servicos-publicos\/wp-json\/wp\/v2\/pages\/96\/revisions\/202"}],"up":[{"embeddable":true,"href":"https:\/\/jundiai.sp.gov.br\/infraestrutura-e-servicos-publicos\/wp-json\/wp\/v2\/pages\/88"}],"wp:attachment":[{"href":"https:\/\/jundiai.sp.gov.br\/infraestrutura-e-servicos-publicos\/wp-json\/wp\/v2\/media?parent=96"}],"curies":[{"name":"wp","href":"https:\/\/api.w.org\/{rel}","templated":true}]}}