{"id":979,"date":"2017-05-31T16:45:35","date_gmt":"2017-05-31T19:45:35","guid":{"rendered":"https:\/\/jundiai.sp.gov.br\/infraestrutura-e-servicos-publicos\/?page_id=979"},"modified":"2026-02-18T10:59:24","modified_gmt":"2026-02-18T13:59:24","slug":"quem-ama-cuida","status":"publish","type":"page","link":"https:\/\/jundiai.sp.gov.br\/infraestrutura-e-servicos-publicos\/quem-ama-cuida\/","title":{"rendered":"Cronograma de Servi\u00e7os P\u00fablicos | Quem Ama, Cuida!"},"content":{"rendered":"\n<h5 class=\"wp-block-heading\"><strong>Programa &#8220;Quem Ama, Cuida&#8221;<\/strong><\/h5>\n\n\n<div class=\"wp-block-image\">\n<figure class=\"alignright size-large is-resized\"><img loading=\"lazy\" decoding=\"async\" width=\"1280\" height=\"363\" src=\"https:\/\/jundiai.sp.gov.br\/infraestrutura-e-servicos-publicos\/wp-content\/uploads\/sites\/18\/2025\/04\/asset-1-1280x363.png\" alt=\"\" class=\"wp-image-4575\" style=\"width:506px;height:auto\" srcset=\"https:\/\/jundiai.sp.gov.br\/infraestrutura-e-servicos-publicos\/wp-content\/uploads\/sites\/18\/2025\/04\/asset-1-1280x363.png 1280w, https:\/\/jundiai.sp.gov.br\/infraestrutura-e-servicos-publicos\/wp-content\/uploads\/sites\/18\/2025\/04\/asset-1-300x85.png 300w, https:\/\/jundiai.sp.gov.br\/infraestrutura-e-servicos-publicos\/wp-content\/uploads\/sites\/18\/2025\/04\/asset-1-768x218.png 768w, https:\/\/jundiai.sp.gov.br\/infraestrutura-e-servicos-publicos\/wp-content\/uploads\/sites\/18\/2025\/04\/asset-1-1536x436.png 1536w, https:\/\/jundiai.sp.gov.br\/infraestrutura-e-servicos-publicos\/wp-content\/uploads\/sites\/18\/2025\/04\/asset-1-2048x581.png 2048w\" sizes=\"auto, (max-width: 1280px) 100vw, 1280px\" \/><\/figure>\n<\/div>\n\n\n<p>A Prefeitura de Jundia\u00ed inicia o programa <strong>\u201cQuem Ama, Cuida\u201d<\/strong>, um grande mutir\u00e3o de zeladoria que leva servi\u00e7os essenciais aos bairros da cidade. Com a mobiliza\u00e7\u00e3o de mais de 300 profissionais, o programa atende \u00e0 demanda reprimida e promove melhorias na qualidade de vida da popula\u00e7\u00e3o.<\/p>\n\n\n\n<p>Os mutir\u00f5es acontecem semanalmente, atendendo diferentes regi\u00f5es de Jundia\u00ed, com foco nas necessidades mais urgentes. Entre os servi\u00e7os oferecidos, destacam-se a poda, ro\u00e7agem, tapa-buracos, manuten\u00e7\u00e3o de bocas de lobo, hidrojateamento, ilumina\u00e7\u00e3o p\u00fablica, entre outros.<\/p>\n\n\n\n<p>O <strong>\u201cQuem Ama, Cuida\u201d<\/strong> \u00e9 o compromisso da Prefeitura em transformar as ruas e espa\u00e7os p\u00fablicos em lugares de orgulho e acolhimento para todos. Em Jundia\u00ed, a zeladoria vai al\u00e9m da simples manuten\u00e7\u00e3o, sendo a express\u00e3o de um cuidado constante, que reflete o amor e o respeito por nossa cidade e sua popula\u00e7\u00e3o.<\/p>\n\n\n\n<figure class=\"wp-block-embed is-type-video is-provider-youtube wp-block-embed-youtube wp-embed-aspect-16-9 wp-has-aspect-ratio\"><div class=\"wp-block-embed__wrapper\">\n<iframe loading=\"lazy\" title=\"QUEM AMA CUIDA!\" width=\"422\" height=\"750\" src=\"https:\/\/www.youtube.com\/embed\/YxboQStrrVg?feature=oembed\" frameborder=\"0\" allow=\"accelerometer; autoplay; clipboard-write; encrypted-media; gyroscope; picture-in-picture; web-share\" referrerpolicy=\"strict-origin-when-cross-origin\" allowfullscreen><\/iframe>\n<\/div><\/figure>\n\n\n\n<h5 class=\"wp-block-heading\"><strong>Cronograma de Servi\u00e7os P\u00fablicos (ro\u00e7ada, poda, raspagem e tapa buraco):<\/strong><\/h5>\n\n\n\n<figure class=\"wp-block-image size-large\"><img loading=\"lazy\" decoding=\"async\" width=\"679\" height=\"960\" src=\"https:\/\/jundiai.sp.gov.br\/infraestrutura-e-servicos-publicos\/wp-content\/uploads\/sites\/18\/2026\/02\/regioes-quem-ama-cuida_page-0001-679x960.jpg\" alt=\"\" class=\"wp-image-4945\" srcset=\"https:\/\/jundiai.sp.gov.br\/infraestrutura-e-servicos-publicos\/wp-content\/uploads\/sites\/18\/2026\/02\/regioes-quem-ama-cuida_page-0001-679x960.jpg 679w, https:\/\/jundiai.sp.gov.br\/infraestrutura-e-servicos-publicos\/wp-content\/uploads\/sites\/18\/2026\/02\/regioes-quem-ama-cuida_page-0001-300x424.jpg 300w, https:\/\/jundiai.sp.gov.br\/infraestrutura-e-servicos-publicos\/wp-content\/uploads\/sites\/18\/2026\/02\/regioes-quem-ama-cuida_page-0001-768x1086.jpg 768w, https:\/\/jundiai.sp.gov.br\/infraestrutura-e-servicos-publicos\/wp-content\/uploads\/sites\/18\/2026\/02\/regioes-quem-ama-cuida_page-0001-1086x1536.jpg 1086w, https:\/\/jundiai.sp.gov.br\/infraestrutura-e-servicos-publicos\/wp-content\/uploads\/sites\/18\/2026\/02\/regioes-quem-ama-cuida_page-0001.jpg 1240w\" sizes=\"auto, (max-width: 679px) 100vw, 679px\" \/><\/figure>\n","protected":false},"excerpt":{"rendered":"<p>Programa &#8220;Quem Ama, Cuida&#8221; A Prefeitura de Jundia\u00ed inicia o programa \u201cQuem Ama, Cuida\u201d, um grande mutir\u00e3o de zeladoria que leva servi\u00e7os essenciais aos bairros da cidade. Com a mobiliza\u00e7\u00e3o de mais de 300 profissionais, o programa atende \u00e0 demanda reprimida e promove melhorias na qualidade de vida da popula\u00e7\u00e3o. Os mutir\u00f5es acontecem semanalmente, atendendo [&hellip;]<\/p>\n","protected":false},"author":30,"featured_media":0,"parent":0,"menu_order":0,"comment_status":"closed","ping_status":"closed","template":"","meta":{"footnotes":""},"class_list":["post-979","page","type-page","status-publish","hentry"],"_links":{"self":[{"href":"https:\/\/jundiai.sp.gov.br\/infraestrutura-e-servicos-publicos\/wp-json\/wp\/v2\/pages\/979","targetHints":{"allow":["GET"]}}],"collection":[{"href":"https:\/\/jundiai.sp.gov.br\/infraestrutura-e-servicos-publicos\/wp-json\/wp\/v2\/pages"}],"about":[{"href":"https:\/\/jundiai.sp.gov.br\/infraestrutura-e-servicos-publicos\/wp-json\/wp\/v2\/types\/page"}],"author":[{"embeddable":true,"href":"https:\/\/jundiai.sp.gov.br\/infraestrutura-e-servicos-publicos\/wp-json\/wp\/v2\/users\/30"}],"replies":[{"embeddable":true,"href":"https:\/\/jundiai.sp.gov.br\/infraestrutura-e-servicos-publicos\/wp-json\/wp\/v2\/comments?post=979"}],"version-history":[{"count":290,"href":"https:\/\/jundiai.sp.gov.br\/infraestrutura-e-servicos-publicos\/wp-json\/wp\/v2\/pages\/979\/revisions"}],"predecessor-version":[{"id":4946,"href":"https:\/\/jundiai.sp.gov.br\/infraestrutura-e-servicos-publicos\/wp-json\/wp\/v2\/pages\/979\/revisions\/4946"}],"wp:attachment":[{"href":"https:\/\/jundiai.sp.gov.br\/infraestrutura-e-servicos-publicos\/wp-json\/wp\/v2\/media?parent=979"}],"curies":[{"name":"wp","href":"https:\/\/api.w.org\/{rel}","templated":true}]}}