{"id":8,"date":"2014-09-17T20:19:45","date_gmt":"2014-09-17T20:19:45","guid":{"rendered":"https:\/\/jundiai.sp.gov.br\/iprejun\/?page_id=8"},"modified":"2025-01-28T11:25:06","modified_gmt":"2025-01-28T14:25:06","slug":"diretor-presidente","status":"publish","type":"page","link":"https:\/\/jundiai.sp.gov.br\/iprejun\/diretor-presidente\/","title":{"rendered":"Diretor-Presidente"},"content":{"rendered":"<div class=\"wp-block-image wp-image-51 size-full\">\n<figure class=\"alignleft size-large is-resized\"><a href=\"https:\/\/jundiai.sp.gov.br\/iprejun\/wp-content\/uploads\/sites\/28\/2025\/01\/whatsapp-image-2025-01-06-at-09-36-19.jpeg\"><img loading=\"lazy\" decoding=\"async\" width=\"640\" height=\"960\" src=\"https:\/\/jundiai.sp.gov.br\/iprejun\/wp-content\/uploads\/sites\/28\/2025\/01\/whatsapp-image-2025-01-06-at-09-36-19-640x960.jpeg\" alt=\"\" class=\"wp-image-131\" style=\"width:240px;height:auto\" srcset=\"https:\/\/jundiai.sp.gov.br\/iprejun\/wp-content\/uploads\/sites\/28\/2025\/01\/whatsapp-image-2025-01-06-at-09-36-19-640x960.jpeg 640w, https:\/\/jundiai.sp.gov.br\/iprejun\/wp-content\/uploads\/sites\/28\/2025\/01\/whatsapp-image-2025-01-06-at-09-36-19-300x450.jpeg 300w, https:\/\/jundiai.sp.gov.br\/iprejun\/wp-content\/uploads\/sites\/28\/2025\/01\/whatsapp-image-2025-01-06-at-09-36-19-768x1153.jpeg 768w, https:\/\/jundiai.sp.gov.br\/iprejun\/wp-content\/uploads\/sites\/28\/2025\/01\/whatsapp-image-2025-01-06-at-09-36-19-1023x1536.jpeg 1023w, https:\/\/jundiai.sp.gov.br\/iprejun\/wp-content\/uploads\/sites\/28\/2025\/01\/whatsapp-image-2025-01-06-at-09-36-19.jpeg 1066w\" sizes=\"auto, (max-width: 640px) 100vw, 640px\" \/><\/a><\/figure>\n<\/div>\n\n\n<h2 class=\"wp-block-heading\">Claudia George Musseli Cezar <\/h2>\n\n\n\n<p>Claudia \u00e9 servidora p\u00fablica municipal, com 43 anos de experi\u00eancia e dedica\u00e7\u00e3o \u00e0 \u00e1rea de administra\u00e7\u00e3o e finan\u00e7as, \u00e9 t\u00e9cnica em Contabilidade e graduada em Administra\u00e7\u00e3o de Empresas pela Faculdade Padre Anchieta, com MBA em Gest\u00e3o Financeira e Controladoria e possui v\u00e1rias certifica\u00e7\u00f5es de destaque, incluindo a Certifica\u00e7\u00e3o de Especialista em Investimentos pela ANBIMA (CEA) e a Certifica\u00e7\u00e3o dos Dirigentes do RPPS, Claudia est\u00e1 constantemente atualizando seus conhecimentos e compet\u00eancias e atualmente est\u00e1 cursando Ci\u00eancias Cont\u00e1beis na Faculdade Padre Anchieta.<br>Na sua trajet\u00f3ria profissional, Claudia ocupa desde 2017 o cargo de Diretora do Departamento de Planejamento, Gest\u00e3o e Finan\u00e7as do IPREJUN, onde exerce um papel estrat\u00e9gico na administra\u00e7\u00e3o de recursos e na gest\u00e3o financeira do instituto. Anteriormente, foi Agente de Servi\u00e7os T\u00e9cnicos da C\u00e2mara Municipal de Jundia\u00ed, cedida para o IPREJUN, e desempenhou fun\u00e7\u00f5es como Agente Fiscal Tribut\u00e1rio na Prefeitura de Jundia\u00ed e Gerente de Unidade Adjunto no Banco Nossa Caixa S\/A.<br>Com uma carreira s\u00f3lida, marcada por diversas experi\u00eancias em contabilidade, gest\u00e3o financeira e controle fiscal, Claudia George Musseli Cezar continua a contribuir com sua expertise para a efici\u00eancia e transpar\u00eancia na gest\u00e3o p\u00fablica.<\/p>\n\n\n\n<p><\/p>\n","protected":false},"excerpt":{"rendered":"<p>Claudia George Musseli Cezar Claudia \u00e9 servidora p\u00fablica municipal, com 43 anos de experi\u00eancia e dedica\u00e7\u00e3o \u00e0 \u00e1rea de administra\u00e7\u00e3o e finan\u00e7as, \u00e9 t\u00e9cnica em Contabilidade e graduada em Administra\u00e7\u00e3o de Empresas pela Faculdade Padre Anchieta, com MBA em Gest\u00e3o Financeira e Controladoria e possui v\u00e1rias certifica\u00e7\u00f5es de destaque, incluindo a Certifica\u00e7\u00e3o de Especialista em [&hellip;]<\/p>\n","protected":false},"author":5,"featured_media":0,"parent":0,"menu_order":0,"comment_status":"closed","ping_status":"closed","template":"","meta":{"footnotes":""},"class_list":["post-8","page","type-page","status-publish","hentry"],"_links":{"self":[{"href":"https:\/\/jundiai.sp.gov.br\/iprejun\/wp-json\/wp\/v2\/pages\/8","targetHints":{"allow":["GET"]}}],"collection":[{"href":"https:\/\/jundiai.sp.gov.br\/iprejun\/wp-json\/wp\/v2\/pages"}],"about":[{"href":"https:\/\/jundiai.sp.gov.br\/iprejun\/wp-json\/wp\/v2\/types\/page"}],"author":[{"embeddable":true,"href":"https:\/\/jundiai.sp.gov.br\/iprejun\/wp-json\/wp\/v2\/users\/5"}],"replies":[{"embeddable":true,"href":"https:\/\/jundiai.sp.gov.br\/iprejun\/wp-json\/wp\/v2\/comments?post=8"}],"version-history":[{"count":11,"href":"https:\/\/jundiai.sp.gov.br\/iprejun\/wp-json\/wp\/v2\/pages\/8\/revisions"}],"predecessor-version":[{"id":132,"href":"https:\/\/jundiai.sp.gov.br\/iprejun\/wp-json\/wp\/v2\/pages\/8\/revisions\/132"}],"wp:attachment":[{"href":"https:\/\/jundiai.sp.gov.br\/iprejun\/wp-json\/wp\/v2\/media?parent=8"}],"curies":[{"name":"wp","href":"https:\/\/api.w.org\/{rel}","templated":true}]}}