{"id":7,"date":"2024-01-08T09:53:20","date_gmt":"2024-01-08T12:53:20","guid":{"rendered":"https:\/\/jundiai.sp.gov.br\/iptu\/?page_id=7"},"modified":"2026-01-07T14:03:46","modified_gmt":"2026-01-07T17:03:46","slug":"iptu","status":"publish","type":"page","link":"https:\/\/jundiai.sp.gov.br\/iptu\/","title":{"rendered":"IPTU 2026"},"content":{"rendered":"\n<figure class=\"wp-block-image size-full\"><img loading=\"lazy\" decoding=\"async\" width=\"1280\" height=\"165\" src=\"https:\/\/jundiai.sp.gov.br\/iptu\/wp-content\/uploads\/sites\/90\/2026\/01\/banner_iptu_2026_pmj_v1-1.png\" alt=\"\" class=\"wp-image-271\" srcset=\"https:\/\/jundiai.sp.gov.br\/iptu\/wp-content\/uploads\/sites\/90\/2026\/01\/banner_iptu_2026_pmj_v1-1.png 1280w, https:\/\/jundiai.sp.gov.br\/iptu\/wp-content\/uploads\/sites\/90\/2026\/01\/banner_iptu_2026_pmj_v1-1-300x39.png 300w, https:\/\/jundiai.sp.gov.br\/iptu\/wp-content\/uploads\/sites\/90\/2026\/01\/banner_iptu_2026_pmj_v1-1-768x99.png 768w\" sizes=\"auto, (max-width: 1280px) 100vw, 1280px\" \/><\/figure>\n\n\n\n<div class=\"wp-block-columns is-layout-flex wp-container-core-columns-is-layout-9d6595d7 wp-block-columns-is-layout-flex\">\n<div class=\"wp-block-column is-layout-flow wp-block-column-is-layout-flow\">\n<figure class=\"wp-block-image size-large\"><a href=\"https:\/\/jundiai.sp.gov.br\/iptu\/wp-content\/uploads\/sites\/90\/2026\/01\/informativo-iptu-2026-1.pdf\" target=\"_blank\" rel=\" noreferrer noopener\"><img loading=\"lazy\" decoding=\"async\" width=\"960\" height=\"960\" src=\"https:\/\/jundiai.sp.gov.br\/iptu\/wp-content\/uploads\/sites\/90\/2025\/01\/1-960x960.png\" alt=\"\" class=\"wp-image-241\" srcset=\"https:\/\/jundiai.sp.gov.br\/iptu\/wp-content\/uploads\/sites\/90\/2025\/01\/1-960x960.png 960w, https:\/\/jundiai.sp.gov.br\/iptu\/wp-content\/uploads\/sites\/90\/2025\/01\/1-300x300.png 300w, https:\/\/jundiai.sp.gov.br\/iptu\/wp-content\/uploads\/sites\/90\/2025\/01\/1-100x100.png 100w, https:\/\/jundiai.sp.gov.br\/iptu\/wp-content\/uploads\/sites\/90\/2025\/01\/1-768x768.png 768w, https:\/\/jundiai.sp.gov.br\/iptu\/wp-content\/uploads\/sites\/90\/2025\/01\/1.png 1080w\" sizes=\"auto, (max-width: 960px) 100vw, 960px\" \/><\/a><\/figure>\n<\/div>\n\n\n\n<div class=\"wp-block-column is-layout-flow wp-block-column-is-layout-flow\">\n<figure class=\"wp-block-image size-large\"><a href=\"https:\/\/jundiai.sp.gov.br\/servicos-online\/lancamento-eletronico-do-iptu\/\"><img loading=\"lazy\" decoding=\"async\" width=\"960\" height=\"960\" src=\"https:\/\/jundiai.sp.gov.br\/iptu\/wp-content\/uploads\/sites\/90\/2025\/01\/3-960x960.png\" alt=\"\" class=\"wp-image-244\" srcset=\"https:\/\/jundiai.sp.gov.br\/iptu\/wp-content\/uploads\/sites\/90\/2025\/01\/3-960x960.png 960w, https:\/\/jundiai.sp.gov.br\/iptu\/wp-content\/uploads\/sites\/90\/2025\/01\/3-300x300.png 300w, https:\/\/jundiai.sp.gov.br\/iptu\/wp-content\/uploads\/sites\/90\/2025\/01\/3-100x100.png 100w, https:\/\/jundiai.sp.gov.br\/iptu\/wp-content\/uploads\/sites\/90\/2025\/01\/3-768x768.png 768w, https:\/\/jundiai.sp.gov.br\/iptu\/wp-content\/uploads\/sites\/90\/2025\/01\/3.png 1080w\" sizes=\"auto, (max-width: 960px) 100vw, 960px\" \/><\/a><\/figure>\n<\/div>\n\n\n\n<div class=\"wp-block-column is-layout-flow wp-block-column-is-layout-flow\">\n<figure class=\"wp-block-image size-large\"><a href=\"https:\/\/jundiai.sp.gov.br\/servicos-online\/aviso-de-lancamento-do-iptu-capa\/\"><img loading=\"lazy\" decoding=\"async\" width=\"960\" height=\"960\" src=\"https:\/\/jundiai.sp.gov.br\/iptu\/wp-content\/uploads\/sites\/90\/2025\/01\/5-960x960.png\" alt=\"\" class=\"wp-image-245\" srcset=\"https:\/\/jundiai.sp.gov.br\/iptu\/wp-content\/uploads\/sites\/90\/2025\/01\/5-960x960.png 960w, https:\/\/jundiai.sp.gov.br\/iptu\/wp-content\/uploads\/sites\/90\/2025\/01\/5-300x300.png 300w, https:\/\/jundiai.sp.gov.br\/iptu\/wp-content\/uploads\/sites\/90\/2025\/01\/5-100x100.png 100w, https:\/\/jundiai.sp.gov.br\/iptu\/wp-content\/uploads\/sites\/90\/2025\/01\/5-768x768.png 768w, https:\/\/jundiai.sp.gov.br\/iptu\/wp-content\/uploads\/sites\/90\/2025\/01\/5.png 1080w\" sizes=\"auto, (max-width: 960px) 100vw, 960px\" \/><\/a><\/figure>\n<\/div>\n<\/div>\n\n\n\n<div class=\"wp-block-columns is-layout-flex wp-container-core-columns-is-layout-9d6595d7 wp-block-columns-is-layout-flex\">\n<div class=\"wp-block-column is-layout-flow wp-block-column-is-layout-flow\">\n<figure class=\"wp-block-image size-large\"><a href=\"https:\/\/jundiai.sp.gov.br\/financas\/iptu-e-taxa-de-coleta-de-lixo\/atualizacoes-no-cadastro-do-iptu\/alteracao-do-endereco-para-correspondencia\/\"><img loading=\"lazy\" decoding=\"async\" width=\"960\" height=\"960\" src=\"https:\/\/jundiai.sp.gov.br\/iptu\/wp-content\/uploads\/sites\/90\/2025\/01\/7-960x960.png\" alt=\"\" class=\"wp-image-248\" srcset=\"https:\/\/jundiai.sp.gov.br\/iptu\/wp-content\/uploads\/sites\/90\/2025\/01\/7-960x960.png 960w, https:\/\/jundiai.sp.gov.br\/iptu\/wp-content\/uploads\/sites\/90\/2025\/01\/7-300x300.png 300w, https:\/\/jundiai.sp.gov.br\/iptu\/wp-content\/uploads\/sites\/90\/2025\/01\/7-100x100.png 100w, https:\/\/jundiai.sp.gov.br\/iptu\/wp-content\/uploads\/sites\/90\/2025\/01\/7-768x768.png 768w, https:\/\/jundiai.sp.gov.br\/iptu\/wp-content\/uploads\/sites\/90\/2025\/01\/7.png 1080w\" sizes=\"auto, (max-width: 960px) 100vw, 960px\" \/><\/a><\/figure>\n<\/div>\n\n\n\n<div class=\"wp-block-column is-layout-flow wp-block-column-is-layout-flow\">\n<figure class=\"wp-block-image size-large\"><a href=\"https:\/\/jundiai.sp.gov.br\/iptu\/emissao-de-2a-via-e-pagamentos\/\"><img loading=\"lazy\" decoding=\"async\" width=\"960\" height=\"960\" src=\"https:\/\/jundiai.sp.gov.br\/iptu\/wp-content\/uploads\/sites\/90\/2025\/01\/9-960x960.png\" alt=\"\" class=\"wp-image-250\" srcset=\"https:\/\/jundiai.sp.gov.br\/iptu\/wp-content\/uploads\/sites\/90\/2025\/01\/9-960x960.png 960w, https:\/\/jundiai.sp.gov.br\/iptu\/wp-content\/uploads\/sites\/90\/2025\/01\/9-300x300.png 300w, https:\/\/jundiai.sp.gov.br\/iptu\/wp-content\/uploads\/sites\/90\/2025\/01\/9-100x100.png 100w, https:\/\/jundiai.sp.gov.br\/iptu\/wp-content\/uploads\/sites\/90\/2025\/01\/9-768x768.png 768w, https:\/\/jundiai.sp.gov.br\/iptu\/wp-content\/uploads\/sites\/90\/2025\/01\/9.png 1080w\" sizes=\"auto, (max-width: 960px) 100vw, 960px\" \/><\/a><\/figure>\n<\/div>\n\n\n\n<div class=\"wp-block-column is-layout-flow wp-block-column-is-layout-flow\">\n<figure class=\"wp-block-image size-large\"><a href=\"https:\/\/jundiai.sp.gov.br\/financas\/isencoes-iptu-e-taxa-de-coleta-de-lixo\/\"><img loading=\"lazy\" decoding=\"async\" width=\"960\" height=\"960\" src=\"https:\/\/jundiai.sp.gov.br\/iptu\/wp-content\/uploads\/sites\/90\/2025\/01\/2-960x960.png\" alt=\"\" class=\"wp-image-251\" srcset=\"https:\/\/jundiai.sp.gov.br\/iptu\/wp-content\/uploads\/sites\/90\/2025\/01\/2-960x960.png 960w, https:\/\/jundiai.sp.gov.br\/iptu\/wp-content\/uploads\/sites\/90\/2025\/01\/2-300x300.png 300w, https:\/\/jundiai.sp.gov.br\/iptu\/wp-content\/uploads\/sites\/90\/2025\/01\/2-100x100.png 100w, https:\/\/jundiai.sp.gov.br\/iptu\/wp-content\/uploads\/sites\/90\/2025\/01\/2-768x768.png 768w, https:\/\/jundiai.sp.gov.br\/iptu\/wp-content\/uploads\/sites\/90\/2025\/01\/2.png 1080w\" sizes=\"auto, (max-width: 960px) 100vw, 960px\" \/><\/a><\/figure>\n<\/div>\n<\/div>\n\n\n\n<div class=\"wp-block-columns is-layout-flex wp-container-core-columns-is-layout-9d6595d7 wp-block-columns-is-layout-flex\">\n<div class=\"wp-block-column is-layout-flow wp-block-column-is-layout-flow\">\n<figure class=\"wp-block-image size-large\"><a href=\"https:\/\/jundiai.sp.gov.br\/financas\/imunidades-iptu\/\"><img loading=\"lazy\" decoding=\"async\" width=\"960\" height=\"960\" src=\"https:\/\/jundiai.sp.gov.br\/iptu\/wp-content\/uploads\/sites\/90\/2025\/01\/4-960x960.png\" alt=\"\" class=\"wp-image-252\" srcset=\"https:\/\/jundiai.sp.gov.br\/iptu\/wp-content\/uploads\/sites\/90\/2025\/01\/4-960x960.png 960w, https:\/\/jundiai.sp.gov.br\/iptu\/wp-content\/uploads\/sites\/90\/2025\/01\/4-300x300.png 300w, https:\/\/jundiai.sp.gov.br\/iptu\/wp-content\/uploads\/sites\/90\/2025\/01\/4-100x100.png 100w, https:\/\/jundiai.sp.gov.br\/iptu\/wp-content\/uploads\/sites\/90\/2025\/01\/4-768x768.png 768w, https:\/\/jundiai.sp.gov.br\/iptu\/wp-content\/uploads\/sites\/90\/2025\/01\/4.png 1080w\" sizes=\"auto, (max-width: 960px) 100vw, 960px\" \/><\/a><\/figure>\n<\/div>\n\n\n\n<div class=\"wp-block-column is-layout-flow wp-block-column-is-layout-flow\">\n<figure class=\"wp-block-image size-large\"><a href=\"https:\/\/jundiai.sp.gov.br\/financas\/nao-incidencia-atividade-rural\/\"><img loading=\"lazy\" decoding=\"async\" width=\"960\" height=\"960\" src=\"https:\/\/jundiai.sp.gov.br\/iptu\/wp-content\/uploads\/sites\/90\/2025\/01\/6-960x960.png\" alt=\"\" class=\"wp-image-253\" srcset=\"https:\/\/jundiai.sp.gov.br\/iptu\/wp-content\/uploads\/sites\/90\/2025\/01\/6-960x960.png 960w, https:\/\/jundiai.sp.gov.br\/iptu\/wp-content\/uploads\/sites\/90\/2025\/01\/6-300x300.png 300w, https:\/\/jundiai.sp.gov.br\/iptu\/wp-content\/uploads\/sites\/90\/2025\/01\/6-100x100.png 100w, https:\/\/jundiai.sp.gov.br\/iptu\/wp-content\/uploads\/sites\/90\/2025\/01\/6-768x768.png 768w, https:\/\/jundiai.sp.gov.br\/iptu\/wp-content\/uploads\/sites\/90\/2025\/01\/6.png 1080w\" sizes=\"auto, (max-width: 960px) 100vw, 960px\" \/><\/a><\/figure>\n<\/div>\n\n\n\n<div class=\"wp-block-column is-layout-flow wp-block-column-is-layout-flow\">\n<figure class=\"wp-block-image size-large\"><a href=\"https:\/\/jundiai.sp.gov.br\/financas\/iptu-e-taxa-de-coleta-de-lixo\/remissao-perdao-da-divida\/\"><img loading=\"lazy\" decoding=\"async\" width=\"960\" height=\"960\" src=\"https:\/\/jundiai.sp.gov.br\/iptu\/wp-content\/uploads\/sites\/90\/2025\/01\/8-960x960.png\" alt=\"\" class=\"wp-image-254\" srcset=\"https:\/\/jundiai.sp.gov.br\/iptu\/wp-content\/uploads\/sites\/90\/2025\/01\/8-960x960.png 960w, https:\/\/jundiai.sp.gov.br\/iptu\/wp-content\/uploads\/sites\/90\/2025\/01\/8-300x300.png 300w, https:\/\/jundiai.sp.gov.br\/iptu\/wp-content\/uploads\/sites\/90\/2025\/01\/8-100x100.png 100w, https:\/\/jundiai.sp.gov.br\/iptu\/wp-content\/uploads\/sites\/90\/2025\/01\/8-768x768.png 768w, https:\/\/jundiai.sp.gov.br\/iptu\/wp-content\/uploads\/sites\/90\/2025\/01\/8.png 1080w\" sizes=\"auto, (max-width: 960px) 100vw, 960px\" \/><\/a><\/figure>\n<\/div>\n<\/div>\n\n\n\n<h2 class=\"wp-block-heading\"><\/h2>\n\n\n\n<p class=\"has-text-align-center\"><strong>Informa\u00e7\u00f5es sobre o Programa de Pagamento Incentivado e Parcelamento Administrativo&nbsp;<\/strong><\/p>\n\n\n<div class=\"wp-block-image\">\n<figure class=\"aligncenter size-large is-resized\"><a href=\"https:\/\/jundiai.sp.gov.br\/financas\/divida-ativa\/parcelamento\/\" target=\"_blank\" rel=\"noreferrer noopener\"><img loading=\"lazy\" decoding=\"async\" width=\"1280\" height=\"280\" src=\"https:\/\/jundiai.sp.gov.br\/iptu\/wp-content\/uploads\/sites\/90\/2024\/01\/ppipa-3-1280x280.png\" alt=\"\" class=\"wp-image-149\" style=\"width:416px;height:auto\" srcset=\"https:\/\/jundiai.sp.gov.br\/iptu\/wp-content\/uploads\/sites\/90\/2024\/01\/ppipa-3-1280x280.png 1280w, https:\/\/jundiai.sp.gov.br\/iptu\/wp-content\/uploads\/sites\/90\/2024\/01\/ppipa-3-300x66.png 300w, https:\/\/jundiai.sp.gov.br\/iptu\/wp-content\/uploads\/sites\/90\/2024\/01\/ppipa-3-768x168.png 768w, https:\/\/jundiai.sp.gov.br\/iptu\/wp-content\/uploads\/sites\/90\/2024\/01\/ppipa-3-1536x336.png 1536w, https:\/\/jundiai.sp.gov.br\/iptu\/wp-content\/uploads\/sites\/90\/2024\/01\/ppipa-3.png 1900w\" sizes=\"auto, (max-width: 1280px) 100vw, 1280px\" \/><\/a><\/figure>\n<\/div>\n\n\n<p><\/p>\n\n\n\n<p><\/p>\n\n\n\n<div style=\"height:29px\" aria-hidden=\"true\" class=\"wp-block-spacer\"><\/div>\n\n\n\n<!-- N\u00c3O ALTERAR!!!!!! -->\n\n<style>\n.pagina-titulo {display: none;}\n<\/style>\n\n<script>\n\/\/ adiciona a classe \"fancybox-pdf\" se n\u00e3o for mobile\n\/\/ o PDF do informativo n\u00e3o est\u00e1 carregando bem em navegadores m\u00f3veis\ndocument.addEventListener('DOMContentLoaded', function() {\n    if ( ( touchDevice = (navigator.maxTouchPoints || 'ontouchstart' in document.documentElement) ) === false ) {\n        document.getElementById('informativo').classList.add(\"fancybox-pdf\");\n        console.log(\"Ready!\");\n    }\n}, false);\n<\/script>\n","protected":false},"excerpt":{"rendered":"<p>Informa\u00e7\u00f5es sobre o Programa de Pagamento Incentivado e Parcelamento Administrativo&nbsp;<\/p>\n","protected":false},"author":8,"featured_media":233,"parent":0,"menu_order":0,"comment_status":"closed","ping_status":"closed","template":"interna-iptu\/page-iptu.php","meta":{"footnotes":""},"class_list":["post-7","page","type-page","status-publish","has-post-thumbnail","hentry"],"_links":{"self":[{"href":"https:\/\/jundiai.sp.gov.br\/iptu\/wp-json\/wp\/v2\/pages\/7","targetHints":{"allow":["GET"]}}],"collection":[{"href":"https:\/\/jundiai.sp.gov.br\/iptu\/wp-json\/wp\/v2\/pages"}],"about":[{"href":"https:\/\/jundiai.sp.gov.br\/iptu\/wp-json\/wp\/v2\/types\/page"}],"author":[{"embeddable":true,"href":"https:\/\/jundiai.sp.gov.br\/iptu\/wp-json\/wp\/v2\/users\/8"}],"replies":[{"embeddable":true,"href":"https:\/\/jundiai.sp.gov.br\/iptu\/wp-json\/wp\/v2\/comments?post=7"}],"version-history":[{"count":95,"href":"https:\/\/jundiai.sp.gov.br\/iptu\/wp-json\/wp\/v2\/pages\/7\/revisions"}],"predecessor-version":[{"id":274,"href":"https:\/\/jundiai.sp.gov.br\/iptu\/wp-json\/wp\/v2\/pages\/7\/revisions\/274"}],"wp:featuredmedia":[{"embeddable":true,"href":"https:\/\/jundiai.sp.gov.br\/iptu\/wp-json\/wp\/v2\/media\/233"}],"wp:attachment":[{"href":"https:\/\/jundiai.sp.gov.br\/iptu\/wp-json\/wp\/v2\/media?parent=7"}],"curies":[{"name":"wp","href":"https:\/\/api.w.org\/{rel}","templated":true}]}}