{"id":14,"date":"2014-08-22T13:01:16","date_gmt":"2014-08-22T16:01:16","guid":{"rendered":"https:\/\/jundiai.sp.gov.br\/justica-e-cidadania\/?page_id=14"},"modified":"2025-11-14T16:57:48","modified_gmt":"2025-11-14T19:57:48","slug":"gestor","status":"publish","type":"page","link":"https:\/\/jundiai.sp.gov.br\/justica-e-cidadania\/gestor\/","title":{"rendered":"Secret\u00e1rio"},"content":{"rendered":"\n<div class=\"wp-block-columns is-layout-flex wp-container-core-columns-is-layout-9d6595d7 wp-block-columns-is-layout-flex\">\n<div class=\"wp-block-column is-layout-flow wp-block-column-is-layout-flow\" style=\"flex-basis:33.33%\">\n<figure class=\"wp-block-image size-large\"><img loading=\"lazy\" decoding=\"async\" width=\"640\" height=\"960\" src=\"https:\/\/jundiai.sp.gov.br\/justica-e-cidadania\/wp-content\/uploads\/sites\/13\/2025\/09\/banco_de_imagem_secretarios-13-1-640x960.jpg\" alt=\"\" class=\"wp-image-158\" srcset=\"https:\/\/jundiai.sp.gov.br\/justica-e-cidadania\/wp-content\/uploads\/sites\/13\/2025\/09\/banco_de_imagem_secretarios-13-1-640x960.jpg 640w, https:\/\/jundiai.sp.gov.br\/justica-e-cidadania\/wp-content\/uploads\/sites\/13\/2025\/09\/banco_de_imagem_secretarios-13-1-300x450.jpg 300w, https:\/\/jundiai.sp.gov.br\/justica-e-cidadania\/wp-content\/uploads\/sites\/13\/2025\/09\/banco_de_imagem_secretarios-13-1-768x1152.jpg 768w, https:\/\/jundiai.sp.gov.br\/justica-e-cidadania\/wp-content\/uploads\/sites\/13\/2025\/09\/banco_de_imagem_secretarios-13-1-1024x1536.jpg 1024w, https:\/\/jundiai.sp.gov.br\/justica-e-cidadania\/wp-content\/uploads\/sites\/13\/2025\/09\/banco_de_imagem_secretarios-13-1-1366x2048.jpg 1366w, https:\/\/jundiai.sp.gov.br\/justica-e-cidadania\/wp-content\/uploads\/sites\/13\/2025\/09\/banco_de_imagem_secretarios-13-1-scaled.jpg 1707w\" sizes=\"auto, (max-width: 640px) 100vw, 640px\" \/><\/figure>\n<\/div>\n\n\n\n<div class=\"wp-block-column is-layout-flow wp-block-column-is-layout-flow\" style=\"flex-basis:66.66%\">\n<h2 class=\"wp-block-heading\">Gleison Lopes Aredes <\/h2>\n\n\n\n<p>\u00c9 advogado h\u00e1 20 anos, com atua\u00e7\u00e3o na advocacia p\u00fablica e privada. \u00c9 p\u00f3s-graduado em Direito Tribut\u00e1rio pelo Instituto Brasileiro de Estudos Tribut\u00e1rios (IBET) e em Direito Eleitoral e Processual Eleitoral pela Escola Judici\u00e1ria Eleitoral Paulista do Tribunal Regional Eleitoral de S\u00e3o Paulo.<\/p>\n\n\n\n<p><br>Possui experi\u00eancia em diferentes \u00e1reas da Administra\u00e7\u00e3o P\u00fablica, tendo exercido as fun\u00e7\u00f5es de diretor de Execu\u00e7\u00f5es Fiscais, superintendente da Funda\u00e7\u00e3o Municipal de Habita\u00e7\u00e3o e secret\u00e1rio de Neg\u00f3cios Jur\u00eddicos na Prefeitura de Louveira. Tamb\u00e9m atuou como assessor parlamentar na C\u00e2mara Municipal de Jundia\u00ed, diretor jur\u00eddico na C\u00e2mara Municipal de Vinhedo e diretor geral na C\u00e2mara Municipal de Louveira.<\/p>\n<\/div>\n<\/div>\n\n\n\n<p><\/p>\n","protected":false},"excerpt":{"rendered":"<p>Gleison Lopes Aredes \u00c9 advogado h\u00e1 20 anos, com atua\u00e7\u00e3o na advocacia p\u00fablica e privada. \u00c9 p\u00f3s-graduado em Direito Tribut\u00e1rio pelo Instituto Brasileiro de Estudos Tribut\u00e1rios (IBET) e em Direito Eleitoral e Processual Eleitoral pela Escola Judici\u00e1ria Eleitoral Paulista do Tribunal Regional Eleitoral de S\u00e3o Paulo. Possui experi\u00eancia em diferentes \u00e1reas da Administra\u00e7\u00e3o P\u00fablica, tendo [&hellip;]<\/p>\n","protected":false},"author":14,"featured_media":0,"parent":0,"menu_order":0,"comment_status":"closed","ping_status":"closed","template":"page-subpaginas.php","meta":{"footnotes":""},"class_list":["post-14","page","type-page","status-publish","hentry"],"_links":{"self":[{"href":"https:\/\/jundiai.sp.gov.br\/justica-e-cidadania\/wp-json\/wp\/v2\/pages\/14","targetHints":{"allow":["GET"]}}],"collection":[{"href":"https:\/\/jundiai.sp.gov.br\/justica-e-cidadania\/wp-json\/wp\/v2\/pages"}],"about":[{"href":"https:\/\/jundiai.sp.gov.br\/justica-e-cidadania\/wp-json\/wp\/v2\/types\/page"}],"author":[{"embeddable":true,"href":"https:\/\/jundiai.sp.gov.br\/justica-e-cidadania\/wp-json\/wp\/v2\/users\/14"}],"replies":[{"embeddable":true,"href":"https:\/\/jundiai.sp.gov.br\/justica-e-cidadania\/wp-json\/wp\/v2\/comments?post=14"}],"version-history":[{"count":31,"href":"https:\/\/jundiai.sp.gov.br\/justica-e-cidadania\/wp-json\/wp\/v2\/pages\/14\/revisions"}],"predecessor-version":[{"id":166,"href":"https:\/\/jundiai.sp.gov.br\/justica-e-cidadania\/wp-json\/wp\/v2\/pages\/14\/revisions\/166"}],"wp:attachment":[{"href":"https:\/\/jundiai.sp.gov.br\/justica-e-cidadania\/wp-json\/wp\/v2\/media?parent=14"}],"curies":[{"name":"wp","href":"https:\/\/api.w.org\/{rel}","templated":true}]}}