{"id":26,"date":"2014-08-22T17:22:19","date_gmt":"2014-08-22T20:22:19","guid":{"rendered":"https:\/\/jundiai.sp.gov.br\/justica-e-cidadania\/?page_id=26"},"modified":"2014-08-22T17:22:19","modified_gmt":"2014-08-22T20:22:19","slug":"links","status":"publish","type":"page","link":"https:\/\/jundiai.sp.gov.br\/justica-e-cidadania\/links\/","title":{"rendered":"Links"},"content":{"rendered":"<p><strong>Associa\u00e7\u00e3o dos Advogados de S\u00e3o Paulo<\/strong><br \/>\n<a href=\"http:\/\/www.aasp.org.br\/aasp\/\" target=\"_blank\">www.aasp.org.br<\/a><\/p>\n<p><strong>Ordem dos Advogados do Brasil \u2013 Conselho Federal &#8211; Bras\u00edlia<\/strong><br \/>\n<a href=\"http:\/\/www.oab.org.br\/\" target=\"_blank\">www.oab.org.br<\/a><\/p>\n<p><strong>Ordem dos Advogados do Brasil \u2013 Sec\u00e7\u00e3o de S\u00e3o Paulo<\/strong><br \/>\n<a href=\"http:\/\/www.oabsp.org.br\/\" target=\"_blank\">www.oabsp.org.br<\/a><\/p>\n<p><strong>OAB Jundia\u00ed &#8211; 33\u00aa. Subsec\u00e7\u00e3o da Ordem dos Advogados do Brasil<\/strong><br \/>\n<a href=\"http:\/\/www.oabjundiai.org.br\/site\/\" target=\"_blank\">www.oabjundiai.org.br<\/a><\/p>\n<p><strong>Tribunal de Justi\u00e7a do Estado de S\u00e3o Paulo<\/strong><br \/>\n<a href=\"http:\/\/www.tj.sp.gov.br\/\" target=\"_blank\">www.tj.sp.gov.br<\/a><\/p>\n<p><strong>Tribunal do Trabalho 2\u00aa. Reuni\u00e3o<\/strong><br \/>\n<a href=\"http:\/\/www.trtsp.jus.br\/\" target=\"_blank\">www.trtsp.jus.br<\/a><\/p>\n<p><strong>Tribunal do Trabalho 15\u00aa. Regi\u00e3o<\/strong><br \/>\n<a href=\"http:\/\/portal.trt15.jus.br\/\" target=\"_blank\">www.trt15.gov.br<\/a><\/p>\n<p><strong>Supremo Tribunal Federal<\/strong><br \/>\n<a href=\"http:\/\/www.stf.jus.br\/portal\/principal\/principal.asp\" target=\"_blank\">www.stf.gov.br<\/a><\/p>\n<p><strong>Superior Tribunal de Justi\u00e7a<\/strong><br \/>\n<a href=\"http:\/\/www.stj.jus.br\/portal\/site\/STJ\" target=\"_blank\">www.stj.gov.br<\/a><\/p>\n<p><strong>Tribunal Superior do Trabalho<\/strong><br \/>\n<a href=\"http:\/\/www.tst.jus.br\/\" target=\"_blank\">www.tst.gov.br<\/a><\/p>\n<p><strong>Junta Comercial do Estado de S\u00e3o Paulo<\/strong><br \/>\n<a href=\"http:\/\/www.institucional.jucesp.sp.gov.br\/\" target=\"_blank\">www.jucesp.sp.gov.br<\/a><\/p>\n<p><strong>Secretaria da Justi\u00e7a e da Defesa da Cidadania<\/strong><br \/>\n<a href=\"http:\/\/www.justica.sp.gov.br\/portal\/site\/SJDC\/\" target=\"_blank\">www.justica.sp.gov.br<\/a><\/p>\n<p><strong>Planalto- Presid\u00eancia da Rep\u00fablica<\/strong><br \/>\n<a href=\"http:\/\/www2.planalto.gov.br\/\" target=\"_blank\">www.planalto.gov.br<\/a><\/p>\n<p><strong>C\u00e2mara Municipal de Jundia\u00ed<\/strong><br \/>\n<a href=\"http:\/\/www.camarajundiai.sp.gov.br\/\" target=\"_blank\">www.camarajundiai.sp.gov.br<\/a><\/p>\n","protected":false},"excerpt":{"rendered":"<p>Associa\u00e7\u00e3o dos Advogados de S\u00e3o Paulo www.aasp.org.br Ordem dos Advogados do Brasil \u2013 Conselho Federal &#8211; Bras\u00edlia www.oab.org.br Ordem dos Advogados do Brasil \u2013 Sec\u00e7\u00e3o de S\u00e3o Paulo www.oabsp.org.br OAB Jundia\u00ed &#8211; 33\u00aa. Subsec\u00e7\u00e3o da Ordem dos Advogados do Brasil www.oabjundiai.org.br Tribunal de Justi\u00e7a do Estado de S\u00e3o Paulo www.tj.sp.gov.br Tribunal do Trabalho 2\u00aa. Reuni\u00e3o [&hellip;]<\/p>\n","protected":false},"author":14,"featured_media":0,"parent":0,"menu_order":0,"comment_status":"closed","ping_status":"closed","template":"page-subpaginas.php","meta":{"footnotes":""},"class_list":["post-26","page","type-page","status-publish","hentry"],"_links":{"self":[{"href":"https:\/\/jundiai.sp.gov.br\/justica-e-cidadania\/wp-json\/wp\/v2\/pages\/26","targetHints":{"allow":["GET"]}}],"collection":[{"href":"https:\/\/jundiai.sp.gov.br\/justica-e-cidadania\/wp-json\/wp\/v2\/pages"}],"about":[{"href":"https:\/\/jundiai.sp.gov.br\/justica-e-cidadania\/wp-json\/wp\/v2\/types\/page"}],"author":[{"embeddable":true,"href":"https:\/\/jundiai.sp.gov.br\/justica-e-cidadania\/wp-json\/wp\/v2\/users\/14"}],"replies":[{"embeddable":true,"href":"https:\/\/jundiai.sp.gov.br\/justica-e-cidadania\/wp-json\/wp\/v2\/comments?post=26"}],"version-history":[{"count":1,"href":"https:\/\/jundiai.sp.gov.br\/justica-e-cidadania\/wp-json\/wp\/v2\/pages\/26\/revisions"}],"predecessor-version":[{"id":27,"href":"https:\/\/jundiai.sp.gov.br\/justica-e-cidadania\/wp-json\/wp\/v2\/pages\/26\/revisions\/27"}],"wp:attachment":[{"href":"https:\/\/jundiai.sp.gov.br\/justica-e-cidadania\/wp-json\/wp\/v2\/media?parent=26"}],"curies":[{"name":"wp","href":"https:\/\/api.w.org\/{rel}","templated":true}]}}