{"id":6,"date":"2014-08-13T19:37:15","date_gmt":"2014-08-13T22:37:15","guid":{"rendered":"https:\/\/jundiai.sp.gov.br\/justica-e-cidadania\/?page_id=6"},"modified":"2025-09-04T10:31:33","modified_gmt":"2025-09-04T13:31:33","slug":"negocios-juridicos","status":"publish","type":"page","link":"https:\/\/jundiai.sp.gov.br\/justica-e-cidadania\/","title":{"rendered":"Justi\u00e7a e Cidadania"},"content":{"rendered":"\n<p><strong>A <strong>Secretaria Municipal<\/strong> de Justi\u00e7a e Cidadania tem por finalidade coordenar as a\u00e7\u00f5es e pol\u00edticas de cidadania e defender, em ju\u00edzo ou fora dele, os direitos e interesses do munic\u00edpio, suportada pela seguinte estrutura org\u00e2nica b\u00e1sica:<\/strong><\/p>\n\n\n\n<ul class=\"wp-block-list\">\n<li>Departamento para Assuntos de Cidadania\n<ul class=\"wp-block-list\">\n<li>Departamento para Assuntos de Cidadania<\/li>\n\n\n\n<li><a href=\"https:\/\/jundiai.sp.gov.br\/procon\/\">Procon<\/a><\/li>\n<\/ul>\n<\/li>\n\n\n\n<li>N\u00facleo de Planejamento, Gest\u00e3o e Finan\u00e7as<\/li>\n\n\n\n<li>Departamento de Consultoria Jur\u00eddica<\/li>\n\n\n\n<li>Departamento Jur\u00eddico Contencioso<\/li>\n\n\n\n<li>Unidade de Entregas Setorial<\/li>\n<\/ul>\n\n\n\n<h2 class=\"wp-block-heading\">Contatos<\/h2>\n\n\n\n<p><strong>Gabinete do Secret\u00e1rio de Neg\u00f3cios Jur\u00eddicos e Cidadania<\/strong><br>Pa\u00e7o Municipal &#8211; 7\u00ba andar &#8211; Ala Norte<br>Telefone: (11) <span style=\"font-weight: 400;\">4589-8<\/span>500<\/p>\n\n\n\n<p><strong>Se\u00e7\u00e3o de Atendimento<\/strong><br>Telefone: (11) 4589-8500<\/p>\n\n\n\n<p><strong>Departamento para Assuntos de Cidadania<\/strong><br>Telefone: (11) 4589-8994<\/p>\n\n\n\n<p><strong>Departamento de Consultoria Jur\u00eddica<\/strong><br>Telefone: (11) 4589-8501<\/p>\n\n\n\n<p><strong>Procuradoria e Consultoria Jur\u00eddica (PCJ)<\/strong><br>Telefone: (11) 4589-8504<\/p>\n\n\n\n<p><strong>Procuradoria para Licita\u00e7\u00f5es e Contratos Administrativos (PLCA)<\/strong><br>Telefone: (11) 4589-8909<\/p>\n\n\n\n<p><strong>Departamento Jur\u00eddico Contencioso<\/strong><br>Telefone: (11) <span style=\"font-weight: 400;\">4589-8502<\/span><\/p>\n\n\n\n<p><strong>Procuradoria Jur\u00eddica (PJ)<\/strong><br>Telefone: (11) 4589-8510<\/p>\n\n\n\n<p><strong>Procuradoria Fiscal (PF)<\/strong><br>Telefone: (11) 4589-8514<\/p>\n","protected":false},"excerpt":{"rendered":"<p>A Secretaria Municipal de Justi\u00e7a e Cidadania tem por finalidade coordenar as a\u00e7\u00f5es e pol\u00edticas de cidadania e defender, em ju\u00edzo ou fora dele, os direitos e interesses do munic\u00edpio, suportada pela seguinte estrutura org\u00e2nica b\u00e1sica: Contatos Gabinete do Secret\u00e1rio de Neg\u00f3cios Jur\u00eddicos e CidadaniaPa\u00e7o Municipal &#8211; 7\u00ba andar &#8211; Ala NorteTelefone: (11) 4589-8500 Se\u00e7\u00e3o [&hellip;]<\/p>\n","protected":false},"author":8,"featured_media":0,"parent":0,"menu_order":0,"comment_status":"open","ping_status":"closed","template":"page-subpaginas.php","meta":{"footnotes":""},"class_list":["post-6","page","type-page","status-publish","hentry"],"_links":{"self":[{"href":"https:\/\/jundiai.sp.gov.br\/justica-e-cidadania\/wp-json\/wp\/v2\/pages\/6","targetHints":{"allow":["GET"]}}],"collection":[{"href":"https:\/\/jundiai.sp.gov.br\/justica-e-cidadania\/wp-json\/wp\/v2\/pages"}],"about":[{"href":"https:\/\/jundiai.sp.gov.br\/justica-e-cidadania\/wp-json\/wp\/v2\/types\/page"}],"author":[{"embeddable":true,"href":"https:\/\/jundiai.sp.gov.br\/justica-e-cidadania\/wp-json\/wp\/v2\/users\/8"}],"replies":[{"embeddable":true,"href":"https:\/\/jundiai.sp.gov.br\/justica-e-cidadania\/wp-json\/wp\/v2\/comments?post=6"}],"version-history":[{"count":27,"href":"https:\/\/jundiai.sp.gov.br\/justica-e-cidadania\/wp-json\/wp\/v2\/pages\/6\/revisions"}],"predecessor-version":[{"id":155,"href":"https:\/\/jundiai.sp.gov.br\/justica-e-cidadania\/wp-json\/wp\/v2\/pages\/6\/revisions\/155"}],"wp:attachment":[{"href":"https:\/\/jundiai.sp.gov.br\/justica-e-cidadania\/wp-json\/wp\/v2\/media?parent=6"}],"curies":[{"name":"wp","href":"https:\/\/api.w.org\/{rel}","templated":true}]}}