{"id":74,"date":"2017-04-17T15:49:00","date_gmt":"2017-04-17T18:49:00","guid":{"rendered":"https:\/\/jundiai.sp.gov.br\/justica-e-cidadania\/?page_id=74"},"modified":"2025-09-11T16:33:51","modified_gmt":"2025-09-11T19:33:51","slug":"organograma","status":"publish","type":"page","link":"https:\/\/jundiai.sp.gov.br\/justica-e-cidadania\/organograma\/","title":{"rendered":"Organograma"},"content":{"rendered":"\n<h2 class=\"wp-block-heading\">Estrutura da Secretaria<\/h2>\n\n\n\n<p>Secret\u00e1rio: <strong>Gleison Lopes Aredes<\/strong><\/p>\n\n\n\n<hr class=\"wp-block-separator has-alpha-channel-opacity\"\/>\n\n\n\n<p><strong>Procon Jundia\u00ed<br><\/strong>Chefe do Procon: Marcelo Canale <\/p>\n\n\n\n<p><strong>Departamento para Assuntos de Cidadania<\/strong><br>Diretora: Maria L\u00facia Ruivo de Oliveira <\/p>\n\n\n\n<p><strong>Departamento de Consultoria Jur\u00eddica<\/strong><br>Diretor: Eduardo Ribeiro Pagliarde <\/p>\n\n\n\n<p><strong>Departamento Jur\u00eddico Contencioso<\/strong><br>Diretor: Henry Vin\u00edcius Batista Pires <\/p>\n\n\n\n<p><\/p>\n","protected":false},"excerpt":{"rendered":"<p>Estrutura da Secretaria Secret\u00e1rio: Gleison Lopes Aredes Procon Jundia\u00edChefe do Procon: Marcelo Canale Departamento para Assuntos de CidadaniaDiretora: Maria L\u00facia Ruivo de Oliveira Departamento de Consultoria Jur\u00eddicaDiretor: Eduardo Ribeiro Pagliarde Departamento Jur\u00eddico ContenciosoDiretor: Henry Vin\u00edcius Batista Pires<\/p>\n","protected":false},"author":14,"featured_media":0,"parent":0,"menu_order":0,"comment_status":"closed","ping_status":"closed","template":"","meta":{"footnotes":""},"class_list":["post-74","page","type-page","status-publish","hentry"],"_links":{"self":[{"href":"https:\/\/jundiai.sp.gov.br\/justica-e-cidadania\/wp-json\/wp\/v2\/pages\/74","targetHints":{"allow":["GET"]}}],"collection":[{"href":"https:\/\/jundiai.sp.gov.br\/justica-e-cidadania\/wp-json\/wp\/v2\/pages"}],"about":[{"href":"https:\/\/jundiai.sp.gov.br\/justica-e-cidadania\/wp-json\/wp\/v2\/types\/page"}],"author":[{"embeddable":true,"href":"https:\/\/jundiai.sp.gov.br\/justica-e-cidadania\/wp-json\/wp\/v2\/users\/14"}],"replies":[{"embeddable":true,"href":"https:\/\/jundiai.sp.gov.br\/justica-e-cidadania\/wp-json\/wp\/v2\/comments?post=74"}],"version-history":[{"count":23,"href":"https:\/\/jundiai.sp.gov.br\/justica-e-cidadania\/wp-json\/wp\/v2\/pages\/74\/revisions"}],"predecessor-version":[{"id":161,"href":"https:\/\/jundiai.sp.gov.br\/justica-e-cidadania\/wp-json\/wp\/v2\/pages\/74\/revisions\/161"}],"wp:attachment":[{"href":"https:\/\/jundiai.sp.gov.br\/justica-e-cidadania\/wp-json\/wp\/v2\/media?parent=74"}],"curies":[{"name":"wp","href":"https:\/\/api.w.org\/{rel}","templated":true}]}}