{"id":2,"date":"2014-09-22T19:33:11","date_gmt":"2014-09-22T19:33:11","guid":{"rendered":"https:\/\/jundiai.sp.gov.br\/lei-de-acesso-a-informacao\/?page_id=2"},"modified":"2020-07-01T17:47:29","modified_gmt":"2020-07-01T20:47:29","slug":"lei-de-acesso-a-informacao","status":"publish","type":"page","link":"https:\/\/jundiai.sp.gov.br\/lei-de-acesso-a-informacao\/","title":{"rendered":"Lei de Acesso \u00e0 Informa\u00e7\u00e3o"},"content":{"rendered":"<p>Neste espa\u00e7o, voc\u00ea vai encontrar informa\u00e7\u00f5es p\u00fablicas de responsabilidade da <strong>Prefeitura de Jundia\u00ed<\/strong> e de interesse do contribuinte, como determina a Lei de Acesso \u00e0 Informa\u00e7\u00e3o (Lei 12.527, de 18\/11\/2011).<\/p>\n<p><a title=\"abre numa nova janela\" href=\"https:\/\/156cijun.custhelp.com\/app\/answers\/detail\/a_id\/10727\/kw\/lei%20de%20acesso\" target=\"_blank\" rel=\"noopener noreferrer\">Acesse o SIC (Servi\u00e7o de Informa\u00e7\u00f5es ao Cidad\u00e3o)<\/a><\/p>\n<p><a href=\"http:\/\/www.planalto.gov.br\/ccivil_03\/_ato2011-2014\/2011\/lei\/l12527.htm\" target=\"_blank\" rel=\"noopener noreferrer\">Conhe\u00e7a a Lei 12.527<\/a><\/p>\n<p><a href=\"https:\/\/jundiai.sp.gov.br\/lei-de-acesso-a-informacao\/wp-content\/uploads\/sites\/30\/2020\/06\/decreto-no-28-373-2019-lai-3.pdf\">Veja o decreto municipal que a institui em Jundia\u00ed<\/a><\/p>\n<p>\u00c9 importante, por\u00e9m, que o solicitante fique atento em rela\u00e7\u00e3o a seu requerimento. O site da Prefeitura de Jundia\u00ed j\u00e1 viabiliza outros canais espec\u00edficos para determinados tipos de consulta p\u00fablica, como \u00e9 o caso do <a href=\"http:\/\/portaldatransparencia.jundiai.sp.gov.br\/\" target=\"_blank\" rel=\"noopener noreferrer\"><strong>Portal da Transpar\u00eancia<\/strong><\/a> e o <a href=\"http:\/\/compraaberta.jundiai.sp.gov.br\/\" target=\"_blank\" rel=\"noopener noreferrer\"><strong>Compra Aberta<\/strong><\/a>. Para solicita\u00e7\u00f5es e observa\u00e7\u00f5es diversas, o canal de atendimento ao cidad\u00e3o \u00e9 o <a href=\"https:\/\/jundiai.sp.gov.br\/156\/\" target=\"_blank\" rel=\"noopener noreferrer\"><strong>156<\/strong><\/a>, que tamb\u00e9m pode ser acessado pelo site.<\/p>\n<p>Para fazer uso da Lei de Acesso \u00e0 Informa\u00e7\u00e3o, \u00e9 necess\u00e1rio que o solicitante preencha corretamente todos os campos do formul\u00e1rio. Ap\u00f3s formalizar sua demanda, a Prefeitura de Jundia\u00ed responder\u00e1 dentro do prazo determinado por lei.<\/p>\n","protected":false},"excerpt":{"rendered":"<p>Neste espa\u00e7o, voc\u00ea vai encontrar informa\u00e7\u00f5es p\u00fablicas de responsabilidade da Prefeitura de Jundia\u00ed e de interesse do contribuinte, como determina a Lei de Acesso \u00e0 Informa\u00e7\u00e3o (Lei 12.527, de 18\/11\/2011). Acesse o SIC (Servi\u00e7o de Informa\u00e7\u00f5es ao Cidad\u00e3o) Conhe\u00e7a a Lei 12.527 Veja o decreto municipal que a institui em Jundia\u00ed \u00c9 importante, por\u00e9m, que [&hellip;]<\/p>\n","protected":false},"author":5,"featured_media":0,"parent":0,"menu_order":0,"comment_status":"open","ping_status":"closed","template":"","meta":{"footnotes":""},"class_list":["post-2","page","type-page","status-publish","hentry"],"_links":{"self":[{"href":"https:\/\/jundiai.sp.gov.br\/lei-de-acesso-a-informacao\/wp-json\/wp\/v2\/pages\/2","targetHints":{"allow":["GET"]}}],"collection":[{"href":"https:\/\/jundiai.sp.gov.br\/lei-de-acesso-a-informacao\/wp-json\/wp\/v2\/pages"}],"about":[{"href":"https:\/\/jundiai.sp.gov.br\/lei-de-acesso-a-informacao\/wp-json\/wp\/v2\/types\/page"}],"author":[{"embeddable":true,"href":"https:\/\/jundiai.sp.gov.br\/lei-de-acesso-a-informacao\/wp-json\/wp\/v2\/users\/5"}],"replies":[{"embeddable":true,"href":"https:\/\/jundiai.sp.gov.br\/lei-de-acesso-a-informacao\/wp-json\/wp\/v2\/comments?post=2"}],"version-history":[{"count":15,"href":"https:\/\/jundiai.sp.gov.br\/lei-de-acesso-a-informacao\/wp-json\/wp\/v2\/pages\/2\/revisions"}],"predecessor-version":[{"id":76,"href":"https:\/\/jundiai.sp.gov.br\/lei-de-acesso-a-informacao\/wp-json\/wp\/v2\/pages\/2\/revisions\/76"}],"wp:attachment":[{"href":"https:\/\/jundiai.sp.gov.br\/lei-de-acesso-a-informacao\/wp-json\/wp\/v2\/media?parent=2"}],"curies":[{"name":"wp","href":"https:\/\/api.w.org\/{rel}","templated":true}]}}