{"id":21,"date":"2015-08-04T16:30:29","date_gmt":"2015-08-04T19:30:29","guid":{"rendered":"https:\/\/jundiai.sp.gov.br\/lei-de-acesso-a-informacao\/?page_id=21"},"modified":"2019-12-11T14:13:20","modified_gmt":"2019-12-11T16:13:20","slug":"atendimento-presencial","status":"publish","type":"page","link":"https:\/\/jundiai.sp.gov.br\/lei-de-acesso-a-informacao\/atendimento-presencial\/","title":{"rendered":"Atendimento Presencial"},"content":{"rendered":"<h3>Ouvidoria<\/h3>\n<p>Pa\u00e7o Municipal &#8211; Avenida da Liberdade, s\/n\u00ba &#8211; T\u00e9rreo | Ala Norte, Jardim Bot\u00e2nico<br \/>\nFone: (11) 4589-8456<br \/>\nAtendimento: De segunda a sexta-feira, das 8h \u00e0s 17h.<\/p>\n","protected":false},"excerpt":{"rendered":"<p>Ouvidoria Pa\u00e7o Municipal &#8211; Avenida da Liberdade, s\/n\u00ba &#8211; T\u00e9rreo | Ala Norte, Jardim Bot\u00e2nico Fone: (11) 4589-8456 Atendimento: De segunda a sexta-feira, das 8h \u00e0s 17h.<\/p>\n","protected":false},"author":14,"featured_media":0,"parent":0,"menu_order":3,"comment_status":"closed","ping_status":"closed","template":"","meta":{"footnotes":""},"class_list":["post-21","page","type-page","status-publish","hentry"],"_links":{"self":[{"href":"https:\/\/jundiai.sp.gov.br\/lei-de-acesso-a-informacao\/wp-json\/wp\/v2\/pages\/21","targetHints":{"allow":["GET"]}}],"collection":[{"href":"https:\/\/jundiai.sp.gov.br\/lei-de-acesso-a-informacao\/wp-json\/wp\/v2\/pages"}],"about":[{"href":"https:\/\/jundiai.sp.gov.br\/lei-de-acesso-a-informacao\/wp-json\/wp\/v2\/types\/page"}],"author":[{"embeddable":true,"href":"https:\/\/jundiai.sp.gov.br\/lei-de-acesso-a-informacao\/wp-json\/wp\/v2\/users\/14"}],"replies":[{"embeddable":true,"href":"https:\/\/jundiai.sp.gov.br\/lei-de-acesso-a-informacao\/wp-json\/wp\/v2\/comments?post=21"}],"version-history":[{"count":7,"href":"https:\/\/jundiai.sp.gov.br\/lei-de-acesso-a-informacao\/wp-json\/wp\/v2\/pages\/21\/revisions"}],"predecessor-version":[{"id":64,"href":"https:\/\/jundiai.sp.gov.br\/lei-de-acesso-a-informacao\/wp-json\/wp\/v2\/pages\/21\/revisions\/64"}],"wp:attachment":[{"href":"https:\/\/jundiai.sp.gov.br\/lei-de-acesso-a-informacao\/wp-json\/wp\/v2\/media?parent=21"}],"curies":[{"name":"wp","href":"https:\/\/api.w.org\/{rel}","templated":true}]}}