{"id":11,"date":"2014-09-03T14:05:45","date_gmt":"2014-09-03T17:05:45","guid":{"rendered":"https:\/\/jundiai.sp.gov.br\/mobilidade\/?page_id=11"},"modified":"2025-11-24T10:38:49","modified_gmt":"2025-11-24T13:38:49","slug":"gestor","status":"publish","type":"page","link":"https:\/\/jundiai.sp.gov.br\/mobilidade\/gestor\/","title":{"rendered":"Secret\u00e1ria"},"content":{"rendered":"\n<div class=\"wp-block-media-text is-stacked-on-mobile\" style=\"grid-template-columns:46% auto\"><figure class=\"wp-block-media-text__media\"><img loading=\"lazy\" decoding=\"async\" width=\"1280\" height=\"853\" src=\"https:\/\/jundiai.sp.gov.br\/mobilidade\/wp-content\/uploads\/sites\/19\/2025\/11\/banco_de_imagens_ana_paula-14-1280x853.jpg\" alt=\"\" class=\"wp-image-1285 size-full\" srcset=\"https:\/\/jundiai.sp.gov.br\/mobilidade\/wp-content\/uploads\/sites\/19\/2025\/11\/banco_de_imagens_ana_paula-14-1280x853.jpg 1280w, https:\/\/jundiai.sp.gov.br\/mobilidade\/wp-content\/uploads\/sites\/19\/2025\/11\/banco_de_imagens_ana_paula-14-300x200.jpg 300w, https:\/\/jundiai.sp.gov.br\/mobilidade\/wp-content\/uploads\/sites\/19\/2025\/11\/banco_de_imagens_ana_paula-14-768x512.jpg 768w, https:\/\/jundiai.sp.gov.br\/mobilidade\/wp-content\/uploads\/sites\/19\/2025\/11\/banco_de_imagens_ana_paula-14-1536x1024.jpg 1536w, https:\/\/jundiai.sp.gov.br\/mobilidade\/wp-content\/uploads\/sites\/19\/2025\/11\/banco_de_imagens_ana_paula-14.jpg 1620w\" sizes=\"auto, (max-width: 1280px) 100vw, 1280px\" \/><\/figure><div class=\"wp-block-media-text__content\">\n<h2 class=\"wp-block-heading\">Ana Paula de Almeida<\/h2>\n\n\n\n<p>Ana Paula de Almeida \u00e9 formada em Engenharia Civil pela Universidade S\u00e3o Francisco (USF), de Itatiba, e servidora p\u00fablica de carreira da Prefeitura de Jundia\u00ed h\u00e1 31 anos. Possui p\u00f3s-gradua\u00e7\u00e3o em Mobilidade e Seguran\u00e7a. Iniciou carreira como engenheira em 2009 e foi diretora de Tr\u00e2nsito, de Transporte e de Engenharia de Mobilidade, seu \u00faltimo cargo antes de assumir a Secretaria. Participou das comiss\u00f5es t\u00e9cnicas do Conselho Nacional de Tr\u00e2nsito (Contran) e foi membro do F\u00f3rum Consultivo do Sistema Nacional de Tr\u00e2nsito de outubro de 2007 a dezembro de 2008.<\/p>\n\n\n\n<p>Coordenou projetos voltados \u00e0 melhoria do tr\u00e2nsito e da infraestrutura vi\u00e1ria da cidade. Entre os mais importantes, destaca-se o Projeto de Seguran\u00e7a Vi\u00e1ria, alinhado \u00e0s metas da D\u00e9cada Mundial de A\u00e7\u00e3o Pela Seguran\u00e7a no Tr\u00e2nsito (2011-2020). Sua atua\u00e7\u00e3o sempre foi pautada pelo comprometimento com a qualidade da mobilidade urbana, com seguran\u00e7a e acessibilidade para todos os jundiaienses.<\/p>\n<\/div><\/div>\n","protected":false},"excerpt":{"rendered":"<p>Ana Paula de Almeida Ana Paula de Almeida \u00e9 formada em Engenharia Civil pela Universidade S\u00e3o Francisco (USF), de Itatiba, e servidora p\u00fablica de carreira da Prefeitura de Jundia\u00ed h\u00e1 31 anos. Possui p\u00f3s-gradua\u00e7\u00e3o em Mobilidade e Seguran\u00e7a. Iniciou carreira como engenheira em 2009 e foi diretora de Tr\u00e2nsito, de Transporte e de Engenharia de [&hellip;]<\/p>\n","protected":false},"author":5,"featured_media":0,"parent":0,"menu_order":0,"comment_status":"closed","ping_status":"closed","template":"","meta":{"footnotes":""},"class_list":["post-11","page","type-page","status-publish","hentry"],"_links":{"self":[{"href":"https:\/\/jundiai.sp.gov.br\/mobilidade\/wp-json\/wp\/v2\/pages\/11","targetHints":{"allow":["GET"]}}],"collection":[{"href":"https:\/\/jundiai.sp.gov.br\/mobilidade\/wp-json\/wp\/v2\/pages"}],"about":[{"href":"https:\/\/jundiai.sp.gov.br\/mobilidade\/wp-json\/wp\/v2\/types\/page"}],"author":[{"embeddable":true,"href":"https:\/\/jundiai.sp.gov.br\/mobilidade\/wp-json\/wp\/v2\/users\/5"}],"replies":[{"embeddable":true,"href":"https:\/\/jundiai.sp.gov.br\/mobilidade\/wp-json\/wp\/v2\/comments?post=11"}],"version-history":[{"count":25,"href":"https:\/\/jundiai.sp.gov.br\/mobilidade\/wp-json\/wp\/v2\/pages\/11\/revisions"}],"predecessor-version":[{"id":1286,"href":"https:\/\/jundiai.sp.gov.br\/mobilidade\/wp-json\/wp\/v2\/pages\/11\/revisions\/1286"}],"wp:attachment":[{"href":"https:\/\/jundiai.sp.gov.br\/mobilidade\/wp-json\/wp\/v2\/media?parent=11"}],"curies":[{"name":"wp","href":"https:\/\/api.w.org\/{rel}","templated":true}]}}