{"id":1215,"date":"2024-12-02T09:50:51","date_gmt":"2024-12-02T12:50:51","guid":{"rendered":"https:\/\/jundiai.sp.gov.br\/mobilidade\/?page_id=1215"},"modified":"2024-12-02T10:04:27","modified_gmt":"2024-12-02T13:04:27","slug":"emissao-de-alvara-para-condutor-de-veiculos-de-transporte-especializado","status":"publish","type":"page","link":"https:\/\/jundiai.sp.gov.br\/mobilidade\/transportes\/emissao-de-alvara-para-condutor-de-veiculos-de-transporte-especializado\/","title":{"rendered":"Emiss\u00e3o de Alvar\u00e1 para Condutor de Ve\u00edculos de Transporte Especializado"},"content":{"rendered":"\n<p><strong>1. Tipo de Condutor:<\/strong><br>Selecione o tipo de transporte para o qual o alvar\u00e1 ser\u00e1 emitido:<\/p>\n\n\n\n<ul class=\"wp-block-list\">\n<li><strong>Transporte Escolar<\/strong>: Transporte exclusivo de estudantes.<\/li>\n\n\n\n<li><strong>T\u00e1xi<\/strong>: Transporte individual de passageiros com tarifas reguladas.<\/li>\n\n\n\n<li><strong>Fretamento<\/strong>: Transporte coletivo contratado por grupos espec\u00edficos.<\/li>\n\n\n\n<li><strong>Transporte Executivo<\/strong>: Transporte particular de passageiros com padr\u00e3o diferenciado.<\/li>\n<\/ul>\n\n\n\n<p><strong>2. N\u00famero do CFM &#8211; Cadastro Fiscal Municipal:<\/strong><br>Informe o n\u00famero do <strong>Cadastro Fiscal Municipal (CFM)<\/strong>, necess\u00e1rio para identificar o condutor e o ve\u00edculo no sistema municipal. Exemplo: <strong>xxxxxx-x<\/strong>.<\/p>\n\n\n\n<p><strong>3. Placa do Ve\u00edculo Cadastrado no Munic\u00edpio:<\/strong><\/p>\n\n\n\n<p>Insira a placa do ve\u00edculo registrado no munic\u00edpio, garantindo que ele est\u00e1 cadastrado e habilitado para operar no servi\u00e7o autorizado. (placa do ve\u00edculo cadastrado na UGMT\/STC).<\/p>\n\n\n\n<iframe loading=\"lazy\" src=\"https:\/\/web21.cijun.sp.gov.br\/PMJ\/SW\/AlvarasTransporte.aspx\" width=\"100%\" height=\"800\"><\/iframe>\n","protected":false},"excerpt":{"rendered":"<p>1. Tipo de Condutor:Selecione o tipo de transporte para o qual o alvar\u00e1 ser\u00e1 emitido: 2. N\u00famero do CFM &#8211; Cadastro Fiscal Municipal:Informe o n\u00famero do Cadastro Fiscal Municipal (CFM), necess\u00e1rio para identificar o condutor e o ve\u00edculo no sistema municipal. Exemplo: xxxxxx-x. 3. Placa do Ve\u00edculo Cadastrado no Munic\u00edpio: Insira a placa do ve\u00edculo [&hellip;]<\/p>\n","protected":false},"author":8,"featured_media":0,"parent":820,"menu_order":0,"comment_status":"closed","ping_status":"closed","template":"","meta":{"footnotes":""},"class_list":["post-1215","page","type-page","status-publish","hentry"],"_links":{"self":[{"href":"https:\/\/jundiai.sp.gov.br\/mobilidade\/wp-json\/wp\/v2\/pages\/1215","targetHints":{"allow":["GET"]}}],"collection":[{"href":"https:\/\/jundiai.sp.gov.br\/mobilidade\/wp-json\/wp\/v2\/pages"}],"about":[{"href":"https:\/\/jundiai.sp.gov.br\/mobilidade\/wp-json\/wp\/v2\/types\/page"}],"author":[{"embeddable":true,"href":"https:\/\/jundiai.sp.gov.br\/mobilidade\/wp-json\/wp\/v2\/users\/8"}],"replies":[{"embeddable":true,"href":"https:\/\/jundiai.sp.gov.br\/mobilidade\/wp-json\/wp\/v2\/comments?post=1215"}],"version-history":[{"count":2,"href":"https:\/\/jundiai.sp.gov.br\/mobilidade\/wp-json\/wp\/v2\/pages\/1215\/revisions"}],"predecessor-version":[{"id":1217,"href":"https:\/\/jundiai.sp.gov.br\/mobilidade\/wp-json\/wp\/v2\/pages\/1215\/revisions\/1217"}],"up":[{"embeddable":true,"href":"https:\/\/jundiai.sp.gov.br\/mobilidade\/wp-json\/wp\/v2\/pages\/820"}],"wp:attachment":[{"href":"https:\/\/jundiai.sp.gov.br\/mobilidade\/wp-json\/wp\/v2\/media?parent=1215"}],"curies":[{"name":"wp","href":"https:\/\/api.w.org\/{rel}","templated":true}]}}