{"id":1246,"date":"2025-07-01T09:14:33","date_gmt":"2025-07-01T12:14:33","guid":{"rendered":"https:\/\/jundiai.sp.gov.br\/mobilidade\/?page_id=1246"},"modified":"2025-07-01T09:14:33","modified_gmt":"2025-07-01T12:14:33","slug":"solicitacao-de-lombada","status":"publish","type":"page","link":"https:\/\/jundiai.sp.gov.br\/mobilidade\/solicitacao-de-lombada\/","title":{"rendered":"Solicita\u00e7\u00e3o de Lombada"},"content":{"rendered":"\n<p>A solicita\u00e7\u00e3o para&nbsp;<strong>implantar<\/strong>&nbsp;ou&nbsp;<strong>retirar<\/strong>&nbsp;lombada dever\u00e1 ser acompanhada de justificativa assim como de um abaixo assinado constando a ci\u00eancia de pelo menos um respons\u00e1vel por cada im\u00f3vel do trecho onde se pretende a mudan\u00e7a. Dentre os crit\u00e9rios para avalia\u00e7\u00e3o da viabilidade do pedido ser\u00e3o considerados o volume veicular da via, caracter\u00edsticas da via (sentido de circula\u00e7\u00e3o, sem sa\u00edda, largura, classifica\u00e7\u00e3o vi\u00e1ria, etc.), tipo de uso (comercial, residencial, etc.), condi\u00e7\u00f5es de seguran\u00e7a, etc.<\/p>\n\n\n\n<p>Modelo de solicita\u00e7\u00e3o para\u00a0<strong><a href=\"https:\/\/jundiai.sp.gov.br\/mobilidade\/wp-content\/uploads\/sites\/19\/2025\/07\/implant-lombada_rev2.pdf\">Implanta\u00e7\u00e3o ou Retirada de Lombada.<\/a><\/strong><\/p>\n","protected":false},"excerpt":{"rendered":"<p>A solicita\u00e7\u00e3o para&nbsp;implantar&nbsp;ou&nbsp;retirar&nbsp;lombada dever\u00e1 ser acompanhada de justificativa assim como de um abaixo assinado constando a ci\u00eancia de pelo menos um respons\u00e1vel por cada im\u00f3vel do trecho onde se pretende a mudan\u00e7a. Dentre os crit\u00e9rios para avalia\u00e7\u00e3o da viabilidade do pedido ser\u00e3o considerados o volume veicular da via, caracter\u00edsticas da via (sentido de circula\u00e7\u00e3o, sem [&hellip;]<\/p>\n","protected":false},"author":129,"featured_media":0,"parent":0,"menu_order":0,"comment_status":"closed","ping_status":"closed","template":"","meta":{"footnotes":""},"class_list":["post-1246","page","type-page","status-publish","hentry"],"_links":{"self":[{"href":"https:\/\/jundiai.sp.gov.br\/mobilidade\/wp-json\/wp\/v2\/pages\/1246","targetHints":{"allow":["GET"]}}],"collection":[{"href":"https:\/\/jundiai.sp.gov.br\/mobilidade\/wp-json\/wp\/v2\/pages"}],"about":[{"href":"https:\/\/jundiai.sp.gov.br\/mobilidade\/wp-json\/wp\/v2\/types\/page"}],"author":[{"embeddable":true,"href":"https:\/\/jundiai.sp.gov.br\/mobilidade\/wp-json\/wp\/v2\/users\/129"}],"replies":[{"embeddable":true,"href":"https:\/\/jundiai.sp.gov.br\/mobilidade\/wp-json\/wp\/v2\/comments?post=1246"}],"version-history":[{"count":1,"href":"https:\/\/jundiai.sp.gov.br\/mobilidade\/wp-json\/wp\/v2\/pages\/1246\/revisions"}],"predecessor-version":[{"id":1248,"href":"https:\/\/jundiai.sp.gov.br\/mobilidade\/wp-json\/wp\/v2\/pages\/1246\/revisions\/1248"}],"wp:attachment":[{"href":"https:\/\/jundiai.sp.gov.br\/mobilidade\/wp-json\/wp\/v2\/media?parent=1246"}],"curies":[{"name":"wp","href":"https:\/\/api.w.org\/{rel}","templated":true}]}}