{"id":1262,"date":"2025-09-26T07:34:39","date_gmt":"2025-09-26T10:34:39","guid":{"rendered":"https:\/\/jundiai.sp.gov.br\/mobilidade\/?page_id=1262"},"modified":"2025-09-26T07:39:07","modified_gmt":"2025-09-26T10:39:07","slug":"adequacao-de-acessos","status":"publish","type":"page","link":"https:\/\/jundiai.sp.gov.br\/mobilidade\/engenharia-de-mobilidade\/adequacao-de-acessos\/","title":{"rendered":"Adequa\u00e7\u00e3o de Acessos"},"content":{"rendered":"\n<div class=\"wp-block-file\"><a id=\"wp-block-file--media-b9cb0844-1805-488b-ad95-6096da473142\" href=\"https:\/\/jundiai.sp.gov.br\/mobilidade\/wp-content\/uploads\/sites\/19\/2025\/09\/procedimentos.pdf\" target=\"_blank\" rel=\"noreferrer noopener\">Procedimentos para Aprova\u00e7\u00e3o de Adequa\u00e7\u00e3o de Acessos<\/a><\/div>\n\n\n\n<div class=\"wp-block-file\"><a id=\"wp-block-file--media-6fa22c68-7de6-46ca-a29c-41c75f9216ca\" href=\"https:\/\/jundiai.sp.gov.br\/mobilidade\/wp-content\/uploads\/sites\/19\/2025\/09\/anexo-i.pdf\" target=\"_blank\" rel=\"noreferrer noopener\">(Anexo I) Requerimento para Solicita\u00e7\u00e3o de Adequa\u00e7\u00e3o de Acessos<\/a><\/div>\n\n\n\n<div class=\"wp-block-file\"><a id=\"wp-block-file--media-d7f91f91-7d9e-409c-b066-533e78996d11\" href=\"https:\/\/jundiai.sp.gov.br\/mobilidade\/wp-content\/uploads\/sites\/19\/2025\/09\/anexo-ii.pdf\" target=\"_blank\" rel=\"noreferrer noopener\">(Anexo II) Justificativa T\u00e9cnica<\/a><\/div>\n\n\n\n<div class=\"wp-block-file\"><a id=\"wp-block-file--media-b8519574-8e56-43b7-af55-061b9b10bb2a\" href=\"https:\/\/jundiai.sp.gov.br\/mobilidade\/wp-content\/uploads\/sites\/19\/2025\/09\/anexo-iii.pdf\" target=\"_blank\" rel=\"noreferrer noopener\">(Anexo III) Projeto Simplificado de Acessos<\/a><\/div>\n","protected":false},"excerpt":{"rendered":"","protected":false},"author":117,"featured_media":0,"parent":817,"menu_order":0,"comment_status":"closed","ping_status":"closed","template":"","meta":{"footnotes":""},"class_list":["post-1262","page","type-page","status-publish","hentry"],"_links":{"self":[{"href":"https:\/\/jundiai.sp.gov.br\/mobilidade\/wp-json\/wp\/v2\/pages\/1262","targetHints":{"allow":["GET"]}}],"collection":[{"href":"https:\/\/jundiai.sp.gov.br\/mobilidade\/wp-json\/wp\/v2\/pages"}],"about":[{"href":"https:\/\/jundiai.sp.gov.br\/mobilidade\/wp-json\/wp\/v2\/types\/page"}],"author":[{"embeddable":true,"href":"https:\/\/jundiai.sp.gov.br\/mobilidade\/wp-json\/wp\/v2\/users\/117"}],"replies":[{"embeddable":true,"href":"https:\/\/jundiai.sp.gov.br\/mobilidade\/wp-json\/wp\/v2\/comments?post=1262"}],"version-history":[{"count":2,"href":"https:\/\/jundiai.sp.gov.br\/mobilidade\/wp-json\/wp\/v2\/pages\/1262\/revisions"}],"predecessor-version":[{"id":1269,"href":"https:\/\/jundiai.sp.gov.br\/mobilidade\/wp-json\/wp\/v2\/pages\/1262\/revisions\/1269"}],"up":[{"embeddable":true,"href":"https:\/\/jundiai.sp.gov.br\/mobilidade\/wp-json\/wp\/v2\/pages\/817"}],"wp:attachment":[{"href":"https:\/\/jundiai.sp.gov.br\/mobilidade\/wp-json\/wp\/v2\/media?parent=1262"}],"curies":[{"name":"wp","href":"https:\/\/api.w.org\/{rel}","templated":true}]}}