{"id":1270,"date":"2025-10-20T14:52:39","date_gmt":"2025-10-20T17:52:39","guid":{"rendered":"https:\/\/jundiai.sp.gov.br\/mobilidade\/?page_id=1270"},"modified":"2025-10-20T14:52:39","modified_gmt":"2025-10-20T17:52:39","slug":"sistema-de-notificacao-eletronica","status":"publish","type":"page","link":"https:\/\/jundiai.sp.gov.br\/mobilidade\/sistema-de-notificacao-eletronica\/","title":{"rendered":"Sistema de Notifica\u00e7\u00e3o Eletr\u00f4nica"},"content":{"rendered":"\n<p><strong>Ades\u00e3o pelo Portal de Servi\u00e7os SENATRAN<\/strong><\/p>\n\n\n\n<p>Acesse o Portal de Servi\u00e7os Senatran no endere\u00e7o&nbsp;<a href=\"https:\/\/portalservicos.senatran.serpro.gov.br\/\" target=\"_blank\" rel=\"noreferrer noopener\">https:\/\/portalservicos.senatran.serpro.gov.br<\/a>. Para acessar o SNE via Portal de Servi\u00e7os SENATRAN \u00e9 necess\u00e1rio ter uma conta GOV.BR. Voc\u00ea pode criar sua conta acessando&nbsp;<a href=\"https:\/\/acesso.gov.br\/\" target=\"_blank\" rel=\"noreferrer noopener\">https:\/\/acesso.gov.br<\/a>. Digite o seu CPF na tela inicial e, em seguida, clique no bot\u00e3o continuar. Siga as instru\u00e7\u00f5es na tela para concluir a cria\u00e7\u00e3o da sua conta. Para receber as notifica\u00e7\u00f5es via celular, o aplicativo CDT deve estar instalado em seu celular.<\/p>\n\n\n\n<p>\u200b<\/p>\n\n\n\n<p><strong>Ades\u00e3o pelo aplicativo da Carteira Digital de Tr\u00e2nsito<\/strong><\/p>\n\n\n\n<p>Para aderir ao SNE pelo aplicativo CDT, acesse o Menu da aplica\u00e7\u00e3o, escolha a op\u00e7\u00e3o&nbsp;<em>Prefer\u00eancias<\/em>&nbsp;e, em seguida,&nbsp;<em>Sistema de Notifica\u00e7\u00e3o Eletr\u00f4nica &#8211; SNE<\/em>. Na tela do seu celular ser\u00e1 apresentado o texto&nbsp;<em>Termos e Condi\u00e7\u00f5es de Ades\u00e3o ao Sistema de Notifica\u00e7\u00e3o Eletr\u00f4nica &#8211; SNE.<\/em>&nbsp;Nessa mesma tela pressione o bot\u00e3o&nbsp;<em>Aderir ao SNE<\/em>.<\/p>\n","protected":false},"excerpt":{"rendered":"<p>Ades\u00e3o pelo Portal de Servi\u00e7os SENATRAN Acesse o Portal de Servi\u00e7os Senatran no endere\u00e7o&nbsp;https:\/\/portalservicos.senatran.serpro.gov.br. Para acessar o SNE via Portal de Servi\u00e7os SENATRAN \u00e9 necess\u00e1rio ter uma conta GOV.BR. Voc\u00ea pode criar sua conta acessando&nbsp;https:\/\/acesso.gov.br. Digite o seu CPF na tela inicial e, em seguida, clique no bot\u00e3o continuar. Siga as instru\u00e7\u00f5es na tela para [&hellip;]<\/p>\n","protected":false},"author":8,"featured_media":0,"parent":0,"menu_order":0,"comment_status":"closed","ping_status":"closed","template":"","meta":{"footnotes":""},"class_list":["post-1270","page","type-page","status-publish","hentry"],"_links":{"self":[{"href":"https:\/\/jundiai.sp.gov.br\/mobilidade\/wp-json\/wp\/v2\/pages\/1270","targetHints":{"allow":["GET"]}}],"collection":[{"href":"https:\/\/jundiai.sp.gov.br\/mobilidade\/wp-json\/wp\/v2\/pages"}],"about":[{"href":"https:\/\/jundiai.sp.gov.br\/mobilidade\/wp-json\/wp\/v2\/types\/page"}],"author":[{"embeddable":true,"href":"https:\/\/jundiai.sp.gov.br\/mobilidade\/wp-json\/wp\/v2\/users\/8"}],"replies":[{"embeddable":true,"href":"https:\/\/jundiai.sp.gov.br\/mobilidade\/wp-json\/wp\/v2\/comments?post=1270"}],"version-history":[{"count":1,"href":"https:\/\/jundiai.sp.gov.br\/mobilidade\/wp-json\/wp\/v2\/pages\/1270\/revisions"}],"predecessor-version":[{"id":1271,"href":"https:\/\/jundiai.sp.gov.br\/mobilidade\/wp-json\/wp\/v2\/pages\/1270\/revisions\/1271"}],"wp:attachment":[{"href":"https:\/\/jundiai.sp.gov.br\/mobilidade\/wp-json\/wp\/v2\/media?parent=1270"}],"curies":[{"name":"wp","href":"https:\/\/api.w.org\/{rel}","templated":true}]}}