{"id":143,"date":"2014-09-12T16:13:22","date_gmt":"2014-09-12T19:13:22","guid":{"rendered":"https:\/\/jundiai.sp.gov.br\/mobilidade\/?page_id=143"},"modified":"2024-03-01T11:31:24","modified_gmt":"2024-03-01T14:31:24","slug":"cartoes-de-estacionamento","status":"publish","type":"page","link":"https:\/\/jundiai.sp.gov.br\/mobilidade\/transito\/cartoes-de-estacionamento\/","title":{"rendered":"Cart\u00f5es de Estacionamento"},"content":{"rendered":"\n<p><strong>Considerando o retorno das atividades do POUPATEMPO, a emiss\u00e3o de Cart\u00f5es de Estacionamento de Idoso e Cart\u00f5es de Estacionamento de Portadores de Defici\u00eancia e com Dificuldade de Locomo\u00e7\u00e3o voltar\u00e3o a ser disponibilizados no POUPATEMPO, para tanto os interessados dever\u00e3o realizar agendamento no site:\u00a0<a href=\"http:\/\/www.poupatempo.sp.gov.br\/\" target=\"_blank\" rel=\"noreferrer noopener\">www.poupatempo.sp.gov.br<\/a>.  <\/strong><br><\/p>\n","protected":false},"excerpt":{"rendered":"<p>Considerando o retorno das atividades do POUPATEMPO, a emiss\u00e3o de Cart\u00f5es de Estacionamento de Idoso e Cart\u00f5es de Estacionamento de Portadores de Defici\u00eancia e com Dificuldade de Locomo\u00e7\u00e3o voltar\u00e3o a ser disponibilizados no POUPATEMPO, para tanto os interessados dever\u00e3o realizar agendamento no site:\u00a0www.poupatempo.sp.gov.br.<\/p>\n","protected":false},"author":11,"featured_media":0,"parent":25,"menu_order":1,"comment_status":"closed","ping_status":"closed","template":"page-subpaginas.php","meta":{"footnotes":""},"class_list":["post-143","page","type-page","status-publish","hentry"],"_links":{"self":[{"href":"https:\/\/jundiai.sp.gov.br\/mobilidade\/wp-json\/wp\/v2\/pages\/143","targetHints":{"allow":["GET"]}}],"collection":[{"href":"https:\/\/jundiai.sp.gov.br\/mobilidade\/wp-json\/wp\/v2\/pages"}],"about":[{"href":"https:\/\/jundiai.sp.gov.br\/mobilidade\/wp-json\/wp\/v2\/types\/page"}],"author":[{"embeddable":true,"href":"https:\/\/jundiai.sp.gov.br\/mobilidade\/wp-json\/wp\/v2\/users\/11"}],"replies":[{"embeddable":true,"href":"https:\/\/jundiai.sp.gov.br\/mobilidade\/wp-json\/wp\/v2\/comments?post=143"}],"version-history":[{"count":8,"href":"https:\/\/jundiai.sp.gov.br\/mobilidade\/wp-json\/wp\/v2\/pages\/143\/revisions"}],"predecessor-version":[{"id":1193,"href":"https:\/\/jundiai.sp.gov.br\/mobilidade\/wp-json\/wp\/v2\/pages\/143\/revisions\/1193"}],"up":[{"embeddable":true,"href":"https:\/\/jundiai.sp.gov.br\/mobilidade\/wp-json\/wp\/v2\/pages\/25"}],"wp:attachment":[{"href":"https:\/\/jundiai.sp.gov.br\/mobilidade\/wp-json\/wp\/v2\/media?parent=143"}],"curies":[{"name":"wp","href":"https:\/\/api.w.org\/{rel}","templated":true}]}}