{"id":15,"date":"2014-09-03T14:06:22","date_gmt":"2014-09-03T17:06:22","guid":{"rendered":"https:\/\/jundiai.sp.gov.br\/mobilidade\/?page_id=15"},"modified":"2021-07-12T15:18:30","modified_gmt":"2021-07-12T18:18:30","slug":"parcerias-em-terminais","status":"publish","type":"page","link":"https:\/\/jundiai.sp.gov.br\/mobilidade\/transportes\/parcerias-em-terminais\/","title":{"rendered":"Parcerias em Terminais"},"content":{"rendered":"<p><strong>Programa Circuito das Frutas<\/strong><br \/>\n<strong>Elabora\u00e7\u00e3o:<\/strong> Unidade de Gest\u00e3o de\u00a0Agroneg\u00f3cio, Abastecimento e Turismo<br \/>\n<strong>Colabora\u00e7\u00e3o:<\/strong> Unidade de Gest\u00e3o de Mobilidade e Transporte, para fornecimento de locais nos terminais e Unidade de Gest\u00e3o de Desenvolvimento Econ\u00f4mico, Ci\u00eancia e Tecnologia, para divulga\u00e7\u00e3o. Lan\u00e7amento do programa: abril de 2005.<br \/>\n<strong>Total de Bancas:<\/strong> Nove.<br \/>\n<strong>Objetivo:<\/strong> Estimular a comercializa\u00e7\u00e3o direta de frutas nos terminais urbanos, com a inten\u00e7\u00e3o de favorecer o produtor rural. Por consequ\u00eancia, a atividade facilita o usu\u00e1rio do transporte na aquisi\u00e7\u00e3o de frutas a pre\u00e7os acess\u00edveis e de qualidade.<\/p>\n","protected":false},"excerpt":{"rendered":"<p>Programa Circuito das Frutas Elabora\u00e7\u00e3o: Unidade de Gest\u00e3o de\u00a0Agroneg\u00f3cio, Abastecimento e Turismo Colabora\u00e7\u00e3o: Unidade de Gest\u00e3o de Mobilidade e Transporte, para fornecimento de locais nos terminais e Unidade de Gest\u00e3o de Desenvolvimento Econ\u00f4mico, Ci\u00eancia e Tecnologia, para divulga\u00e7\u00e3o. Lan\u00e7amento do programa: abril de 2005. Total de Bancas: Nove. Objetivo: Estimular a comercializa\u00e7\u00e3o direta de frutas [&hellip;]<\/p>\n","protected":false},"author":5,"featured_media":0,"parent":820,"menu_order":0,"comment_status":"closed","ping_status":"closed","template":"","meta":{"footnotes":""},"class_list":["post-15","page","type-page","status-publish","hentry"],"_links":{"self":[{"href":"https:\/\/jundiai.sp.gov.br\/mobilidade\/wp-json\/wp\/v2\/pages\/15","targetHints":{"allow":["GET"]}}],"collection":[{"href":"https:\/\/jundiai.sp.gov.br\/mobilidade\/wp-json\/wp\/v2\/pages"}],"about":[{"href":"https:\/\/jundiai.sp.gov.br\/mobilidade\/wp-json\/wp\/v2\/types\/page"}],"author":[{"embeddable":true,"href":"https:\/\/jundiai.sp.gov.br\/mobilidade\/wp-json\/wp\/v2\/users\/5"}],"replies":[{"embeddable":true,"href":"https:\/\/jundiai.sp.gov.br\/mobilidade\/wp-json\/wp\/v2\/comments?post=15"}],"version-history":[{"count":7,"href":"https:\/\/jundiai.sp.gov.br\/mobilidade\/wp-json\/wp\/v2\/pages\/15\/revisions"}],"predecessor-version":[{"id":596,"href":"https:\/\/jundiai.sp.gov.br\/mobilidade\/wp-json\/wp\/v2\/pages\/15\/revisions\/596"}],"up":[{"embeddable":true,"href":"https:\/\/jundiai.sp.gov.br\/mobilidade\/wp-json\/wp\/v2\/pages\/820"}],"wp:attachment":[{"href":"https:\/\/jundiai.sp.gov.br\/mobilidade\/wp-json\/wp\/v2\/media?parent=15"}],"curies":[{"name":"wp","href":"https:\/\/api.w.org\/{rel}","templated":true}]}}