{"id":161,"date":"2014-09-12T16:32:22","date_gmt":"2014-09-12T19:32:22","guid":{"rendered":"https:\/\/jundiai.sp.gov.br\/mobilidade\/?page_id=161"},"modified":"2021-07-12T15:11:33","modified_gmt":"2021-07-12T18:11:33","slug":"certidao-de-sinalizacao","status":"publish","type":"page","link":"https:\/\/jundiai.sp.gov.br\/mobilidade\/engenharia-de-mobilidade\/certidao-de-sinalizacao\/","title":{"rendered":"Certid\u00e3o de Sinaliza\u00e7\u00e3o"},"content":{"rendered":"<p>A solicita\u00e7\u00e3o para emiss\u00e3o de Certid\u00e3o da Sinaliza\u00e7\u00e3o existente na via na ocasi\u00e3o de um determinado evento (acidente de tr\u00e2nsito, obra na via, etc.) dever\u00e1 ser protocolada no andar t\u00e9rreo do Pa\u00e7o Municipal, acompanhada de justificativa al\u00e9m dos dados do requerente, conforme modelo dispon\u00edvel abaixo.<\/p>\n<p>Modelo de solicita\u00e7\u00e3o de <a href=\"https:\/\/jundiai.sp.gov.br\/mobilidade\/wp-content\/uploads\/sites\/19\/2014\/09\/Certid\u00e3o-de-Sinaliza\u00e7\u00e3o.pdf\">Certid\u00e3o de Sinaliza\u00e7\u00e3o<\/a><\/p>\n","protected":false},"excerpt":{"rendered":"<p>A solicita\u00e7\u00e3o para emiss\u00e3o de Certid\u00e3o da Sinaliza\u00e7\u00e3o existente na via na ocasi\u00e3o de um determinado evento (acidente de tr\u00e2nsito, obra na via, etc.) dever\u00e1 ser protocolada no andar t\u00e9rreo do Pa\u00e7o Municipal, acompanhada de justificativa al\u00e9m dos dados do requerente, conforme modelo dispon\u00edvel abaixo. Modelo de solicita\u00e7\u00e3o de Certid\u00e3o de Sinaliza\u00e7\u00e3o<\/p>\n","protected":false},"author":11,"featured_media":0,"parent":817,"menu_order":0,"comment_status":"closed","ping_status":"closed","template":"","meta":{"footnotes":""},"class_list":["post-161","page","type-page","status-publish","hentry"],"_links":{"self":[{"href":"https:\/\/jundiai.sp.gov.br\/mobilidade\/wp-json\/wp\/v2\/pages\/161","targetHints":{"allow":["GET"]}}],"collection":[{"href":"https:\/\/jundiai.sp.gov.br\/mobilidade\/wp-json\/wp\/v2\/pages"}],"about":[{"href":"https:\/\/jundiai.sp.gov.br\/mobilidade\/wp-json\/wp\/v2\/types\/page"}],"author":[{"embeddable":true,"href":"https:\/\/jundiai.sp.gov.br\/mobilidade\/wp-json\/wp\/v2\/users\/11"}],"replies":[{"embeddable":true,"href":"https:\/\/jundiai.sp.gov.br\/mobilidade\/wp-json\/wp\/v2\/comments?post=161"}],"version-history":[{"count":1,"href":"https:\/\/jundiai.sp.gov.br\/mobilidade\/wp-json\/wp\/v2\/pages\/161\/revisions"}],"predecessor-version":[{"id":163,"href":"https:\/\/jundiai.sp.gov.br\/mobilidade\/wp-json\/wp\/v2\/pages\/161\/revisions\/163"}],"up":[{"embeddable":true,"href":"https:\/\/jundiai.sp.gov.br\/mobilidade\/wp-json\/wp\/v2\/pages\/817"}],"wp:attachment":[{"href":"https:\/\/jundiai.sp.gov.br\/mobilidade\/wp-json\/wp\/v2\/media?parent=161"}],"curies":[{"name":"wp","href":"https:\/\/api.w.org\/{rel}","templated":true}]}}