{"id":164,"date":"2014-09-12T16:33:41","date_gmt":"2014-09-12T19:33:41","guid":{"rendered":"https:\/\/jundiai.sp.gov.br\/mobilidade\/?page_id=164"},"modified":"2022-10-11T10:38:49","modified_gmt":"2022-10-11T13:38:49","slug":"rebaixamento-de-guia","status":"publish","type":"page","link":"https:\/\/jundiai.sp.gov.br\/mobilidade\/engenharia-de-mobilidade\/rebaixamento-de-guia\/","title":{"rendered":"Rebaixamento de Guia"},"content":{"rendered":"\n<p>A solicita\u00e7\u00e3o para Rebaixamento de Guia dever\u00e1 ser protocolada eletronicamente atrav\u00e9s do Sistema de Aprova\u00e7\u00e3o Eletr\u00f4nica de Projetos e Obras (SAEPRO), podendo ser acessado atrav\u00e9s do link<br><a href=\"http:\/\/saepro.jundiai.sp.gov.br\/\">http:\/\/saepro.jundiai.sp.gov.br\/<\/a>, devendo ser observados o requerimento, modelo de croqui e o \u201croteiro para a solicita\u00e7\u00e3o de rebaixamento de guia\u201d disponibilizados nesta p\u00e1gina.<\/p>\n\n\n\n<p><a href=\"https:\/\/jundiai.sp.gov.br\/mobilidade\/wp-content\/uploads\/sites\/19\/2022\/10\/modelo-requerimento-rebaixamento-rev_modelo.pdf\">Modelo de solicita\u00e7\u00e3o de Rebaixamento de Guia<\/a><\/p>\n\n\n\n<p><a href=\"https:\/\/jundiai.sp.gov.br\/mobilidade\/wp-content\/uploads\/sites\/19\/2022\/10\/modelo-requerimento-rebaixamento-rev.pdf\">Modelo de Croqui de Localiza\u00e7\u00e3o do Rebaixamento de Guia <\/a><\/p>\n\n\n\n<p><a href=\"https:\/\/jundiai.sp.gov.br\/mobilidade\/wp-content\/uploads\/sites\/19\/2022\/10\/tutorial_rebaixamento-de-guia_completo.pdf\">Roteiro para Solicita\u00e7\u00e3o de Rebaixamento de Guia <\/a><\/p>\n\n\n\n<p><\/p>\n","protected":false},"excerpt":{"rendered":"<p>A solicita\u00e7\u00e3o para Rebaixamento de Guia dever\u00e1 ser protocolada eletronicamente atrav\u00e9s do Sistema de Aprova\u00e7\u00e3o Eletr\u00f4nica de Projetos e Obras (SAEPRO), podendo ser acessado atrav\u00e9s do linkhttp:\/\/saepro.jundiai.sp.gov.br\/, devendo ser observados o requerimento, modelo de croqui e o \u201croteiro para a solicita\u00e7\u00e3o de rebaixamento de guia\u201d disponibilizados nesta p\u00e1gina. Modelo de solicita\u00e7\u00e3o de Rebaixamento de Guia [&hellip;]<\/p>\n","protected":false},"author":11,"featured_media":0,"parent":817,"menu_order":0,"comment_status":"closed","ping_status":"closed","template":"","meta":{"footnotes":""},"class_list":["post-164","page","type-page","status-publish","hentry"],"_links":{"self":[{"href":"https:\/\/jundiai.sp.gov.br\/mobilidade\/wp-json\/wp\/v2\/pages\/164","targetHints":{"allow":["GET"]}}],"collection":[{"href":"https:\/\/jundiai.sp.gov.br\/mobilidade\/wp-json\/wp\/v2\/pages"}],"about":[{"href":"https:\/\/jundiai.sp.gov.br\/mobilidade\/wp-json\/wp\/v2\/types\/page"}],"author":[{"embeddable":true,"href":"https:\/\/jundiai.sp.gov.br\/mobilidade\/wp-json\/wp\/v2\/users\/11"}],"replies":[{"embeddable":true,"href":"https:\/\/jundiai.sp.gov.br\/mobilidade\/wp-json\/wp\/v2\/comments?post=164"}],"version-history":[{"count":5,"href":"https:\/\/jundiai.sp.gov.br\/mobilidade\/wp-json\/wp\/v2\/pages\/164\/revisions"}],"predecessor-version":[{"id":1014,"href":"https:\/\/jundiai.sp.gov.br\/mobilidade\/wp-json\/wp\/v2\/pages\/164\/revisions\/1014"}],"up":[{"embeddable":true,"href":"https:\/\/jundiai.sp.gov.br\/mobilidade\/wp-json\/wp\/v2\/pages\/817"}],"wp:attachment":[{"href":"https:\/\/jundiai.sp.gov.br\/mobilidade\/wp-json\/wp\/v2\/media?parent=164"}],"curies":[{"name":"wp","href":"https:\/\/api.w.org\/{rel}","templated":true}]}}