{"id":167,"date":"2014-09-12T16:40:47","date_gmt":"2014-09-12T19:40:47","guid":{"rendered":"https:\/\/jundiai.sp.gov.br\/mobilidade\/?page_id=167"},"modified":"2025-11-04T08:50:46","modified_gmt":"2025-11-04T11:50:46","slug":"manuais","status":"publish","type":"page","link":"https:\/\/jundiai.sp.gov.br\/mobilidade\/engenharia-de-mobilidade\/manuais\/","title":{"rendered":"Manuais"},"content":{"rendered":"\n<p><strong>Manual de Projetos e Certifica\u00e7\u00e3o de Sinaliza\u00e7\u00e3o Vi\u00e1ria<\/strong><\/p>\n\n\n\n<p><strong> Secretaria de Transportes<\/strong><br>\n<strong> Departamento de Opera\u00e7\u00f5es de Tr\u00e2nsito<\/strong><\/p>\n\n\n\n<p>O Manual de Projetos e Certifica\u00e7\u00e3o de Sinaliza\u00e7\u00e3o Vi\u00e1ria, publicado pelo Departamento de Opera\u00e7\u00f5es de Tr\u00e2nsito, tem por objetivo fornecer o maior n\u00famero de informa\u00e7\u00f5es aos profissionais de engenharia e arquitetura, para que possam elaborar seus projetos e instru\u00ed-los com documentos necess\u00e1rios a aprova\u00e7\u00e3o dos mesmos e a certifica\u00e7\u00e3o da sinaliza\u00e7\u00e3o vi\u00e1ria implantada nas vias de loteamentos e condom\u00ednios horizontais.<\/p>\n\n\n\n<p><strong>Anexos<\/strong><\/p>\n\n\n\n<p><a href=\"https:\/\/jundiai.sp.gov.br\/mobilidade\/wp-content\/uploads\/sites\/19\/2014\/09\/Lei-Complementar-n\u00ba-440-de-12-de-Junho-de-2007-Arquivo-em-PDF.pdf\">Lei Complementar n\u00ba 440 de 12 de Junho de 2007 (Arquivo em PDF)<\/a><\/p>\n\n\n\n<p><a href=\"https:\/\/jundiai.sp.gov.br\/mobilidade\/wp-content\/uploads\/sites\/19\/2014\/09\/Decreto-24.161-de-30-de-novembro-de-2012-Arquivo-em-PDF.pdf\">Decreto 24.161 de 30 de novembro de 2012 (Arquivo em PDF)<\/a><\/p>\n\n\n\n<p><a href=\"https:\/\/jundiai.sp.gov.br\/mobilidade\/wp-content\/uploads\/sites\/19\/2014\/09\/Manual-de-Procedimentos-para-aprova\u00e7\u00e3o-de-Projeto-e-Certifica\u00e7\u00e3o-de-Sinaliza\u00e7\u00e3o-de-Sinaliza\u00e7\u00e3o-Vi\u00e1ria-Manual-Arquivo-em-PDF.pdf\">Manual de Procedimentos para aprova\u00e7\u00e3o de Projeto e Certifica\u00e7\u00e3o de Sinaliza\u00e7\u00e3o de Sinaliza\u00e7\u00e3o Vi\u00e1ria Manual (Arquivo em PDF)<\/a><\/p>\n\n\n\n<p><a href=\"https:\/\/jundiai.sp.gov.br\/mobilidade\/wp-content\/uploads\/sites\/19\/2014\/09\/anexo1-requerimento.doc\">Anexo 1 &#8211; requerimento<\/a><\/p>\n\n\n\n<p><a href=\"https:\/\/jundiai.sp.gov.br\/mobilidade\/wp-content\/uploads\/sites\/19\/2014\/09\/anexo2-declaracao.doc\">Anexo 2 &#8211; declara\u00e7\u00e3o<\/a><\/p>\n\n\n\n<p><a href=\"https:\/\/jundiai.sp.gov.br\/mobilidade\/wp-content\/uploads\/sites\/19\/2025\/11\/anexo_3_projeto_sinalizacao_carimbo.zip\" target=\"_blank\" rel=\"noreferrer noopener\">Anexo 3 \u2013 Carimbo<\/a><\/p>\n\n\n\n<p><a href=\"https:\/\/jundiai.sp.gov.br\/mobilidade\/wp-content\/uploads\/sites\/19\/2014\/09\/anexo4-solicitacao-vistoria.doc\">Anexo 4 &#8211; solicita\u00e7\u00e3o &#8211; vistoria<\/a><\/p>\n\n\n\n<p><a href=\"https:\/\/jundiai.sp.gov.br\/mobilidade\/wp-content\/uploads\/sites\/19\/2014\/09\/anexo5-laudo-vistoria.doc\">Anexo 5 \u2013 Laudo de Vistoria<\/a><\/p>\n\n\n\n<p><a href=\"https:\/\/jundiai.sp.gov.br\/mobilidade\/wp-content\/uploads\/sites\/19\/2014\/09\/anexo6-certidao.doc\">Anexo 6 &#8211; certid\u00e3o<\/a><\/p>\n\n\n\n<p><a href=\"https:\/\/jundiai.sp.gov.br\/mobilidade\/wp-content\/uploads\/sites\/19\/2025\/11\/anexo_7_modelos.zip\" target=\"_blank\" rel=\"noreferrer noopener\">Anexo 7 \u2013 Modelo de projeto, tabelas de quantifica\u00e7\u00f5es e legendas<\/a><\/p>\n","protected":false},"excerpt":{"rendered":"<p>Manual de Projetos e Certifica\u00e7\u00e3o de Sinaliza\u00e7\u00e3o Vi\u00e1ria Secretaria de Transportes Departamento de Opera\u00e7\u00f5es de Tr\u00e2nsito O Manual de Projetos e Certifica\u00e7\u00e3o de Sinaliza\u00e7\u00e3o Vi\u00e1ria, publicado pelo Departamento de Opera\u00e7\u00f5es de Tr\u00e2nsito, tem por objetivo fornecer o maior n\u00famero de informa\u00e7\u00f5es aos profissionais de engenharia e arquitetura, para que possam elaborar seus projetos e instru\u00ed-los [&hellip;]<\/p>\n","protected":false},"author":11,"featured_media":0,"parent":817,"menu_order":0,"comment_status":"closed","ping_status":"closed","template":"","meta":{"footnotes":""},"class_list":["post-167","page","type-page","status-publish","hentry"],"_links":{"self":[{"href":"https:\/\/jundiai.sp.gov.br\/mobilidade\/wp-json\/wp\/v2\/pages\/167","targetHints":{"allow":["GET"]}}],"collection":[{"href":"https:\/\/jundiai.sp.gov.br\/mobilidade\/wp-json\/wp\/v2\/pages"}],"about":[{"href":"https:\/\/jundiai.sp.gov.br\/mobilidade\/wp-json\/wp\/v2\/types\/page"}],"author":[{"embeddable":true,"href":"https:\/\/jundiai.sp.gov.br\/mobilidade\/wp-json\/wp\/v2\/users\/11"}],"replies":[{"embeddable":true,"href":"https:\/\/jundiai.sp.gov.br\/mobilidade\/wp-json\/wp\/v2\/comments?post=167"}],"version-history":[{"count":4,"href":"https:\/\/jundiai.sp.gov.br\/mobilidade\/wp-json\/wp\/v2\/pages\/167\/revisions"}],"predecessor-version":[{"id":1278,"href":"https:\/\/jundiai.sp.gov.br\/mobilidade\/wp-json\/wp\/v2\/pages\/167\/revisions\/1278"}],"up":[{"embeddable":true,"href":"https:\/\/jundiai.sp.gov.br\/mobilidade\/wp-json\/wp\/v2\/pages\/817"}],"wp:attachment":[{"href":"https:\/\/jundiai.sp.gov.br\/mobilidade\/wp-json\/wp\/v2\/media?parent=167"}],"curies":[{"name":"wp","href":"https:\/\/api.w.org\/{rel}","templated":true}]}}