{"id":188,"date":"2014-09-12T16:51:44","date_gmt":"2014-09-12T19:51:44","guid":{"rendered":"https:\/\/jundiai.sp.gov.br\/mobilidade\/?page_id=188"},"modified":"2024-01-24T11:55:02","modified_gmt":"2024-01-24T14:55:02","slug":"escolas","status":"publish","type":"page","link":"https:\/\/jundiai.sp.gov.br\/mobilidade\/transito\/educacao-para-o-transito\/palestras\/escolas\/","title":{"rendered":"Escolas"},"content":{"rendered":"\n<h2 class=\"wp-block-heading\">PALESTRAS PARA ESTUDANTES DO ENSINO INFANTIL E FUNDAMENTAL<\/h2>\n\n\n\n<p>No Brasil, atualmente, a situa\u00e7\u00e3o do tr\u00e2nsito \u00e9 grav\u00edssima, constituindo-se, em grande n\u00famero de cidades, num problema de sa\u00fade p\u00fablica.<\/p>\n\n\n\n<p>O Programa de Humaniza\u00e7\u00e3o do Tr\u00e2nsito pretende, por meio de a\u00e7\u00f5es educativas e sistem\u00e1ticas na escola, promover a cultura de preven\u00e7\u00e3o de acidentes e a ado\u00e7\u00e3o de comportamento seguro no tr\u00e2nsito, buscando a redu\u00e7\u00e3o do n\u00famero morbi-mortalidade de crian\u00e7as e adolescentes.<\/p>\n\n\n\n<p>Para desenvolver este projeto contamos com o apoio da unidade escolar, da comunidade, e de todos que queiram contribuir com esta causa.<br>\nO trabalho \u00e9 realizado por professor, junto ao um Agente de Tr\u00e2nsito e o mascote da Secretaria de Transportes o \u201cFarolito\u201d.<\/p>\n\n\n\n<p><strong>A quem se destina:<\/strong><br>\nAlunos do Ensino Infantil e Ensino Fundamental das redes p\u00fablica e privada.<\/p>\n\n\n\n<p><strong>Disponibilidade de hor\u00e1rios:<\/strong><br>\nDias: de segunda a sexta feira.<br>\nPer\u00edodos: manh\u00e3 e tarde.<br>\nDura\u00e7\u00e3o: 50 minutos.<br>\nHor\u00e1rios: podem ser definidos pela escola.<\/p>\n\n\n\n<p><strong>Objetivo:<\/strong><br>\nConscientizar os alunos sobre a import\u00e2ncia do comportamento prudente no tr\u00e2nsito, estimulando-os a se tornarem agentes conscientes e multiplicadores de atitudes seguras.<\/p>\n\n\n\n<p><strong>Temas desenvolvidos:<\/strong><br>\nOs temas abordados na palestra promovem cen\u00e1rio ideal para incentivar a crian\u00e7a a refletir sobre o tr\u00e2nsito no seu dia-a-dia, a reconhecer perigos e adotar comportamentos defensivos diante deles.<\/p>\n\n\n\n<p>Cidadania no Tr\u00e2nsito<br>\nSeguran\u00e7a do Pedestre<br>\nCinto de Seguran\u00e7a<br>\nSinaliza\u00e7\u00e3o<\/p>\n\n\n\n<p><strong>Locais de realiza\u00e7\u00e3o da palestra:<\/strong><br>\nNas depend\u00eancias da pr\u00f3pria escola.<\/p>\n\n\n\n<p><strong>Responsabilidade da Escola:<\/strong><br>\nPresen\u00e7a de 1 (um) professor por turma.<\/p>\n\n\n\n<p><strong>Custo da Palestra:<\/strong><br>\nGratuita<\/p>\n\n\n\n<p><strong>Palestrante:<\/strong><br>\nProfessor da Divis\u00e3o de Educa\u00e7\u00e3o para o Tr\u00e2nsito.<\/p>\n\n\n\n<p><strong>Agendamento:<\/strong><br> Entrar em contato com a Divis\u00e3o de Educa\u00e7\u00e3o para o Tr\u00e2nsito.<br> Telefone: (11) 4589-8775 ou <a href=\"mailto:jmaia@jundiai.sp.gov.br\" target=\"_blank\" rel=\"noreferrer noopener\">jmaia@jundiai.sp.gov.br<\/a><\/p>\n\n\n\n<h2 class=\"wp-block-heading\">Escolas e Institui\u00e7\u00f5es atendidas:<\/h2>\n\n\n\n<p>EMEB Prof. Carlos Guimar\u00e3es Foot<br>\nEMEB Prof. Oscar Augusto Guelli<br>\nEMEB Prof. Nassib Cury<br>\nFunda\u00e7\u00e3o Cintra Gordinho \u2013 Novo Horizonte<br>\nFunda\u00e7\u00e3o Cintra Gordinho<br>\nDivino Salvador<br>\nLar An\u00e1lia Franco<br>\nCasa do Pequeno Trabalhador<br>\nEMEB Irma Florida Mestag<br>\nEMEB Oscar A. Guelli<br>\nEMEB An\u00e9sio de Oliveira<br>\nEMEB Odila Richter<br>\nEMEB Prof. Luiz Biela de Souza<br>\nEMEB Armanda Santina Polenti<br>\nEMEB Prof. F\u00e1bio Rodrigues Mendes<br>\nEMEB Dep. Ranieri Mazzilli<\/p>\n\n\n\n<h2 class=\"wp-block-heading\"><strong>Fotos<\/strong><\/h2>\n\n\n<div class=\"wp-block-image\">\n<figure class=\"alignleft\"><a href=\"https:\/\/jundiai.sp.gov.br\/mobilidade\/wp-content\/uploads\/sites\/19\/2014\/09\/escola-1.jpg\"><img loading=\"lazy\" decoding=\"async\" width=\"300\" height=\"225\" src=\"https:\/\/jundiai.sp.gov.br\/mobilidade\/wp-content\/uploads\/sites\/19\/2014\/09\/escola-1-300x225.jpg\" alt=\"EMEB Irma Florida Mestag \" class=\"wp-image-299\" srcset=\"https:\/\/jundiai.sp.gov.br\/mobilidade\/wp-content\/uploads\/sites\/19\/2014\/09\/escola-1-300x225.jpg 300w, https:\/\/jundiai.sp.gov.br\/mobilidade\/wp-content\/uploads\/sites\/19\/2014\/09\/escola-1-720x540.jpg 720w, https:\/\/jundiai.sp.gov.br\/mobilidade\/wp-content\/uploads\/sites\/19\/2014\/09\/escola-1.jpg 1280w\" sizes=\"auto, (max-width: 300px) 100vw, 300px\" \/><\/a><figcaption class=\"wp-element-caption\">EMEB Irma Florida Mestag<\/figcaption><\/figure>\n<\/div>\n\n<div class=\"wp-block-image\">\n<figure class=\"alignleft\"><a href=\"https:\/\/jundiai.sp.gov.br\/mobilidade\/wp-content\/uploads\/sites\/19\/2014\/09\/escola-2.jpg\"><img loading=\"lazy\" decoding=\"async\" width=\"300\" height=\"225\" src=\"https:\/\/jundiai.sp.gov.br\/mobilidade\/wp-content\/uploads\/sites\/19\/2014\/09\/escola-2-300x225.jpg\" alt=\"EMEB Prof. An\u00e9sio de Oliveira (Escola dos Sonhos) \" class=\"wp-image-305\" srcset=\"https:\/\/jundiai.sp.gov.br\/mobilidade\/wp-content\/uploads\/sites\/19\/2014\/09\/escola-2-300x225.jpg 300w, https:\/\/jundiai.sp.gov.br\/mobilidade\/wp-content\/uploads\/sites\/19\/2014\/09\/escola-2-720x540.jpg 720w, https:\/\/jundiai.sp.gov.br\/mobilidade\/wp-content\/uploads\/sites\/19\/2014\/09\/escola-2.jpg 1280w\" sizes=\"auto, (max-width: 300px) 100vw, 300px\" \/><\/a><figcaption class=\"wp-element-caption\">EMEB Prof. An\u00e9sio de Oliveira (Escola dos Sonhos)<\/figcaption><\/figure>\n<\/div>\n\n<div class=\"wp-block-image\">\n<figure class=\"alignleft\"><a href=\"https:\/\/jundiai.sp.gov.br\/mobilidade\/wp-content\/uploads\/sites\/19\/2014\/09\/escola-3.jpg\"><img loading=\"lazy\" decoding=\"async\" width=\"300\" height=\"225\" src=\"https:\/\/jundiai.sp.gov.br\/mobilidade\/wp-content\/uploads\/sites\/19\/2014\/09\/escola-3-300x225.jpg\" alt=\"EMEB Oscar A. Guelli\" class=\"wp-image-307\" srcset=\"https:\/\/jundiai.sp.gov.br\/mobilidade\/wp-content\/uploads\/sites\/19\/2014\/09\/escola-3-300x225.jpg 300w, https:\/\/jundiai.sp.gov.br\/mobilidade\/wp-content\/uploads\/sites\/19\/2014\/09\/escola-3-720x540.jpg 720w, https:\/\/jundiai.sp.gov.br\/mobilidade\/wp-content\/uploads\/sites\/19\/2014\/09\/escola-3.jpg 1280w\" sizes=\"auto, (max-width: 300px) 100vw, 300px\" \/><\/a><figcaption class=\"wp-element-caption\">EMEB Oscar A. Guelli<\/figcaption><\/figure>\n<\/div>\n\n<div class=\"wp-block-image\">\n<figure class=\"alignleft\"><a href=\"https:\/\/jundiai.sp.gov.br\/mobilidade\/wp-content\/uploads\/sites\/19\/2014\/09\/escola-4.jpg\"><img loading=\"lazy\" decoding=\"async\" width=\"300\" height=\"225\" src=\"https:\/\/jundiai.sp.gov.br\/mobilidade\/wp-content\/uploads\/sites\/19\/2014\/09\/escola-4-300x225.jpg\" alt=\"EMEB Prof. Fl\u00e1vio R. Mendes\" class=\"wp-image-309\" srcset=\"https:\/\/jundiai.sp.gov.br\/mobilidade\/wp-content\/uploads\/sites\/19\/2014\/09\/escola-4-300x225.jpg 300w, https:\/\/jundiai.sp.gov.br\/mobilidade\/wp-content\/uploads\/sites\/19\/2014\/09\/escola-4-720x540.jpg 720w, https:\/\/jundiai.sp.gov.br\/mobilidade\/wp-content\/uploads\/sites\/19\/2014\/09\/escola-4.jpg 1280w\" sizes=\"auto, (max-width: 300px) 100vw, 300px\" \/><\/a><figcaption class=\"wp-element-caption\">EMEB Prof. Fl\u00e1vio R. Mendes<\/figcaption><\/figure>\n<\/div>\n\n\n<p><strong>Palestras nas escolas<\/strong><\/p>\n\n\n\n<ul class=\"wp-block-list\">\n<li><a href=\"https:\/\/www.flickr.com\/photos\/prefeituradejundiai\/15770311271\/in\/set-72157647114446179\" target=\"_blank\" rel=\"noopener\">A\u00e7\u00e3o na EMEB Angela Rinaldi<\/a><\/li>\n\n\n\n<li><a href=\"https:\/\/www.flickr.com\/photos\/prefeituradejundiai\/15587382030\/in\/set-72157647114446179\" target=\"_blank\" rel=\"noopener\">A\u00e7\u00e3o na EMEB Pedro C. Fornari<\/a><\/li>\n<\/ul>\n","protected":false},"excerpt":{"rendered":"<p>PALESTRAS PARA ESTUDANTES DO ENSINO INFANTIL E FUNDAMENTAL No Brasil, atualmente, a situa\u00e7\u00e3o do tr\u00e2nsito \u00e9 grav\u00edssima, constituindo-se, em grande n\u00famero de cidades, num problema de sa\u00fade p\u00fablica. O Programa de Humaniza\u00e7\u00e3o do Tr\u00e2nsito pretende, por meio de a\u00e7\u00f5es educativas e sistem\u00e1ticas na escola, promover a cultura de preven\u00e7\u00e3o de acidentes e a ado\u00e7\u00e3o de [&hellip;]<\/p>\n","protected":false},"author":11,"featured_media":0,"parent":181,"menu_order":0,"comment_status":"closed","ping_status":"closed","template":"","meta":{"footnotes":""},"class_list":["post-188","page","type-page","status-publish","hentry"],"_links":{"self":[{"href":"https:\/\/jundiai.sp.gov.br\/mobilidade\/wp-json\/wp\/v2\/pages\/188","targetHints":{"allow":["GET"]}}],"collection":[{"href":"https:\/\/jundiai.sp.gov.br\/mobilidade\/wp-json\/wp\/v2\/pages"}],"about":[{"href":"https:\/\/jundiai.sp.gov.br\/mobilidade\/wp-json\/wp\/v2\/types\/page"}],"author":[{"embeddable":true,"href":"https:\/\/jundiai.sp.gov.br\/mobilidade\/wp-json\/wp\/v2\/users\/11"}],"replies":[{"embeddable":true,"href":"https:\/\/jundiai.sp.gov.br\/mobilidade\/wp-json\/wp\/v2\/comments?post=188"}],"version-history":[{"count":19,"href":"https:\/\/jundiai.sp.gov.br\/mobilidade\/wp-json\/wp\/v2\/pages\/188\/revisions"}],"predecessor-version":[{"id":1187,"href":"https:\/\/jundiai.sp.gov.br\/mobilidade\/wp-json\/wp\/v2\/pages\/188\/revisions\/1187"}],"up":[{"embeddable":true,"href":"https:\/\/jundiai.sp.gov.br\/mobilidade\/wp-json\/wp\/v2\/pages\/181"}],"wp:attachment":[{"href":"https:\/\/jundiai.sp.gov.br\/mobilidade\/wp-json\/wp\/v2\/media?parent=188"}],"curies":[{"name":"wp","href":"https:\/\/api.w.org\/{rel}","templated":true}]}}