{"id":193,"date":"2014-09-12T16:54:22","date_gmt":"2014-09-12T19:54:22","guid":{"rendered":"https:\/\/jundiai.sp.gov.br\/mobilidade\/?page_id=193"},"modified":"2024-01-24T11:53:28","modified_gmt":"2024-01-24T14:53:28","slug":"hospitais","status":"publish","type":"page","link":"https:\/\/jundiai.sp.gov.br\/mobilidade\/transito\/educacao-para-o-transito\/palestras\/hospitais\/","title":{"rendered":"Hospitais"},"content":{"rendered":"\n<h2 class=\"wp-block-heading\">PROGRAMA TRANSPORTE SEGURO \u2013 CRIAN\u00c7AS E GESTANTES<\/h2>\n\n\n\n<p>O programa TRANSPORTE SEGURO tem como objetivos principais orientar pais ou respons\u00e1veis quanto \u00e0 seguran\u00e7a no transporte de crian\u00e7as de 0 a 10 anos, cuidados que as gestantes devem ter enquanto condutoras ou passageiras de ve\u00edculos e orienta\u00e7\u00e3o do uso correto do cinto de seguran\u00e7a.<\/p>\n\n\n\n<p>O trabalho \u00e9 realizado nos postos de sa\u00fade do munic\u00edpio, em cursos de gestantes, escolas, empresas e eventos, mediante solicita\u00e7\u00e3o e agendamento.<br>\nA palestra \u00e9 efetuada com o aux\u00edlio de equipamentos para demonstra\u00e7\u00e3o, e s\u00e3o distribu\u00eddos folders informativos.<\/p>\n\n\n\n<p><strong>A quem se destina:<\/strong><br>\nAs gestantes, pais, m\u00e3es e demais respons\u00e1veis que transportam crian\u00e7as de 0 a10 anos.<\/p>\n\n\n\n<p><strong>Disponibilidade de hor\u00e1rios:<\/strong><br>\nDias: de 2\u00aa a 6\u00aa feira.<br>\nPer\u00edodos: manh\u00e3, tarde e noite.<br>\nDura\u00e7\u00e3o: 30 minutos.<br>\nHor\u00e1rios: podem ser definidos pelo solicitante.<\/p>\n\n\n\n<p><strong>Objetivo:<\/strong><br>\nOrientar quanto ao transporte de forma segura para gestantes e crian\u00e7as de 0 a 10 anos, atrav\u00e9s do uso correto dos equipamentos de seguran\u00e7a.<\/p>\n\n\n\n<p><strong>Palestrantes:<\/strong><br>\nA palestra \u00e9 realizada por funcion\u00e1rio da Divis\u00e3o de Educa\u00e7\u00e3o para o Tr\u00e2nsito.<\/p>\n\n\n\n<p><strong>Locais de realiza\u00e7\u00e3o da palestra:<\/strong><br>\nHospitais, UBS e depend\u00eancias das institui\u00e7\u00f5es solicitantes.<\/p>\n\n\n\n<p><strong>Custo da palestra:<\/strong><br>\nGratuita<\/p>\n\n\n\n<p><strong>Agendamento:<\/strong><br> Entrar em contato com a Divis\u00e3o de Educa\u00e7\u00e3o para o Tr\u00e2nsito.\u00a0Telefone: (11) 4589-8775 ou <a href=\"mailto:educacaodetransito@jundiai.sp.gov.br\" target=\"_blank\" rel=\"noopener\">jmaia@jundiai.sp.gov.br<\/a><\/p>\n\n\n\n<p><strong>Atendimento cont\u00ednuo:<\/strong><br>\nCurso de Gestantes &#8211; Hospital HU<br>\nCurso de Gestantes &#8211; Hospital SOBAM<\/p>\n\n\n\n<h2 class=\"wp-block-heading\">Locais atendidos:<\/h2>\n\n\n\n<p>UBS Agapeama<br>\nUSF Vl. Esperan\u00e7a<br>\nUBS Currupira<br>\nUBS Vl. Esperan\u00e7a<br>\nUBS Vl. Aparecida<br>\nEvento Semana do Beb\u00ea<br>\nEventos do \u201cAnima Bairro\u201d<br>\nFunda\u00e7\u00e3o \u201cCintra Gordinho\u201d<br>\nA\u00e7\u00e3o Social<br>\nA\u00e7\u00e3o Global<br>\nApresenta\u00e7\u00e3o PM<\/p>\n","protected":false},"excerpt":{"rendered":"<p>PROGRAMA TRANSPORTE SEGURO \u2013 CRIAN\u00c7AS E GESTANTES O programa TRANSPORTE SEGURO tem como objetivos principais orientar pais ou respons\u00e1veis quanto \u00e0 seguran\u00e7a no transporte de crian\u00e7as de 0 a 10 anos, cuidados que as gestantes devem ter enquanto condutoras ou passageiras de ve\u00edculos e orienta\u00e7\u00e3o do uso correto do cinto de seguran\u00e7a. O trabalho \u00e9 [&hellip;]<\/p>\n","protected":false},"author":11,"featured_media":0,"parent":181,"menu_order":0,"comment_status":"closed","ping_status":"closed","template":"","meta":{"footnotes":""},"class_list":["post-193","page","type-page","status-publish","hentry"],"_links":{"self":[{"href":"https:\/\/jundiai.sp.gov.br\/mobilidade\/wp-json\/wp\/v2\/pages\/193","targetHints":{"allow":["GET"]}}],"collection":[{"href":"https:\/\/jundiai.sp.gov.br\/mobilidade\/wp-json\/wp\/v2\/pages"}],"about":[{"href":"https:\/\/jundiai.sp.gov.br\/mobilidade\/wp-json\/wp\/v2\/types\/page"}],"author":[{"embeddable":true,"href":"https:\/\/jundiai.sp.gov.br\/mobilidade\/wp-json\/wp\/v2\/users\/11"}],"replies":[{"embeddable":true,"href":"https:\/\/jundiai.sp.gov.br\/mobilidade\/wp-json\/wp\/v2\/comments?post=193"}],"version-history":[{"count":2,"href":"https:\/\/jundiai.sp.gov.br\/mobilidade\/wp-json\/wp\/v2\/pages\/193\/revisions"}],"predecessor-version":[{"id":1185,"href":"https:\/\/jundiai.sp.gov.br\/mobilidade\/wp-json\/wp\/v2\/pages\/193\/revisions\/1185"}],"up":[{"embeddable":true,"href":"https:\/\/jundiai.sp.gov.br\/mobilidade\/wp-json\/wp\/v2\/pages\/181"}],"wp:attachment":[{"href":"https:\/\/jundiai.sp.gov.br\/mobilidade\/wp-json\/wp\/v2\/media?parent=193"}],"curies":[{"name":"wp","href":"https:\/\/api.w.org\/{rel}","templated":true}]}}