{"id":226,"date":"2014-09-12T17:06:10","date_gmt":"2014-09-12T20:06:10","guid":{"rendered":"https:\/\/jundiai.sp.gov.br\/mobilidade\/?page_id=226"},"modified":"2022-06-20T11:44:17","modified_gmt":"2022-06-20T14:44:17","slug":"pessoa-com-deficiencia","status":"publish","type":"page","link":"https:\/\/jundiai.sp.gov.br\/mobilidade\/transito\/cartoes-de-estacionamento\/pessoa-com-deficiencia\/","title":{"rendered":"Pessoa com defici\u00eancia"},"content":{"rendered":"<p dir=\"ltr\">Com o objetivo de trazer mais conforto aos motoristas com defici\u00eancia, a Unidade de Gest\u00e3o de Mobilidade e Transporte (UGMT) criou in\u00fameras vagas preferenciais. Esses espa\u00e7os receberam uma pintura especial, para facilitar a identifica\u00e7\u00e3o.<\/p>\n<p dir=\"ltr\">Entretanto, a utiliza\u00e7\u00e3o destas vagas segue uma orienta\u00e7\u00e3o espec\u00edfica: o usu\u00e1rio deve comprovar a defici\u00eancia atrav\u00e9s de atestado m\u00e9dico e exibir em seu ve\u00edculo uma credencial, expedida pela UGMT.<\/p>\n<p dir=\"ltr\">Caso o motorista n\u00e3o tenha necessidade compat\u00edvel ou n\u00e3o possua a credencial, estar\u00e1 em situa\u00e7\u00e3o irregular, caso pare em uma dessas vagas.<\/p>\n<p dir=\"ltr\">A credencial \u00e9 emitida gratuitamente pela UGMT. Esse documento deve ser colocado no painel do ve\u00edculo, em local bem vis\u00edvel.<\/p>\n\n\n<p><strong>Confira os documentos relacionados:<\/strong><\/p>\n\n\n\n<p><a href=\"https:\/\/jundiai.sp.gov.br\/mobilidade\/wp-content\/uploads\/sites\/19\/2022\/06\/requerimento-cartao-pcd-alterado-04-04-22.pdf\">Requerimento de cart\u00e3o CEDs-SMT<\/a><\/p>\n\n\n\n<p><a href=\"https:\/\/jundiai.sp.gov.br\/mobilidade\/wp-content\/uploads\/sites\/19\/2022\/06\/atestado-medico-pcd-alterado-04-04-22.pdf\">Atestado m\u00e9dico<\/a><\/p>\n\n\n\n<p><\/p>\n","protected":false},"excerpt":{"rendered":"<p>Com o objetivo de trazer mais conforto aos motoristas com defici\u00eancia, a Unidade de Gest\u00e3o de Mobilidade e Transporte (UGMT) criou in\u00fameras vagas preferenciais. Esses espa\u00e7os receberam uma pintura especial, para facilitar a identifica\u00e7\u00e3o. Entretanto, a utiliza\u00e7\u00e3o destas vagas segue uma orienta\u00e7\u00e3o espec\u00edfica: o usu\u00e1rio deve comprovar a defici\u00eancia atrav\u00e9s de atestado m\u00e9dico e exibir [&hellip;]<\/p>\n","protected":false},"author":5,"featured_media":0,"parent":143,"menu_order":0,"comment_status":"closed","ping_status":"closed","template":"","meta":{"footnotes":""},"class_list":["post-226","page","type-page","status-publish","hentry"],"_links":{"self":[{"href":"https:\/\/jundiai.sp.gov.br\/mobilidade\/wp-json\/wp\/v2\/pages\/226","targetHints":{"allow":["GET"]}}],"collection":[{"href":"https:\/\/jundiai.sp.gov.br\/mobilidade\/wp-json\/wp\/v2\/pages"}],"about":[{"href":"https:\/\/jundiai.sp.gov.br\/mobilidade\/wp-json\/wp\/v2\/types\/page"}],"author":[{"embeddable":true,"href":"https:\/\/jundiai.sp.gov.br\/mobilidade\/wp-json\/wp\/v2\/users\/5"}],"replies":[{"embeddable":true,"href":"https:\/\/jundiai.sp.gov.br\/mobilidade\/wp-json\/wp\/v2\/comments?post=226"}],"version-history":[{"count":14,"href":"https:\/\/jundiai.sp.gov.br\/mobilidade\/wp-json\/wp\/v2\/pages\/226\/revisions"}],"predecessor-version":[{"id":998,"href":"https:\/\/jundiai.sp.gov.br\/mobilidade\/wp-json\/wp\/v2\/pages\/226\/revisions\/998"}],"up":[{"embeddable":true,"href":"https:\/\/jundiai.sp.gov.br\/mobilidade\/wp-json\/wp\/v2\/pages\/143"}],"wp:attachment":[{"href":"https:\/\/jundiai.sp.gov.br\/mobilidade\/wp-json\/wp\/v2\/media?parent=226"}],"curies":[{"name":"wp","href":"https:\/\/api.w.org\/{rel}","templated":true}]}}