{"id":23,"date":"2014-09-03T14:18:37","date_gmt":"2014-09-03T17:18:37","guid":{"rendered":"https:\/\/jundiai.sp.gov.br\/mobilidade\/?page_id=23"},"modified":"2025-07-17T11:23:26","modified_gmt":"2025-07-17T14:23:26","slug":"transporte-coletivo","status":"publish","type":"page","link":"https:\/\/jundiai.sp.gov.br\/mobilidade\/indicadores-e-informacoes\/transporte-coletivo\/","title":{"rendered":"Transporte Coletivo"},"content":{"rendered":"<h3><strong>Dados sobre o Transporte Coletivo em Jundia\u00ed<\/strong><\/h3>\n<p style=\"font-weight: 400;\"><strong>Empresa Concession\u00e1ria:<\/strong><br \/>\nAUTO \u00d4NIBUS TR\u00caS IRM\u00c3OS LTDA<\/p>\n<p style=\"font-weight: 400;\"><strong>Tarifas P\u00fablicas 2025:<\/strong><\/p>\n<ul style=\"font-weight: 400;\">\n<li><strong>R$ 6,15<\/strong>\u00a0\u2013 para pagamento em dinheiro, cart\u00e3o de cr\u00e9dito ou d\u00e9bito no acesso ao Terminal, ou por meio do\u00a0<strong>Cart\u00e3o Bilhete \u00danico \u2013 Vale Transporte<\/strong>;<\/li>\n<li><strong>R$ 5,60<\/strong>\u00a0\u2013 para utiliza\u00e7\u00e3o do\u00a0<strong>Cart\u00e3o Bilhete \u00danico \u2013 Comum<\/strong>;<\/li>\n<li><strong>R$ 2,80<\/strong>\u00a0\u2013 para utiliza\u00e7\u00e3o do\u00a0<strong>Cart\u00e3o Bilhete \u00danico \u2013 Escolar<\/strong>;<\/li>\n<li><strong>R$ 1,00<\/strong>\u00a0\u2013 aos domingos em que vigora a\u00a0<strong>Tarifa Social<\/strong>\u00a0(primeiro e terceiro domingos de cada m\u00eas), v\u00e1lida para todos os tipos de pagamento,\u00a0<strong>exceto na modalidade Vale Transporte<\/strong>.<\/li>\n<\/ul>\n<p style=\"font-weight: 400;\">Nos domingos com Tarifa Social, permanecem v\u00e1lidas as gratuidades previstas na legisla\u00e7\u00e3o vigente, assim como as normas de utiliza\u00e7\u00e3o do Bilhete \u00danico, conforme disposto na\u00a0<strong>Lei Municipal n\u00ba 8.256, de 16 de julho de 2014<\/strong>.<\/p>\n<p style=\"font-weight: 400;\">Demais informa\u00e7\u00f5es pertinentes sobre o novo contrato emergencial podem ser consultadas no\u00a0<strong>processo SEI n\u00ba 18777\/2025<\/strong>.<\/p>\n","protected":false},"excerpt":{"rendered":"<p>Dados sobre o Transporte Coletivo em Jundia\u00ed Empresa Concession\u00e1ria: AUTO \u00d4NIBUS TR\u00caS IRM\u00c3OS LTDA Tarifas P\u00fablicas 2025: R$ 6,15\u00a0\u2013 para pagamento em dinheiro, cart\u00e3o de cr\u00e9dito ou d\u00e9bito no acesso ao Terminal, ou por meio do\u00a0Cart\u00e3o Bilhete \u00danico \u2013 Vale Transporte; R$ 5,60\u00a0\u2013 para utiliza\u00e7\u00e3o do\u00a0Cart\u00e3o Bilhete \u00danico \u2013 Comum; R$ 2,80\u00a0\u2013 para utiliza\u00e7\u00e3o do\u00a0Cart\u00e3o [&hellip;]<\/p>\n","protected":false},"author":5,"featured_media":0,"parent":852,"menu_order":0,"comment_status":"closed","ping_status":"closed","template":"","meta":{"footnotes":""},"class_list":["post-23","page","type-page","status-publish","hentry"],"_links":{"self":[{"href":"https:\/\/jundiai.sp.gov.br\/mobilidade\/wp-json\/wp\/v2\/pages\/23","targetHints":{"allow":["GET"]}}],"collection":[{"href":"https:\/\/jundiai.sp.gov.br\/mobilidade\/wp-json\/wp\/v2\/pages"}],"about":[{"href":"https:\/\/jundiai.sp.gov.br\/mobilidade\/wp-json\/wp\/v2\/types\/page"}],"author":[{"embeddable":true,"href":"https:\/\/jundiai.sp.gov.br\/mobilidade\/wp-json\/wp\/v2\/users\/5"}],"replies":[{"embeddable":true,"href":"https:\/\/jundiai.sp.gov.br\/mobilidade\/wp-json\/wp\/v2\/comments?post=23"}],"version-history":[{"count":11,"href":"https:\/\/jundiai.sp.gov.br\/mobilidade\/wp-json\/wp\/v2\/pages\/23\/revisions"}],"predecessor-version":[{"id":1254,"href":"https:\/\/jundiai.sp.gov.br\/mobilidade\/wp-json\/wp\/v2\/pages\/23\/revisions\/1254"}],"up":[{"embeddable":true,"href":"https:\/\/jundiai.sp.gov.br\/mobilidade\/wp-json\/wp\/v2\/pages\/852"}],"wp:attachment":[{"href":"https:\/\/jundiai.sp.gov.br\/mobilidade\/wp-json\/wp\/v2\/media?parent=23"}],"curies":[{"name":"wp","href":"https:\/\/api.w.org\/{rel}","templated":true}]}}