{"id":230,"date":"2014-09-12T17:11:00","date_gmt":"2014-09-12T20:11:00","guid":{"rendered":"https:\/\/jundiai.sp.gov.br\/mobilidade\/?page_id=230"},"modified":"2020-10-13T07:59:55","modified_gmt":"2020-10-13T10:59:55","slug":"cartao-de-estacionamento-para-pessoa-idosa","status":"publish","type":"page","link":"https:\/\/jundiai.sp.gov.br\/mobilidade\/transito\/cartoes-de-estacionamento\/cartao-de-estacionamento-para-pessoa-idosa\/","title":{"rendered":"Cart\u00e3o de Estacionamento para Pessoa Idosa"},"content":{"rendered":"<p><a href=\"https:\/\/jundiai.sp.gov.br\/mobilidade\/wp-content\/uploads\/sites\/19\/2014\/09\/vagas_idoso_paco.jpg\"><img loading=\"lazy\" decoding=\"async\" class=\"alignright size-full wp-image-231\" src=\"https:\/\/jundiai.sp.gov.br\/mobilidade\/wp-content\/uploads\/sites\/19\/2014\/09\/vagas_idoso_paco.jpg\" alt=\"vagas_idoso_paco\" width=\"300\" height=\"244\" \/><\/a>Com o objetivo de trazer mais conforto aos motoristas com mais de 60 anos, a Unidade de Gest\u00e3o de Mobilidade e Transporte (UGMT) criou in\u00fameras vagas preferenciais. Esses espa\u00e7os receberam uma pintura especial, para facilitar a identifica\u00e7\u00e3o.<\/p>\n<p>Entretanto, a utiliza\u00e7\u00e3o destas vagas segue uma orienta\u00e7\u00e3o espec\u00edfica: o usu\u00e1rio tem de ter mais de 60 anos e exibir em seu ve\u00edculo uma credencial, expedida pela UGMT. Caso o motorista n\u00e3o tenha idade compat\u00edvel ou n\u00e3o possua a credencial, estar\u00e1 em situa\u00e7\u00e3o irregular, ao parar em uma dessas vagas.<\/p>\n<p>A credencial \u00e9 emitida gratuitamente pela UGMT. Esse documento deve ser colocado no painel do ve\u00edculo, em local bem vis\u00edvel.<\/p>\n<p><strong>Confira os documentos relacionados:<\/strong><\/p>\n<p><a href=\"https:\/\/jundiai.sp.gov.br\/mobilidade\/wp-content\/uploads\/sites\/19\/2020\/03\/cartao-idoso-2020-2.pdf\">Requerimento do Cart\u00e3o CEIs &#8211; SMT<\/a><\/p>\n<p><a href=\"https:\/\/jundiai.sp.gov.br\/mobilidade\/wp-content\/uploads\/sites\/19\/2014\/09\/decreto_idoso.pdf\">Decreto n\u00ba 21.243 &#8211; 06\/06\/2008<\/a><\/p>\n<p><a href=\"https:\/\/jundiai.sp.gov.br\/mobilidade\/wp-content\/uploads\/sites\/19\/2014\/09\/Localiza\u00e7\u00e3o-das-Vagas-de-Idoso.pdf\">Localiza\u00e7\u00e3o das Vagas Reservadas para Pessoa\u00a0Idosa<\/a><\/p>\n<p><a href=\"https:\/\/jundiai.sp.gov.br\/mobilidade\/wp-content\/uploads\/sites\/19\/2014\/09\/Mapa-de-localiza\u00e7\u00e3o-das-Vagas-de-Idoso.pdf\">Mapa de localiza\u00e7\u00e3o das Vagas Reservadas para a Pessoa\u00a0Idosa<\/a><\/p>\n","protected":false},"excerpt":{"rendered":"<p>Com o objetivo de trazer mais conforto aos motoristas com mais de 60 anos, a Unidade de Gest\u00e3o de Mobilidade e Transporte (UGMT) criou in\u00fameras vagas preferenciais. Esses espa\u00e7os receberam uma pintura especial, para facilitar a identifica\u00e7\u00e3o. Entretanto, a utiliza\u00e7\u00e3o destas vagas segue uma orienta\u00e7\u00e3o espec\u00edfica: o usu\u00e1rio tem de ter mais de 60 anos [&hellip;]<\/p>\n","protected":false},"author":5,"featured_media":0,"parent":143,"menu_order":0,"comment_status":"closed","ping_status":"closed","template":"","meta":{"footnotes":""},"class_list":["post-230","page","type-page","status-publish","hentry"],"_links":{"self":[{"href":"https:\/\/jundiai.sp.gov.br\/mobilidade\/wp-json\/wp\/v2\/pages\/230","targetHints":{"allow":["GET"]}}],"collection":[{"href":"https:\/\/jundiai.sp.gov.br\/mobilidade\/wp-json\/wp\/v2\/pages"}],"about":[{"href":"https:\/\/jundiai.sp.gov.br\/mobilidade\/wp-json\/wp\/v2\/types\/page"}],"author":[{"embeddable":true,"href":"https:\/\/jundiai.sp.gov.br\/mobilidade\/wp-json\/wp\/v2\/users\/5"}],"replies":[{"embeddable":true,"href":"https:\/\/jundiai.sp.gov.br\/mobilidade\/wp-json\/wp\/v2\/comments?post=230"}],"version-history":[{"count":26,"href":"https:\/\/jundiai.sp.gov.br\/mobilidade\/wp-json\/wp\/v2\/pages\/230\/revisions"}],"predecessor-version":[{"id":692,"href":"https:\/\/jundiai.sp.gov.br\/mobilidade\/wp-json\/wp\/v2\/pages\/230\/revisions\/692"}],"up":[{"embeddable":true,"href":"https:\/\/jundiai.sp.gov.br\/mobilidade\/wp-json\/wp\/v2\/pages\/143"}],"wp:attachment":[{"href":"https:\/\/jundiai.sp.gov.br\/mobilidade\/wp-json\/wp\/v2\/media?parent=230"}],"curies":[{"name":"wp","href":"https:\/\/api.w.org\/{rel}","templated":true}]}}