{"id":27,"date":"2014-09-03T14:19:07","date_gmt":"2014-09-03T17:19:07","guid":{"rendered":"https:\/\/jundiai.sp.gov.br\/mobilidade\/?page_id=27"},"modified":"2021-07-12T15:23:03","modified_gmt":"2021-07-12T18:23:03","slug":"bilhete-unico","status":"publish","type":"page","link":"https:\/\/jundiai.sp.gov.br\/mobilidade\/transportes\/bilhete-unico\/","title":{"rendered":"Bilhete \u00danico"},"content":{"rendered":"<h3>Atendimento ao Usu\u00e1rio do Bilhete \u00danico<\/h3>\n<p>Local: TransUrb &#8211; Rua Cel. Leme da Fonseca, s\/n\u00ba, ao lado do Terminal Central<\/p>\n<p>Telefone: (11) 4586-7022<\/p>\n<p>Horario: De segunda a sexta-feira, das 8h \u00e0s 17h.<\/p>\n<p>Informa\u00e7\u00f5es sobre os Cart\u00f5es dispon\u00edveis (<a href=\"http:\/\/www.bucartaosim.com.br\/cartao.html\">clique aqui<\/a>)<\/p>\n<p><\/p>\n<h3>BILHETE \u00daNICO ESPECIAL&nbsp;<\/h3>\n<p>Informa\u00e7\u00f5es sobre documentos necess\u00e1rios <a href=\"https:\/\/jundiai.sp.gov.br\/mobilidade\/bilhete-unico-especial\/\">(clique aqui)<\/a><\/p>\n\n\n<p><\/p>\n","protected":false},"excerpt":{"rendered":"<p>Atendimento ao Usu\u00e1rio do Bilhete \u00danico Local: TransUrb &#8211; Rua Cel. Leme da Fonseca, s\/n\u00ba, ao lado do Terminal Central Telefone: (11) 4586-7022 Horario: De segunda a sexta-feira, das 8h \u00e0s 17h. Informa\u00e7\u00f5es sobre os Cart\u00f5es dispon\u00edveis (clique aqui) BILHETE \u00daNICO ESPECIAL&nbsp; Informa\u00e7\u00f5es sobre documentos necess\u00e1rios (clique aqui)<\/p>\n","protected":false},"author":5,"featured_media":0,"parent":820,"menu_order":0,"comment_status":"closed","ping_status":"closed","template":"page-subpaginas.php","meta":{"footnotes":""},"class_list":["post-27","page","type-page","status-publish","hentry"],"_links":{"self":[{"href":"https:\/\/jundiai.sp.gov.br\/mobilidade\/wp-json\/wp\/v2\/pages\/27","targetHints":{"allow":["GET"]}}],"collection":[{"href":"https:\/\/jundiai.sp.gov.br\/mobilidade\/wp-json\/wp\/v2\/pages"}],"about":[{"href":"https:\/\/jundiai.sp.gov.br\/mobilidade\/wp-json\/wp\/v2\/types\/page"}],"author":[{"embeddable":true,"href":"https:\/\/jundiai.sp.gov.br\/mobilidade\/wp-json\/wp\/v2\/users\/5"}],"replies":[{"embeddable":true,"href":"https:\/\/jundiai.sp.gov.br\/mobilidade\/wp-json\/wp\/v2\/comments?post=27"}],"version-history":[{"count":10,"href":"https:\/\/jundiai.sp.gov.br\/mobilidade\/wp-json\/wp\/v2\/pages\/27\/revisions"}],"predecessor-version":[{"id":828,"href":"https:\/\/jundiai.sp.gov.br\/mobilidade\/wp-json\/wp\/v2\/pages\/27\/revisions\/828"}],"up":[{"embeddable":true,"href":"https:\/\/jundiai.sp.gov.br\/mobilidade\/wp-json\/wp\/v2\/pages\/820"}],"wp:attachment":[{"href":"https:\/\/jundiai.sp.gov.br\/mobilidade\/wp-json\/wp\/v2\/media?parent=27"}],"curies":[{"name":"wp","href":"https:\/\/api.w.org\/{rel}","templated":true}]}}