{"id":29,"date":"2014-09-03T14:19:22","date_gmt":"2014-09-03T17:19:22","guid":{"rendered":"https:\/\/jundiai.sp.gov.br\/mobilidade\/?page_id=29"},"modified":"2024-07-22T10:41:09","modified_gmt":"2024-07-22T13:41:09","slug":"pontos-e-paradas","status":"publish","type":"page","link":"https:\/\/jundiai.sp.gov.br\/mobilidade\/transportes\/pontos-e-paradas\/","title":{"rendered":"Pontos e Paradas"},"content":{"rendered":"\n<p>A se\u00e7\u00e3o dos pontos e paradas tem por finalidade realizar estudos, projetos e supervisionar a implanta\u00e7\u00e3o, retirada ou altera\u00e7\u00e3o das \u00e1reas destinadas ao embarque e desembarque de passageiros do sistema de transporte p\u00fablico municipal, tendo como base o C\u00f3digo de Tr\u00e2nsito Brasileiro (CTB).&nbsp;<\/p>\n\n\n\n<p>Para atender a demanda existente ou a cria\u00e7\u00e3o de novas \u00e1reas de parada (Pontos de Parada de \u00d4nibus &#8211; PPO) a equipe t\u00e9cnica ser\u00e1 deslocada at\u00e9 o local para an\u00e1lise de necessidade e viabilidade do atendimento.<\/p>\n\n\n\n<p>Preferencialmente s\u00e3o determinados locais com ilumina\u00e7\u00e3o p\u00fablica, distantes de boca de lobo, bueiro, hidrante, guia rebaixada ou acesso de ve\u00edculos, aus\u00eancia de curvas ou interfer\u00eancias visuais que impossibilitem ou prejudiquem a visualiza\u00e7\u00e3o do \u00f4nibus quando parado e que proporcionam seguran\u00e7a para todos. Ainda s\u00e3o crit\u00e9rios de avalia\u00e7\u00e3o a exist\u00eancia de passeio (preferencialmente pavimentado) e aus\u00eancia de guias rebaixadas para acesso de ve\u00edculos, entre outros.<\/p>\n\n\n\n<p>Para solicitar a implanta\u00e7\u00e3o, altera\u00e7\u00e3o ou a manuten\u00e7\u00e3o da sinaliza\u00e7\u00e3o ou dos abrigos nos locais de parada de \u00f4nibus acesse os links abaixo:<\/p>\n\n\n\n<div class=\"wp-block-file\"><a id=\"wp-block-file--media-7708f278-43cb-410e-9da6-316f7f845cd6\" href=\"https:\/\/jundiai.sp.gov.br\/mobilidade\/wp-content\/uploads\/sites\/19\/2024\/07\/formulario-1-_implanta__o.pdf\" target=\"_blank\" rel=\"noreferrer noopener\">Cria\u00e7\u00e3o de novo PPO<\/a><a href=\"https:\/\/jundiai.sp.gov.br\/mobilidade\/wp-content\/uploads\/sites\/19\/2024\/07\/formulario-1-_implanta__o.pdf\" class=\"wp-block-file__button wp-element-button\" download aria-describedby=\"wp-block-file--media-7708f278-43cb-410e-9da6-316f7f845cd6\">Baixar<\/a><\/div>\n\n\n\n<div class=\"wp-block-file\"><a id=\"wp-block-file--media-846bdb18-943d-4487-9b74-9fa202306792\" href=\"https:\/\/jundiai.sp.gov.br\/mobilidade\/wp-content\/uploads\/sites\/19\/2024\/07\/formulario-2-_-altera__o.pdf\" target=\"_blank\" rel=\"noreferrer noopener\">Altera\u00e7\u00e3o de local existente de PPO<\/a><a href=\"https:\/\/jundiai.sp.gov.br\/mobilidade\/wp-content\/uploads\/sites\/19\/2024\/07\/formulario-2-_-altera__o.pdf\" class=\"wp-block-file__button wp-element-button\" download aria-describedby=\"wp-block-file--media-846bdb18-943d-4487-9b74-9fa202306792\">Baixar<\/a><\/div>\n\n\n\n<p><a rel=\"noreferrer noopener\" href=\"https:\/\/156cijun.custhelp.com\/\" target=\"_blank\">Implanta\u00e7\u00e3o de abrigo (somente em caso de PPO existente)<\/a><\/p>\n\n\n\n<p><a rel=\"noreferrer noopener\" href=\"https:\/\/156cijun.custhelp.com\/\" target=\"_blank\">Manuten\u00e7\u00e3o da sinaliza\u00e7\u00e3o ou abrigo de PPO existente<\/a><\/p>\n\n\n\n<div class=\"wp-block-file\"><a id=\"wp-block-file--media-5412027a-9fdb-45d9-9300-e89303fea570\" href=\"https:\/\/jundiai.sp.gov.br\/mobilidade\/wp-content\/uploads\/sites\/19\/2024\/07\/formulario-3-_-remo__o.pdf\" target=\"_blank\" rel=\"noreferrer noopener\">Remo\u00e7\u00e3o do abrigo existente<\/a><a href=\"https:\/\/jundiai.sp.gov.br\/mobilidade\/wp-content\/uploads\/sites\/19\/2024\/07\/formulario-3-_-remo__o.pdf\" class=\"wp-block-file__button wp-element-button\" download aria-describedby=\"wp-block-file--media-5412027a-9fdb-45d9-9300-e89303fea570\">Baixar<\/a><\/div>\n\n\n\n<p><a rel=\"noreferrer noopener\" href=\"https:\/\/156cijun.custhelp.com\/\" target=\"_blank\">Cal\u00e7ada, lixeira, ilumina\u00e7\u00e3o, corte de mato ou poda de \u00e1rvore<\/a><\/p>\n\n\n\n<div style=\"height:100px\" aria-hidden=\"true\" class=\"wp-block-spacer\"><\/div>\n\n\n\n<p><strong>Mapa dos pontos de \u00f4nibus<\/strong><\/p>\n\n\n\n<iframe loading=\"lazy\" src=\"https:\/\/www.google.com\/maps\/d\/embed?mid=1vGwnvezu9JfpcndpMEcFKPLsz-gp8qc&#038;hl=pt-BR&#038;ehbc=2E312F\" width=\"100%\" height=\"480\"><\/iframe>\n","protected":false},"excerpt":{"rendered":"<p>A se\u00e7\u00e3o dos pontos e paradas tem por finalidade realizar estudos, projetos e supervisionar a implanta\u00e7\u00e3o, retirada ou altera\u00e7\u00e3o das \u00e1reas destinadas ao embarque e desembarque de passageiros do sistema de transporte p\u00fablico municipal, tendo como base o C\u00f3digo de Tr\u00e2nsito Brasileiro (CTB).&nbsp; Para atender a demanda existente ou a cria\u00e7\u00e3o de novas \u00e1reas de [&hellip;]<\/p>\n","protected":false},"author":5,"featured_media":0,"parent":820,"menu_order":0,"comment_status":"closed","ping_status":"closed","template":"page-subpaginas.php","meta":{"footnotes":""},"class_list":["post-29","page","type-page","status-publish","hentry"],"_links":{"self":[{"href":"https:\/\/jundiai.sp.gov.br\/mobilidade\/wp-json\/wp\/v2\/pages\/29","targetHints":{"allow":["GET"]}}],"collection":[{"href":"https:\/\/jundiai.sp.gov.br\/mobilidade\/wp-json\/wp\/v2\/pages"}],"about":[{"href":"https:\/\/jundiai.sp.gov.br\/mobilidade\/wp-json\/wp\/v2\/types\/page"}],"author":[{"embeddable":true,"href":"https:\/\/jundiai.sp.gov.br\/mobilidade\/wp-json\/wp\/v2\/users\/5"}],"replies":[{"embeddable":true,"href":"https:\/\/jundiai.sp.gov.br\/mobilidade\/wp-json\/wp\/v2\/comments?post=29"}],"version-history":[{"count":7,"href":"https:\/\/jundiai.sp.gov.br\/mobilidade\/wp-json\/wp\/v2\/pages\/29\/revisions"}],"predecessor-version":[{"id":1208,"href":"https:\/\/jundiai.sp.gov.br\/mobilidade\/wp-json\/wp\/v2\/pages\/29\/revisions\/1208"}],"up":[{"embeddable":true,"href":"https:\/\/jundiai.sp.gov.br\/mobilidade\/wp-json\/wp\/v2\/pages\/820"}],"wp:attachment":[{"href":"https:\/\/jundiai.sp.gov.br\/mobilidade\/wp-json\/wp\/v2\/media?parent=29"}],"curies":[{"name":"wp","href":"https:\/\/api.w.org\/{rel}","templated":true}]}}