{"id":31,"date":"2014-09-03T14:19:39","date_gmt":"2014-09-03T17:19:39","guid":{"rendered":"https:\/\/jundiai.sp.gov.br\/mobilidade\/?page_id=31"},"modified":"2023-09-22T09:44:53","modified_gmt":"2023-09-22T12:44:53","slug":"educacao-para-o-transito","status":"publish","type":"page","link":"https:\/\/jundiai.sp.gov.br\/mobilidade\/transito\/educacao-para-o-transito\/","title":{"rendered":"Educa\u00e7\u00e3o para o Tr\u00e2nsito"},"content":{"rendered":"","protected":false},"excerpt":{"rendered":"","protected":false},"author":5,"featured_media":0,"parent":25,"menu_order":0,"comment_status":"closed","ping_status":"closed","template":"page-subpaginas.php","meta":{"footnotes":""},"class_list":["post-31","page","type-page","status-publish","hentry"],"_links":{"self":[{"href":"https:\/\/jundiai.sp.gov.br\/mobilidade\/wp-json\/wp\/v2\/pages\/31","targetHints":{"allow":["GET"]}}],"collection":[{"href":"https:\/\/jundiai.sp.gov.br\/mobilidade\/wp-json\/wp\/v2\/pages"}],"about":[{"href":"https:\/\/jundiai.sp.gov.br\/mobilidade\/wp-json\/wp\/v2\/types\/page"}],"author":[{"embeddable":true,"href":"https:\/\/jundiai.sp.gov.br\/mobilidade\/wp-json\/wp\/v2\/users\/5"}],"replies":[{"embeddable":true,"href":"https:\/\/jundiai.sp.gov.br\/mobilidade\/wp-json\/wp\/v2\/comments?post=31"}],"version-history":[{"count":3,"href":"https:\/\/jundiai.sp.gov.br\/mobilidade\/wp-json\/wp\/v2\/pages\/31\/revisions"}],"predecessor-version":[{"id":1114,"href":"https:\/\/jundiai.sp.gov.br\/mobilidade\/wp-json\/wp\/v2\/pages\/31\/revisions\/1114"}],"up":[{"embeddable":true,"href":"https:\/\/jundiai.sp.gov.br\/mobilidade\/wp-json\/wp\/v2\/pages\/25"}],"wp:attachment":[{"href":"https:\/\/jundiai.sp.gov.br\/mobilidade\/wp-json\/wp\/v2\/media?parent=31"}],"curies":[{"name":"wp","href":"https:\/\/api.w.org\/{rel}","templated":true}]}}