{"id":393,"date":"2017-04-20T13:53:03","date_gmt":"2017-04-20T16:53:03","guid":{"rendered":"https:\/\/jundiai.sp.gov.br\/mobilidade\/?page_id=393"},"modified":"2025-11-24T10:35:07","modified_gmt":"2025-11-24T13:35:07","slug":"organograma","status":"publish","type":"page","link":"https:\/\/jundiai.sp.gov.br\/mobilidade\/organograma\/","title":{"rendered":"Organograma"},"content":{"rendered":"\n<h2 class=\"wp-block-heading\">Estrutura da Secretaria<\/h2>\n\n\n\n<p><strong>Secret\u00e1ria:<\/strong> Ana Paula de Almeida<\/p>\n\n\n\n<hr class=\"wp-block-separator has-alpha-channel-opacity\"\/>\n\n\n\n<p><strong>Departamento de Planejamento, Gest\u00e3o e Finan\u00e7as<\/strong><br>Diretor: Diego Henrique Jardim Gomes <br>Telefone: (11) 4589-8709<\/p>\n\n\n\n<p><strong>Departamento de Engenharia de Mobilidade<\/strong><br>Diretor: Ana Paula Silva de Almeida <br>Telefone: (11) 4589-8759<\/p>\n\n\n\n<p><strong>Departamento de Transporte P\u00fablico<\/strong><br>Diretor: Bruno S\u00e9rgio Taveira Palhari <br>Telefone: (11) 4589-8762<\/p>\n\n\n\n<p><strong>Departamento de Tr\u00e2nsito<\/strong><br>Diretor: Marcelo Moralles Roveri <br>Telefone: (11) 4589-6988<\/p>\n","protected":false},"excerpt":{"rendered":"<p>Estrutura da Secretaria Secret\u00e1ria: Ana Paula de Almeida Departamento de Planejamento, Gest\u00e3o e Finan\u00e7asDiretor: Diego Henrique Jardim Gomes Telefone: (11) 4589-8709 Departamento de Engenharia de MobilidadeDiretor: Ana Paula Silva de Almeida Telefone: (11) 4589-8759 Departamento de Transporte P\u00fablicoDiretor: Bruno S\u00e9rgio Taveira Palhari Telefone: (11) 4589-8762 Departamento de Tr\u00e2nsitoDiretor: Marcelo Moralles Roveri Telefone: (11) 4589-6988<\/p>\n","protected":false},"author":14,"featured_media":0,"parent":0,"menu_order":0,"comment_status":"closed","ping_status":"closed","template":"","meta":{"footnotes":""},"class_list":["post-393","page","type-page","status-publish","hentry"],"_links":{"self":[{"href":"https:\/\/jundiai.sp.gov.br\/mobilidade\/wp-json\/wp\/v2\/pages\/393","targetHints":{"allow":["GET"]}}],"collection":[{"href":"https:\/\/jundiai.sp.gov.br\/mobilidade\/wp-json\/wp\/v2\/pages"}],"about":[{"href":"https:\/\/jundiai.sp.gov.br\/mobilidade\/wp-json\/wp\/v2\/types\/page"}],"author":[{"embeddable":true,"href":"https:\/\/jundiai.sp.gov.br\/mobilidade\/wp-json\/wp\/v2\/users\/14"}],"replies":[{"embeddable":true,"href":"https:\/\/jundiai.sp.gov.br\/mobilidade\/wp-json\/wp\/v2\/comments?post=393"}],"version-history":[{"count":17,"href":"https:\/\/jundiai.sp.gov.br\/mobilidade\/wp-json\/wp\/v2\/pages\/393\/revisions"}],"predecessor-version":[{"id":1284,"href":"https:\/\/jundiai.sp.gov.br\/mobilidade\/wp-json\/wp\/v2\/pages\/393\/revisions\/1284"}],"wp:attachment":[{"href":"https:\/\/jundiai.sp.gov.br\/mobilidade\/wp-json\/wp\/v2\/media?parent=393"}],"curies":[{"name":"wp","href":"https:\/\/api.w.org\/{rel}","templated":true}]}}