{"id":428,"date":"2017-07-06T16:38:32","date_gmt":"2017-07-06T19:38:32","guid":{"rendered":"https:\/\/jundiai.sp.gov.br\/mobilidade\/?page_id=428"},"modified":"2023-09-04T09:08:09","modified_gmt":"2023-09-04T12:08:09","slug":"rodoviaria","status":"publish","type":"page","link":"https:\/\/jundiai.sp.gov.br\/mobilidade\/transportes\/rodoviaria\/","title":{"rendered":"Rodovi\u00e1ria"},"content":{"rendered":"<p style=\"font-weight: 400;\">O Terminal Rodovi\u00e1rio Intermunicipal de Jundia\u00ed \u201cJos\u00e9 Alves\u201d \u00e9 operado pela Socicam desde 2010 e disp\u00f5e de uma arquitetura moderna. Com 4,5 mil m\u00b2 de \u00e1rea constru\u00edda em um espa\u00e7o total de 29,8 mil m\u00b2, o empreendimento tamb\u00e9m conta com \u00e1rea verde de mais de 25,3 mil m\u00b2 distribu\u00edda por toda sua extens\u00e3o. A opera\u00e7\u00e3o dos \u00f4nibus \u00e9 realizada em 14 plataformas de embarque e de desembarque, por onde passam 4 mil passageiros diariamente. O terminal est\u00e1 localizado estrategicamente pr\u00f3ximo \u00e0 Rodovia Anhanguera e oferece viagens para 280 cidades das cinco regi\u00f5es brasileiras.<\/p>\n<p style=\"font-weight: 400;\"><strong>Endere\u00e7o:<\/strong>\u00a0Avenida Nove de Julho, 4000 \u2013 Jardim Anhanguera<br \/>\n<strong>Telefone:<\/strong>\u00a0(11) 4523-4242<br \/>\n<strong>Atendimento:<\/strong>\u00a0de segunda a sexta-feira, das 08h \u00e0s 18h<br \/>\n<strong>Central de Informa\u00e7\u00f5es e Guarda Volumes:<\/strong>\u00a0Atendimento 24 horas<\/p>\n<p><a href=\"https:\/\/jundiai.sp.gov.br\/mobilidade\/wp-content\/uploads\/sites\/19\/2023\/09\/contatos-das-empresas-2023_09_01-2.pdf\" target=\"_blank\" rel=\"noopener\">Confira o hor\u00e1rio de funcionamento dos guich\u00eas<\/a><\/p>\n<p style=\"font-weight: 400;\"><strong>Estacionamento Privado:\u00a0<\/strong>vagas para ve\u00edculos e motos.<\/p>\n<p><strong>Ponto de Parada de T\u00e1xi:<\/strong>\u00a017 vagas.<\/p>\n<p style=\"font-weight: 400;\"><strong>Ponto de \u00d4nibus Urbano:\u00a0<\/strong>Realizam passagens pelo local as linhas\u00a0<strong>721<\/strong>\u00a0\u2013 Terminal Vila Arens &#8211; Terminal Central &#8211; via Jardim Bonfiglioli;\u00a0<strong>738<\/strong>\u00a0&#8211; Terminal Central &#8211; Jardim Santa Gertrudes &#8211; via Terminal Rami;\u00a0<strong>760<\/strong>\u00a0&#8211; Terminal Cecap \u2013 Rodovi\u00e1ria e\u00a0<strong>968<\/strong>\u00a0\u2013 Terminal Cecap &#8211; Terminal Rami.<\/p>\n<p style=\"font-weight: 400;\"><strong>Reclama\u00e7\u00f5es e Sugest\u00f5es:<\/strong>\u00a0Ligue 156.<\/p>\n<p style=\"font-weight: 400;\"><strong>\u00a0<\/strong><\/p>\n<p style=\"font-weight: 400;\"><strong>Data de atualiza\u00e7\u00e3o das informa\u00e7\u00f5es:<\/strong>\u00a001\/09\/2023<\/p>\n","protected":false},"excerpt":{"rendered":"<p>O Terminal Rodovi\u00e1rio Intermunicipal de Jundia\u00ed \u201cJos\u00e9 Alves\u201d \u00e9 operado pela Socicam desde 2010 e disp\u00f5e de uma arquitetura moderna. Com 4,5 mil m\u00b2 de \u00e1rea constru\u00edda em um espa\u00e7o total de 29,8 mil m\u00b2, o empreendimento tamb\u00e9m conta com \u00e1rea verde de mais de 25,3 mil m\u00b2 distribu\u00edda por toda sua extens\u00e3o. A opera\u00e7\u00e3o [&hellip;]<\/p>\n","protected":false},"author":30,"featured_media":0,"parent":820,"menu_order":0,"comment_status":"closed","ping_status":"closed","template":"","meta":{"footnotes":""},"class_list":["post-428","page","type-page","status-publish","hentry"],"_links":{"self":[{"href":"https:\/\/jundiai.sp.gov.br\/mobilidade\/wp-json\/wp\/v2\/pages\/428","targetHints":{"allow":["GET"]}}],"collection":[{"href":"https:\/\/jundiai.sp.gov.br\/mobilidade\/wp-json\/wp\/v2\/pages"}],"about":[{"href":"https:\/\/jundiai.sp.gov.br\/mobilidade\/wp-json\/wp\/v2\/types\/page"}],"author":[{"embeddable":true,"href":"https:\/\/jundiai.sp.gov.br\/mobilidade\/wp-json\/wp\/v2\/users\/30"}],"replies":[{"embeddable":true,"href":"https:\/\/jundiai.sp.gov.br\/mobilidade\/wp-json\/wp\/v2\/comments?post=428"}],"version-history":[{"count":11,"href":"https:\/\/jundiai.sp.gov.br\/mobilidade\/wp-json\/wp\/v2\/pages\/428\/revisions"}],"predecessor-version":[{"id":1102,"href":"https:\/\/jundiai.sp.gov.br\/mobilidade\/wp-json\/wp\/v2\/pages\/428\/revisions\/1102"}],"up":[{"embeddable":true,"href":"https:\/\/jundiai.sp.gov.br\/mobilidade\/wp-json\/wp\/v2\/pages\/820"}],"wp:attachment":[{"href":"https:\/\/jundiai.sp.gov.br\/mobilidade\/wp-json\/wp\/v2\/media?parent=428"}],"curies":[{"name":"wp","href":"https:\/\/api.w.org\/{rel}","templated":true}]}}