{"id":497,"date":"2018-10-30T16:59:14","date_gmt":"2018-10-30T19:59:14","guid":{"rendered":"https:\/\/jundiai.sp.gov.br\/mobilidade\/?page_id=497"},"modified":"2024-02-28T15:21:29","modified_gmt":"2024-02-28T18:21:29","slug":"taxi","status":"publish","type":"page","link":"https:\/\/jundiai.sp.gov.br\/mobilidade\/transportes\/taxi\/","title":{"rendered":"T\u00e1xi"},"content":{"rendered":"\n<p>Informa\u00e7\u00f5es ao mun\u00edcipe<\/p>\n\n\n\n<p><strong>O que \u00e9 o t\u00e1xi?<\/strong><\/p>\n\n\n\n<p>Um&nbsp;t\u00e1xi&nbsp;\u00e9 um&nbsp;<a href=\"https:\/\/pt.wikipedia.org\/wiki\/Autom%C3%B3vel\">autom\u00f3vel<\/a>&nbsp;destinado ao transporte de passageiros e provido de um tax\u00edmetro.&nbsp;\u00c9 um modo de transporte com caracter\u00edsticas entre os ve\u00edculos privados e os&nbsp;<a href=\"https:\/\/pt.wikipedia.org\/wiki\/%C3%94nibus\">\u00f4nibus<\/a>&nbsp;urbanos, sem uma rota regular e cont\u00ednua.<\/p>\n\n\n\n<p>Em Jundia\u00ed \u00e9 realizado por pessoa f\u00edsica ou jur\u00eddica a quem \u00e9 outorgada autoriza\u00e7\u00e3o para transporte de pessoas com tarifa pr\u00e9-fixada pelo Poder P\u00fablico Municipal.<\/p>\n\n\n\n<p>O servi\u00e7o de t\u00e1xi de no munic\u00edpio de Jundia\u00ed \u00e9 regulado pela Lei n\u00b0 9.222 de 14 de junho de 2019.<\/p>\n\n\n\n<p>Para mais informa\u00e7\u00f5es orientamos procurar preferencialmente o atendimento atrav\u00e9s dos telefones 4589-8777\/4589-8778 das 9h \u00e0s 17h ou pelo e-mail&nbsp;<a href=\"mailto:scomplementares@jundiai.sp.gov.br\" target=\"_blank\" rel=\"noreferrer noopener\"><strong>scomplementares@jundiai.sp.gov.br<\/strong><\/a>.<\/p>\n\n\n\n<figure class=\"wp-block-table\"><table><tbody><tr><td>Bandeira Inicial <\/td><td>R$ 5,50<\/td><\/tr><tr><td>Tarifa Quilom\u00e9trica (Bandeira I)<\/td><td>R$ 4,20<\/td><\/tr><tr><td>Tarifa Quilom\u00e9trica (Bandeira II)<\/td><td>R$ 5,04<\/td><\/tr><tr><td>Tarifa hor\u00e1ria<\/td><td>R$ 40,00<\/td><\/tr><\/tbody><\/table><\/figure>\n\n\n\n<p>Informa\u00e7\u00f5es aos Autorizat\u00e1rios e Condutores<\/p>\n\n\n\n<p>Os valores de expedi\u00e7\u00e3o para o ano de 2023.<\/p>\n\n\n\n<figure class=\"wp-block-table\"><table><tbody><tr><td>Item<\/td><td>Valor<\/td><\/tr><tr><td>Certid\u00e3o de isen\u00e7\u00e3o ICMS<\/td><td>R$ 20,00<\/td><\/tr><tr><td>Certid\u00e3o de isen\u00e7\u00e3o de IPI<\/td><td>R$ 20,00<\/td><\/tr><\/tbody><\/table><\/figure>\n","protected":false},"excerpt":{"rendered":"<p>Informa\u00e7\u00f5es ao mun\u00edcipe O que \u00e9 o t\u00e1xi? Um&nbsp;t\u00e1xi&nbsp;\u00e9 um&nbsp;autom\u00f3vel&nbsp;destinado ao transporte de passageiros e provido de um tax\u00edmetro.&nbsp;\u00c9 um modo de transporte com caracter\u00edsticas entre os ve\u00edculos privados e os&nbsp;\u00f4nibus&nbsp;urbanos, sem uma rota regular e cont\u00ednua. Em Jundia\u00ed \u00e9 realizado por pessoa f\u00edsica ou jur\u00eddica a quem \u00e9 outorgada autoriza\u00e7\u00e3o para transporte de pessoas [&hellip;]<\/p>\n","protected":false},"author":37,"featured_media":0,"parent":820,"menu_order":0,"comment_status":"closed","ping_status":"closed","template":"page-subpaginas.php","meta":{"footnotes":""},"class_list":["post-497","page","type-page","status-publish","hentry"],"_links":{"self":[{"href":"https:\/\/jundiai.sp.gov.br\/mobilidade\/wp-json\/wp\/v2\/pages\/497","targetHints":{"allow":["GET"]}}],"collection":[{"href":"https:\/\/jundiai.sp.gov.br\/mobilidade\/wp-json\/wp\/v2\/pages"}],"about":[{"href":"https:\/\/jundiai.sp.gov.br\/mobilidade\/wp-json\/wp\/v2\/types\/page"}],"author":[{"embeddable":true,"href":"https:\/\/jundiai.sp.gov.br\/mobilidade\/wp-json\/wp\/v2\/users\/37"}],"replies":[{"embeddable":true,"href":"https:\/\/jundiai.sp.gov.br\/mobilidade\/wp-json\/wp\/v2\/comments?post=497"}],"version-history":[{"count":10,"href":"https:\/\/jundiai.sp.gov.br\/mobilidade\/wp-json\/wp\/v2\/pages\/497\/revisions"}],"predecessor-version":[{"id":1192,"href":"https:\/\/jundiai.sp.gov.br\/mobilidade\/wp-json\/wp\/v2\/pages\/497\/revisions\/1192"}],"up":[{"embeddable":true,"href":"https:\/\/jundiai.sp.gov.br\/mobilidade\/wp-json\/wp\/v2\/pages\/820"}],"wp:attachment":[{"href":"https:\/\/jundiai.sp.gov.br\/mobilidade\/wp-json\/wp\/v2\/media?parent=497"}],"curies":[{"name":"wp","href":"https:\/\/api.w.org\/{rel}","templated":true}]}}